{"id":9157,"date":"2024-09-26T14:31:25","date_gmt":"2024-09-26T12:31:25","guid":{"rendered":"https:\/\/rolland-sprinklers.com\/IRRIGATION\/?post_type=product&#038;p=9157"},"modified":"2025-04-03T13:45:42","modified_gmt":"2025-04-03T11:45:42","slug":"notice-reglage-pour-arroseur-11s-17s-21s-31s","status":"publish","type":"product","link":"https:\/\/www.rolland-sprinklers.com\/IRRIGATION\/en\/product\/notice-reglage-pour-arroseur-11s-17s-21s-31s\/","title":{"rendered":"Notice r\u00e9glage pour arroseur 11S 17S 21S 31S"},"content":{"rendered":"<p><strong>Une installation optimale pour des performances maximales.<\/strong><\/p>\n<p>Assurez-vous que vos arroseurs fonctionnent \u00e0 leur plein potentiel en suivant rigoureusement nos recommandations d\u2019installation. Un non-respect des consignes<br \/>\npeut entra\u00eener des dysfonctionnements, compromettant l&rsquo;efficacit\u00e9 de votre syst\u00e8me. Si vous avez le moindre doute, notre \u00e9quipe se tient \u00e0 votre disposition pour vous guider.<\/p>\n<p style=\"text-align: left;\"><img data-recalc-dims=\"1\" decoding=\"async\" class=\"alignnone wp-image-4393\" src=\"https:\/\/i0.wp.com\/www.rolland-sprinklers.com\/IRRIGATION\/wp-content\/uploads\/2022\/03\/Telechargement-Notice-de-montage.png?resize=204%2C44&#038;ssl=1\" alt=\"\" width=\"204\" height=\"44\" srcset=\"https:\/\/i0.wp.com\/www.rolland-sprinklers.com\/IRRIGATION\/wp-content\/uploads\/2022\/03\/Telechargement-Notice-de-montage.png?resize=300%2C65&amp;ssl=1 300w, https:\/\/i0.wp.com\/www.rolland-sprinklers.com\/IRRIGATION\/wp-content\/uploads\/2022\/03\/Telechargement-Notice-de-montage.png?resize=18%2C4&amp;ssl=1 18w, https:\/\/i0.wp.com\/www.rolland-sprinklers.com\/IRRIGATION\/wp-content\/uploads\/2022\/03\/Telechargement-Notice-de-montage.png?w=366&amp;ssl=1 366w\" sizes=\"(max-width: 204px) 100vw, 204px\" \/><a href=\"https:\/\/www.rolland-sprinklers.com\/IRRIGATION\/wp-content\/uploads\/2024\/09\/Notice-Reglage-secteur-11S-17S-21S-31S.pdf\" target=\"_blank\" rel=\"noopener\">Notice r\u00e9glage arroseur<\/a><\/p>\n<p>&nbsp;<\/p>","protected":false},"excerpt":{"rendered":"<p>Une installation optimale pour des performances maximales. Assurez-vous que vos arroseurs fonctionnent \u00e0 leur plein potentiel en suivant rigoureusement nos recommandations d\u2019installation. Un non-respect des consignes peut entra\u00eener des dysfonctionnements, compromettant l&rsquo;efficacit\u00e9 de votre syst\u00e8me. Si vous avez le moindre doute, notre \u00e9quipe se tient \u00e0 votre disposition pour vous guider. Notice r\u00e9glage arroseur &nbsp;<\/p>","protected":false},"featured_media":9156,"template":"","meta":[],"product_brand":[],"product_cat":[400],"product_tag":[],"class_list":{"0":"post-9157","1":"product","2":"type-product","3":"status-publish","4":"has-post-thumbnail","6":"product_cat-guide-et-notice","8":"first","9":"outofstock","10":"taxable","11":"shipping-taxable","12":"purchasable","13":"product-type-simple"},"jetpack_sharing_enabled":true,"_links":{"self":[{"href":"https:\/\/www.rolland-sprinklers.com\/IRRIGATION\/en\/wp-json\/wp\/v2\/product\/9157","targetHints":{"allow":["GET"]}}],"collection":[{"href":"https:\/\/www.rolland-sprinklers.com\/IRRIGATION\/en\/wp-json\/wp\/v2\/product"}],"about":[{"href":"https:\/\/www.rolland-sprinklers.com\/IRRIGATION\/en\/wp-json\/wp\/v2\/types\/product"}],"version-history":[{"count":1,"href":"https:\/\/www.rolland-sprinklers.com\/IRRIGATION\/en\/wp-json\/wp\/v2\/product\/9157\/revisions"}],"predecessor-version":[{"id":9158,"href":"https:\/\/www.rolland-sprinklers.com\/IRRIGATION\/en\/wp-json\/wp\/v2\/product\/9157\/revisions\/9158"}],"wp:featuredmedia":[{"embeddable":true,"href":"https:\/\/www.rolland-sprinklers.com\/IRRIGATION\/en\/wp-json\/wp\/v2\/media\/9156"}],"wp:attachment":[{"href":"https:\/\/www.rolland-sprinklers.com\/IRRIGATION\/en\/wp-json\/wp\/v2\/media?parent=9157"}],"wp:term":[{"taxonomy":"product_brand","embeddable":true,"href":"https:\/\/www.rolland-sprinklers.com\/IRRIGATION\/en\/wp-json\/wp\/v2\/product_brand?post=9157"},{"taxonomy":"product_cat","embeddable":true,"href":"https:\/\/www.rolland-sprinklers.com\/IRRIGATION\/en\/wp-json\/wp\/v2\/product_cat?post=9157"},{"taxonomy":"product_tag","embeddable":true,"href":"https:\/\/www.rolland-sprinklers.com\/IRRIGATION\/en\/wp-json\/wp\/v2\/product_tag?post=9157"}],"curies":[{"name":"wp","href":"https:\/\/api.w.org\/{rel}","templated":true}]}}