{"id":913,"date":"2008-11-21T14:22:38","date_gmt":"2008-11-21T14:22:38","guid":{"rendered":"http:\/\/testrolland.justecordes.fr\/?product=rotojet-3c"},"modified":"2025-04-03T13:43:13","modified_gmt":"2025-04-03T11:43:13","slug":"rotojet-3c","status":"publish","type":"product","link":"https:\/\/www.rolland-sprinklers.com\/IRRIGATION\/en\/product\/rotojet-3c\/","title":{"rendered":"Rotojet 3C"},"content":{"rendered":"<p>Le Rotojet 3C est utilis\u00e9 pour les serres de 6 \u00e0 9 m\u00e8tres lorsque les plantes requi\u00e8rent des gouttes d&rsquo;eau fines et une bonne r\u00e9partition de la pluviom\u00e9trie. Il est \u00e9quip\u00e9 de la buse de votre choix.<\/p>\n<p>Features and specifications :<\/p>\n<p>*Port\u00e9e de 3.5 \u00e0 5 m. D\u00e9bit de 30 \u00e0 250 l\/h, Pression de service de 1 \u00e0 3 bars.<br \/>\n*Mod\u00e8les disponibles : 3C (cannel\u00e9), 3C5 (filet\u00e9 5)<br \/>\n*3C can be fitted on our special TG3 riser.<\/p>\n<p><a href=\"https:\/\/www.rolland-sprinklers.com\/IRRIGATION\/wp-content\/uploads\/2024\/07\/p41-Rotojet-FR-1.pdf\" target=\"_blank\" rel=\"noopener\"><img data-recalc-dims=\"1\" decoding=\"async\" class=\"alignnone wp-image-4392\" src=\"https:\/\/i0.wp.com\/www.rolland-sprinklers.com\/IRRIGATION\/wp-content\/uploads\/2022\/03\/Telechargement-fiche-technique.png?resize=203%2C44&#038;ssl=1\" alt=\"\" width=\"203\" height=\"44\" srcset=\"https:\/\/i0.wp.com\/www.rolland-sprinklers.com\/IRRIGATION\/wp-content\/uploads\/2022\/03\/Telechargement-fiche-technique.png?resize=300%2C66&amp;ssl=1 300w, https:\/\/i0.wp.com\/www.rolland-sprinklers.com\/IRRIGATION\/wp-content\/uploads\/2022\/03\/Telechargement-fiche-technique.png?resize=18%2C4&amp;ssl=1 18w, https:\/\/i0.wp.com\/www.rolland-sprinklers.com\/IRRIGATION\/wp-content\/uploads\/2022\/03\/Telechargement-fiche-technique.png?w=366&amp;ssl=1 366w\" sizes=\"(max-width: 203px) 100vw, 203px\" \/><\/a><a href=\"http:\/\/www.rolland-sprinklers.com\/Fichiers\/Irrigation\/rotojet.pdf\" target=\"blank&quot;\" rel=\"noopener\">Datasheet 3C<\/a><\/p>","protected":false},"excerpt":{"rendered":"<p>Le Rotojet 3C est utilis\u00e9 pour les serres de 6 \u00e0 9 m\u00e8tres lorsque les plantes requi\u00e8rent des gouttes d&rsquo;eau fines et une bonne r\u00e9partition de la pluviom\u00e9trie. Il est \u00e9quip\u00e9 de la buse de votre choix. Caract\u00e9ristiques techniques : *Port\u00e9e de 3.5 \u00e0 5 m. D\u00e9bit de 30 \u00e0 250 l\/h, Pression de service [&hellip;]<\/p>","protected":false},"featured_media":914,"template":"","meta":[],"product_brand":[],"product_cat":[157],"product_tag":[],"class_list":{"0":"post-913","1":"product","2":"type-product","3":"status-publish","4":"has-post-thumbnail","6":"product_cat-micro-aspersion-goutteur","7":"pa_1-choix-de-buse-motrice-317-o1-verte","8":"pa_1-choix-de-buse-motrice-317-o12-marron","9":"pa_1-choix-de-buse-motrice-317-o15-rouge","10":"pa_1-choix-de-buse-motrice-317-o17-orange","11":"pa_1-choix-de-buse-motrice-317-o2-jaune","12":"pa_1-choix-de-buse-motrice-317-o22-noire","13":"pa_1-choix-de-buse-motrice-317-o24-blanche","15":"first","16":"instock","17":"taxable","18":"shipping-taxable","19":"purchasable","20":"product-type-variable"},"jetpack_sharing_enabled":true,"_links":{"self":[{"href":"https:\/\/www.rolland-sprinklers.com\/IRRIGATION\/en\/wp-json\/wp\/v2\/product\/913","targetHints":{"allow":["GET"]}}],"collection":[{"href":"https:\/\/www.rolland-sprinklers.com\/IRRIGATION\/en\/wp-json\/wp\/v2\/product"}],"about":[{"href":"https:\/\/www.rolland-sprinklers.com\/IRRIGATION\/en\/wp-json\/wp\/v2\/types\/product"}],"version-history":[{"count":3,"href":"https:\/\/www.rolland-sprinklers.com\/IRRIGATION\/en\/wp-json\/wp\/v2\/product\/913\/revisions"}],"predecessor-version":[{"id":8849,"href":"https:\/\/www.rolland-sprinklers.com\/IRRIGATION\/en\/wp-json\/wp\/v2\/product\/913\/revisions\/8849"}],"wp:featuredmedia":[{"embeddable":true,"href":"https:\/\/www.rolland-sprinklers.com\/IRRIGATION\/en\/wp-json\/wp\/v2\/media\/914"}],"wp:attachment":[{"href":"https:\/\/www.rolland-sprinklers.com\/IRRIGATION\/en\/wp-json\/wp\/v2\/media?parent=913"}],"wp:term":[{"taxonomy":"product_brand","embeddable":true,"href":"https:\/\/www.rolland-sprinklers.com\/IRRIGATION\/en\/wp-json\/wp\/v2\/product_brand?post=913"},{"taxonomy":"product_cat","embeddable":true,"href":"https:\/\/www.rolland-sprinklers.com\/IRRIGATION\/en\/wp-json\/wp\/v2\/product_cat?post=913"},{"taxonomy":"product_tag","embeddable":true,"href":"https:\/\/www.rolland-sprinklers.com\/IRRIGATION\/en\/wp-json\/wp\/v2\/product_tag?post=913"}],"curies":[{"name":"wp","href":"https:\/\/api.w.org\/{rel}","templated":true}]}}