{"id":861,"date":"2008-11-19T15:20:29","date_gmt":"2008-11-19T15:20:29","guid":{"rendered":"http:\/\/testrolland.justecordes.fr\/?product=collier-de-serrage-o25"},"modified":"2025-04-03T13:43:05","modified_gmt":"2025-04-03T11:43:05","slug":"collier-de-serrage-o25","status":"publish","type":"product","link":"https:\/\/www.rolland-sprinklers.com\/IRRIGATION\/en\/product\/collier-de-serrage-o25\/","title":{"rendered":"Collier de serrage \u00d825"},"content":{"rendered":"<p>\n\t<br \/>\n\t<span id=\"texte_description_fiche_produit\" style=\"display:block;text-align:left;\"><span id=\"texte_description_fiche_produit\" style=\"display: block; text-align: left;\">Les colliers de serrages en acier zingu\u00e9 permettent d'obtenir un couple de serrage important.\nIls sont tr\u00e8s r\u00e9sistants \u00e0 la corrosion et existent en plusieurs tailles.\n\u00d8 collier de serrage = \u00d8 exterieur du tuyau \u00e0 sertir + 1mm\n\n(Colliers de serrage \u00d85-7 pour fixation tube souple micro Rolland Ref.TSMA \u00d84-6)\n\n\n\nMONTAGE DU COLLIER DE SERRAGE :\n\n Introduire le tuyau entre le collier et la pi\u00e8ce \u00e0 sertir ( raccords cannel\u00e9s plastiques, aciers...).\n Serrer progressivement les oreilles du collier, en 4 op\u00e9rations successives, \u00e0 l\u2019aide d'une pince tenaille<br \/>\n\tIls sont tr&egrave;s r&eacute;sistants &agrave; la corrosion et existent en plusieurs tailles.<\/span><\/span><span id=\"texte_description_fiche_produit\" style=\"display:block;text-align:left;\"><span id=\"texte_description_fiche_produit\" style=\"display: block; text-align: left;\">&Oslash; collier de serrage = &Oslash; exterieur du tuyau &agrave; sertir + 1mm<\/span><\/span><\/p>\n<p>\n\t<span style=\"display:block;text-align:left;\"><span style=\"display: block; text-align: left;\">( Collier de serrage &Oslash;25 utilisable pour fixation tuyau souple (Tricoflex) diam&egrave;tre int&eacute;rieur 19mm)<\/span><\/span><\/p>\n<p>\n\t&nbsp;<\/p>\n<p>\n\t<span id=\"texte_description_fiche_produit\" style=\"display:block;text-align:left;\"><span id=\"texte_description_fiche_produit\" style=\"display: block; text-align: left;\"><span style=\"font-weight: bold;\">MONTAGE DU COLLIER DE SERRAGE :<\/span><\/p>\n<p>\t&nbsp;Introduire le tuyau entre le collier et la pi&egrave;ce &agrave; sertir ( raccords cannel&eacute;s plastiques, aciers&#8230;).<br \/>\n\t&nbsp;Serrer progressivement les oreilles du collier, en 4 op&eacute;rations successives, &agrave; l&rsquo;aide d&#39;une pince tenaille.<\/span><\/span><\/p>","protected":false},"excerpt":{"rendered":"<p>Les colliers de serrages en acier zingu&eacute; permettent d&#39;obtenir un couple de serrage important. Ils sont tr&egrave;s r&eacute;sistants &agrave; la corrosion et existent en plusieurs tailles.&Oslash; collier de serrage = &Oslash; exterieur du tuyau &agrave; sertir + 1mm ( Collier de serrage &Oslash;25 utilisable pour fixation tuyau souple (Tricoflex) diam&egrave;tre int&eacute;rieur 19mm) &nbsp; MONTAGE DU [&hellip;]<\/p>","protected":false},"featured_media":862,"template":"","meta":[],"product_brand":[],"product_cat":[172],"product_tag":[],"class_list":{"0":"post-861","1":"product","2":"type-product","3":"status-publish","4":"has-post-thumbnail","6":"product_cat-colliers-de-serrage","8":"first","9":"instock","10":"taxable","11":"shipping-taxable","12":"purchasable","13":"product-type-simple"},"jetpack_sharing_enabled":true,"_links":{"self":[{"href":"https:\/\/www.rolland-sprinklers.com\/IRRIGATION\/en\/wp-json\/wp\/v2\/product\/861","targetHints":{"allow":["GET"]}}],"collection":[{"href":"https:\/\/www.rolland-sprinklers.com\/IRRIGATION\/en\/wp-json\/wp\/v2\/product"}],"about":[{"href":"https:\/\/www.rolland-sprinklers.com\/IRRIGATION\/en\/wp-json\/wp\/v2\/types\/product"}],"version-history":[{"count":0,"href":"https:\/\/www.rolland-sprinklers.com\/IRRIGATION\/en\/wp-json\/wp\/v2\/product\/861\/revisions"}],"wp:featuredmedia":[{"embeddable":true,"href":"https:\/\/www.rolland-sprinklers.com\/IRRIGATION\/en\/wp-json\/wp\/v2\/media\/862"}],"wp:attachment":[{"href":"https:\/\/www.rolland-sprinklers.com\/IRRIGATION\/en\/wp-json\/wp\/v2\/media?parent=861"}],"wp:term":[{"taxonomy":"product_brand","embeddable":true,"href":"https:\/\/www.rolland-sprinklers.com\/IRRIGATION\/en\/wp-json\/wp\/v2\/product_brand?post=861"},{"taxonomy":"product_cat","embeddable":true,"href":"https:\/\/www.rolland-sprinklers.com\/IRRIGATION\/en\/wp-json\/wp\/v2\/product_cat?post=861"},{"taxonomy":"product_tag","embeddable":true,"href":"https:\/\/www.rolland-sprinklers.com\/IRRIGATION\/en\/wp-json\/wp\/v2\/product_tag?post=861"}],"curies":[{"name":"wp","href":"https:\/\/api.w.org\/{rel}","templated":true}]}}