{"id":812,"date":"2008-11-19T10:11:51","date_gmt":"2008-11-19T10:11:51","guid":{"rendered":"http:\/\/testrolland.justecordes.fr\/?product=arroseur-escamotable-e11-circulaire"},"modified":"2025-07-01T13:27:20","modified_gmt":"2025-07-01T11:27:20","slug":"arroseur-escamotable-e11-circulaire","status":"publish","type":"product","link":"https:\/\/www.rolland-sprinklers.com\/IRRIGATION\/en\/product\/arroseur-escamotable-e11-circulaire\/","title":{"rendered":"E11 Serie pop up full circle sprinkler"},"content":{"rendered":"<p>Les arroseurs escamotables de la s\u00e9rie E11 sont \u00e0 s\u00e9lectionner pour les jardins priv\u00e9s, les parcs publics ou pour toutes les moyennes surfaces.<br \/>\nLe carter en ABS, le couvercle en acier trait\u00e9, rev\u00eatu de plastique souple, lui procure une bonne robustesse.<br \/>\nLa maintenance des appareils est facile \u00e0 r\u00e9aliser, l&rsquo;arroseur pouvant \u00eatre d\u00e9mont\u00e9 totalement.<\/p>\n<p><strong>Utilisations :<\/strong><\/p>\n<ul>\n<li>Parcs et jardins<\/li>\n<li>Golf<\/li>\n<li>Hypodrome<\/li>\n<li>Terrains de sports<\/li>\n<\/ul>\n<p><strong>Features and specifications :<\/strong><\/p>\n<ul>\n<li>D\u00e9bit de 0.9 \u00e0 1.5 m3\/h<\/li>\n<li>Port\u00e9e de 11 \u00e0 13 m<\/li>\n<li>Pression de service de 2 \u00e0 4 bars<\/li>\n<li>Raccordement 1&Prime; femelle<\/li>\n<li>Angle du jet 30\u00b0<\/li>\n<li>Arroseur laiton<\/li>\n<\/ul>\n<p><img data-recalc-dims=\"1\" decoding=\"async\" class=\"alignnone wp-image-4392\" src=\"https:\/\/i0.wp.com\/www.rolland-sprinklers.com\/IRRIGATION\/wp-content\/uploads\/2022\/03\/Telechargement-fiche-technique.png?resize=205%2C45&#038;ssl=1\" alt=\"\" width=\"205\" height=\"45\" srcset=\"https:\/\/i0.wp.com\/www.rolland-sprinklers.com\/IRRIGATION\/wp-content\/uploads\/2022\/03\/Telechargement-fiche-technique.png?resize=300%2C66&amp;ssl=1 300w, https:\/\/i0.wp.com\/www.rolland-sprinklers.com\/IRRIGATION\/wp-content\/uploads\/2022\/03\/Telechargement-fiche-technique.png?resize=18%2C4&amp;ssl=1 18w, https:\/\/i0.wp.com\/www.rolland-sprinklers.com\/IRRIGATION\/wp-content\/uploads\/2022\/03\/Telechargement-fiche-technique.png?w=366&amp;ssl=1 366w\" sizes=\"(max-width: 205px) 100vw, 205px\" \/> <a href=\"https:\/\/www.rolland-sprinklers.com\/IRRIGATION\/wp-content\/uploads\/2024\/07\/p37-E11-V2-FR.pdf\" target=\"_blank\" rel=\"noopener\">Data sheet E11\/E11S<\/a><br \/>\n<img data-recalc-dims=\"1\" decoding=\"async\" class=\"alignnone wp-image-4396\" src=\"https:\/\/i0.wp.com\/www.rolland-sprinklers.com\/IRRIGATION\/wp-content\/uploads\/2022\/03\/Telechargement-Vue-Eclate-300x65.png?resize=203%2C44&#038;ssl=1\" alt=\"\" width=\"203\" height=\"44\" srcset=\"https:\/\/i0.wp.com\/www.rolland-sprinklers.com\/IRRIGATION\/wp-content\/uploads\/2022\/03\/Telechargement-Vue-Eclate.png?resize=300%2C65&amp;ssl=1 300w, https:\/\/i0.wp.com\/www.rolland-sprinklers.com\/IRRIGATION\/wp-content\/uploads\/2022\/03\/Telechargement-Vue-Eclate.png?resize=18%2C4&amp;ssl=1 18w, https:\/\/i0.wp.com\/www.rolland-sprinklers.com\/IRRIGATION\/wp-content\/uploads\/2022\/03\/Telechargement-Vue-Eclate.png?w=366&amp;ssl=1 366w\" sizes=\"(max-width: 203px) 100vw, 203px\" \/> <a href=\"https:\/\/www.rolland-sprinklers.com\/IRRIGATION\/wp-content\/uploads\/2025\/07\/Arroseur-E11C.pdf\" target=\"_blank\" rel=\"noopener\">Vue \u00e9clat\u00e9e E11<\/a><\/p>","protected":false},"excerpt":{"rendered":"<p>Les arroseurs escamotables de la s\u00e9rie E11 sont \u00e0 s\u00e9lectionner pour les jardins priv\u00e9s, les parcs publics ou pour toutes les moyennes surfaces. Le carter en ABS, le couvercle en acier trait\u00e9, rev\u00eatu de plastique souple, lui procure une bonne robustesse. La maintenance des appareils est facile \u00e0 r\u00e9aliser, l&rsquo;arroseur pouvant \u00eatre d\u00e9mont\u00e9 totalement. Utilisations [&hellip;]<\/p>","protected":false},"featured_media":813,"template":"","meta":[],"product_brand":[],"product_cat":[159],"product_tag":[],"class_list":{"0":"post-812","1":"product","2":"type-product","3":"status-publish","4":"has-post-thumbnail","6":"product_cat-escamotables","7":"pa_1-choix-de-buse-motrice-1117-o4","8":"pa_1-choix-de-buse-motrice-1117-o45","9":"pa_1-choix-de-buse-motrice-1117-o5","10":"pa_2-choix-de-buse-arriere-bouchon-1119","11":"pa_2-choix-de-buse-arriere-buse-arriere-1143-o2","12":"pa_2-choix-de-buse-arriere-buse-arriere-1143-o25","14":"first","15":"instock","16":"taxable","17":"shipping-taxable","18":"purchasable","19":"product-type-variable","20":"has-default-attributes"},"jetpack_sharing_enabled":true,"_links":{"self":[{"href":"https:\/\/www.rolland-sprinklers.com\/IRRIGATION\/en\/wp-json\/wp\/v2\/product\/812","targetHints":{"allow":["GET"]}}],"collection":[{"href":"https:\/\/www.rolland-sprinklers.com\/IRRIGATION\/en\/wp-json\/wp\/v2\/product"}],"about":[{"href":"https:\/\/www.rolland-sprinklers.com\/IRRIGATION\/en\/wp-json\/wp\/v2\/types\/product"}],"version-history":[{"count":5,"href":"https:\/\/www.rolland-sprinklers.com\/IRRIGATION\/en\/wp-json\/wp\/v2\/product\/812\/revisions"}],"predecessor-version":[{"id":4720,"href":"https:\/\/www.rolland-sprinklers.com\/IRRIGATION\/en\/wp-json\/wp\/v2\/product\/812\/revisions\/4720"}],"wp:featuredmedia":[{"embeddable":true,"href":"https:\/\/www.rolland-sprinklers.com\/IRRIGATION\/en\/wp-json\/wp\/v2\/media\/813"}],"wp:attachment":[{"href":"https:\/\/www.rolland-sprinklers.com\/IRRIGATION\/en\/wp-json\/wp\/v2\/media?parent=812"}],"wp:term":[{"taxonomy":"product_brand","embeddable":true,"href":"https:\/\/www.rolland-sprinklers.com\/IRRIGATION\/en\/wp-json\/wp\/v2\/product_brand?post=812"},{"taxonomy":"product_cat","embeddable":true,"href":"https:\/\/www.rolland-sprinklers.com\/IRRIGATION\/en\/wp-json\/wp\/v2\/product_cat?post=812"},{"taxonomy":"product_tag","embeddable":true,"href":"https:\/\/www.rolland-sprinklers.com\/IRRIGATION\/en\/wp-json\/wp\/v2\/product_tag?post=812"}],"curies":[{"name":"wp","href":"https:\/\/api.w.org\/{rel}","templated":true}]}}