{"id":802,"date":"2008-11-19T09:05:10","date_gmt":"2008-11-19T08:05:10","guid":{"rendered":"http:\/\/testrolland.justecordes.fr\/?product=arroseur-6ctb-circulaire"},"modified":"2025-04-03T13:42:59","modified_gmt":"2025-04-03T11:42:59","slug":"arroseur-6ctb-circulaire","status":"publish","type":"product","link":"https:\/\/www.rolland-sprinklers.com\/IRRIGATION\/en\/product\/arroseur-6ctb-circulaire\/","title":{"rendered":"6CTB full circle sprinkler"},"content":{"rendered":"<p>De par sa faible pluviom\u00e9trie horaire, l&rsquo;arroseur 6CTB est particuli\u00e8rement bien adapt\u00e9 pour l&rsquo;arrosage des serres<br \/>\npar aspersion soit pour humidifier l&rsquo;air ou le refroidir, soit en compl\u00e9ment de l&rsquo;arrosage goutte \u00e0 goutte.<br \/>\nSon choix de buses brise-jet permet de s&rsquo;adapter \u00e0 de nombreuses configurations de serres.<\/p>\n<p><strong>Features and specifications :<\/strong><\/p>\n<ul>\n<li>D\u00e9bit de 175 \u00e0 386 l\/h<\/li>\n<li>Port\u00e9e \u00e0 Hauteur de 3m: de 8 \u00e0 9m<\/li>\n<li>Pression de service de 1.5 \u00e0 3.5 bars<\/li>\n<li>Filetage 1\/2 \u00a0\u00bb m\u00e2le<\/li>\n<li>Angle jet: 7\u00b0<\/li>\n<li>Arroseurs plastique, buse laiton.<\/li>\n<\/ul>\n<p><img data-recalc-dims=\"1\" decoding=\"async\" class=\"alignnone  wp-image-4392\" src=\"https:\/\/i0.wp.com\/www.rolland-sprinklers.com\/IRRIGATION\/wp-content\/uploads\/2022\/03\/Telechargement-fiche-technique.png?resize=205%2C45&#038;ssl=1\" alt=\"\" width=\"205\" height=\"45\" srcset=\"https:\/\/i0.wp.com\/www.rolland-sprinklers.com\/IRRIGATION\/wp-content\/uploads\/2022\/03\/Telechargement-fiche-technique.png?resize=300%2C66&amp;ssl=1 300w, https:\/\/i0.wp.com\/www.rolland-sprinklers.com\/IRRIGATION\/wp-content\/uploads\/2022\/03\/Telechargement-fiche-technique.png?resize=18%2C4&amp;ssl=1 18w, https:\/\/i0.wp.com\/www.rolland-sprinklers.com\/IRRIGATION\/wp-content\/uploads\/2022\/03\/Telechargement-fiche-technique.png?w=366&amp;ssl=1 366w\" sizes=\"(max-width: 205px) 100vw, 205px\" \/> <a href=\"http:\/\/www.rolland-sprinklers.com\/Fichiers\/Irrigation\/p06-6CTBFR-DIST.pdf\" target=\"blank\" rel=\"noopener\">Data sheet 6CTB<\/a><br \/>\n<img data-recalc-dims=\"1\" decoding=\"async\" class=\"alignnone  wp-image-4396\" src=\"https:\/\/i0.wp.com\/www.rolland-sprinklers.com\/IRRIGATION\/wp-content\/uploads\/2022\/03\/Telechargement-Vue-Eclate-300x65.png?resize=203%2C44&#038;ssl=1\" alt=\"\" width=\"203\" height=\"44\" srcset=\"https:\/\/i0.wp.com\/www.rolland-sprinklers.com\/IRRIGATION\/wp-content\/uploads\/2022\/03\/Telechargement-Vue-Eclate.png?resize=300%2C65&amp;ssl=1 300w, https:\/\/i0.wp.com\/www.rolland-sprinklers.com\/IRRIGATION\/wp-content\/uploads\/2022\/03\/Telechargement-Vue-Eclate.png?resize=18%2C4&amp;ssl=1 18w, https:\/\/i0.wp.com\/www.rolland-sprinklers.com\/IRRIGATION\/wp-content\/uploads\/2022\/03\/Telechargement-Vue-Eclate.png?w=366&amp;ssl=1 366w\" sizes=\"(max-width: 203px) 100vw, 203px\" \/> <a href=\"http:\/\/www.rolland-sprinklers.com\/Fichiers\/Irrigation\/494_sp6ctbfr.pdf\" target=\"blank&quot;\" rel=\"noopener\">Vue \u00e9ctat\u00e9e 6CTB<\/a><\/p>\n<p>Pour assurer l&rsquo;\u00e9tanch\u00e9it\u00e9 au niveau du raccordement de l&rsquo;arroseur, il est conseill\u00e9 d&rsquo;utiliser de la bande t\u00e9flon.<\/p>","protected":false},"excerpt":{"rendered":"<p>De par sa faible pluviom\u00e9trie horaire, l&rsquo;arroseur 6CTB est particuli\u00e8rement bien adapt\u00e9 pour l&rsquo;arrosage des serres par aspersion soit pour humidifier l&rsquo;air ou le refroidir, soit en compl\u00e9ment de l&rsquo;arrosage goutte \u00e0 goutte. Son choix de buses brise-jet permet de s&rsquo;adapter \u00e0 de nombreuses configurations de serres. Caract\u00e9ristiques techniques : D\u00e9bit de 175 \u00e0 386 [&hellip;]<\/p>","protected":false},"featured_media":803,"template":"elementor_theme","meta":[],"product_brand":[],"product_cat":[157],"product_tag":[],"class_list":{"0":"post-802","1":"product","2":"type-product","3":"status-publish","4":"has-post-thumbnail","6":"product_cat-micro-aspersion-goutteur","7":"pa_1-choix-de-buse-motrice-617f-fendue-o2","8":"pa_1-choix-de-buse-motrice-617f-fendue-o25","9":"pa_1-choix-de-buse-motrice-628-buse-brise-jet-o18","10":"pa_1-choix-de-buse-motrice-628-buse-brise-jet-o2","11":"pa_1-choix-de-buse-motrice-628-buse-brise-jet-o25","13":"first","14":"instock","15":"taxable","16":"shipping-taxable","17":"purchasable","18":"product-type-variable"},"jetpack_sharing_enabled":true,"_links":{"self":[{"href":"https:\/\/www.rolland-sprinklers.com\/IRRIGATION\/en\/wp-json\/wp\/v2\/product\/802","targetHints":{"allow":["GET"]}}],"collection":[{"href":"https:\/\/www.rolland-sprinklers.com\/IRRIGATION\/en\/wp-json\/wp\/v2\/product"}],"about":[{"href":"https:\/\/www.rolland-sprinklers.com\/IRRIGATION\/en\/wp-json\/wp\/v2\/types\/product"}],"version-history":[{"count":6,"href":"https:\/\/www.rolland-sprinklers.com\/IRRIGATION\/en\/wp-json\/wp\/v2\/product\/802\/revisions"}],"predecessor-version":[{"id":4874,"href":"https:\/\/www.rolland-sprinklers.com\/IRRIGATION\/en\/wp-json\/wp\/v2\/product\/802\/revisions\/4874"}],"wp:featuredmedia":[{"embeddable":true,"href":"https:\/\/www.rolland-sprinklers.com\/IRRIGATION\/en\/wp-json\/wp\/v2\/media\/803"}],"wp:attachment":[{"href":"https:\/\/www.rolland-sprinklers.com\/IRRIGATION\/en\/wp-json\/wp\/v2\/media?parent=802"}],"wp:term":[{"taxonomy":"product_brand","embeddable":true,"href":"https:\/\/www.rolland-sprinklers.com\/IRRIGATION\/en\/wp-json\/wp\/v2\/product_brand?post=802"},{"taxonomy":"product_cat","embeddable":true,"href":"https:\/\/www.rolland-sprinklers.com\/IRRIGATION\/en\/wp-json\/wp\/v2\/product_cat?post=802"},{"taxonomy":"product_tag","embeddable":true,"href":"https:\/\/www.rolland-sprinklers.com\/IRRIGATION\/en\/wp-json\/wp\/v2\/product_tag?post=802"}],"curies":[{"name":"wp","href":"https:\/\/api.w.org\/{rel}","templated":true}]}}