{"id":741,"date":"2008-11-18T16:10:48","date_gmt":"2008-11-18T16:10:48","guid":{"rendered":"http:\/\/testrolland.justecordes.fr\/?product=arroseur-18-circulaire"},"modified":"2026-04-20T14:56:59","modified_gmt":"2026-04-20T12:56:59","slug":"arroseur-18-circulaire","status":"publish","type":"product","link":"https:\/\/www.rolland-sprinklers.com\/IRRIGATION\/en\/product\/arroseur-18-circulaire\/","title":{"rendered":"18 full circle sprinkler"},"content":{"rendered":"<p>L&rsquo;arroseur 18, de par son faible poids et son prix avantageux, doit \u00eatre choisi pour<br \/>\nl&rsquo;irrigation en poste fixe et notamment pour la couverture int\u00e9grale sur grande canne.<br \/>\nLa possibilit\u00e9 d&rsquo;installer une buse arri\u00e8re de r\u00e9partition donne une tr\u00e8s bonne uniformit\u00e9 d&rsquo;arrosage.<\/p>\n<p><strong>Use :<\/strong><\/p>\n<ul>\n<li>Mara\u00eechage, canne \u00e0 sucre<\/li>\n<li>Arrosage en sur frondaison<\/li>\n<\/ul>\n<p><strong>Features and specifications :<\/strong><\/p>\n<ul>\n<li>D\u00e9bit de 0.75 \u00e0 3.53 m3\/h<\/li>\n<li>Port\u00e9e de 12.8 \u00e0 18 m<\/li>\n<li>Pression de service de 2.5 \u00e0 4.5 bars<\/li>\n<li>Filetage 3\/4 \u00a0\u00bb m\u00e2le<\/li>\n<li>Angle du jet 24\u00b0<\/li>\n<li>Arroseur plastique et buses laitons<\/li>\n<\/ul>\n<p><img data-recalc-dims=\"1\" decoding=\"async\" class=\"alignnone  wp-image-4392\" src=\"https:\/\/i0.wp.com\/www.rolland-sprinklers.com\/IRRIGATION\/wp-content\/uploads\/2022\/03\/Telechargement-fiche-technique.png?resize=205%2C45&#038;ssl=1\" alt=\"\" width=\"205\" height=\"45\" srcset=\"https:\/\/i0.wp.com\/www.rolland-sprinklers.com\/IRRIGATION\/wp-content\/uploads\/2022\/03\/Telechargement-fiche-technique.png?resize=300%2C66&amp;ssl=1 300w, https:\/\/i0.wp.com\/www.rolland-sprinklers.com\/IRRIGATION\/wp-content\/uploads\/2022\/03\/Telechargement-fiche-technique.png?resize=18%2C4&amp;ssl=1 18w, https:\/\/i0.wp.com\/www.rolland-sprinklers.com\/IRRIGATION\/wp-content\/uploads\/2022\/03\/Telechargement-fiche-technique.png?w=366&amp;ssl=1 366w\" sizes=\"(max-width: 205px) 100vw, 205px\" \/> <a href=\"http:\/\/www.rolland-sprinklers.com\/Fichiers\/Irrigation\/p22-18FR-DIST.pdf\" target=\"blank\" rel=\"noopener\">Data sheet 18 <\/a><\/p>\n<p><img data-recalc-dims=\"1\" decoding=\"async\" class=\"alignnone  wp-image-4396\" src=\"https:\/\/i0.wp.com\/www.rolland-sprinklers.com\/IRRIGATION\/wp-content\/uploads\/2022\/03\/Telechargement-Vue-Eclate-300x65.png?resize=203%2C44&#038;ssl=1\" alt=\"\" width=\"203\" height=\"44\" srcset=\"https:\/\/i0.wp.com\/www.rolland-sprinklers.com\/IRRIGATION\/wp-content\/uploads\/2022\/03\/Telechargement-Vue-Eclate.png?resize=300%2C65&amp;ssl=1 300w, https:\/\/i0.wp.com\/www.rolland-sprinklers.com\/IRRIGATION\/wp-content\/uploads\/2022\/03\/Telechargement-Vue-Eclate.png?resize=18%2C4&amp;ssl=1 18w, https:\/\/i0.wp.com\/www.rolland-sprinklers.com\/IRRIGATION\/wp-content\/uploads\/2022\/03\/Telechargement-Vue-Eclate.png?w=366&amp;ssl=1 366w\" sizes=\"(max-width: 203px) 100vw, 203px\" \/> <a href=\"http:\/\/www.rolland-sprinklers.com\/Fichiers\/Irrigation\/580_sp18fr.pdf\" target=\"blank\" rel=\"noopener\">Vue \u00e9clat\u00e9e 18<\/a><\/p>\n<p>Pour assurer l&rsquo;\u00e9tanch\u00e9it\u00e9 au niveau du raccordement de l&rsquo;arroseur, il est conseill\u00e9 d&rsquo;utiliser de la bande t\u00e9flon.<\/p>","protected":false},"excerpt":{"rendered":"<p>L&rsquo;arroseur 18, de par son faible poids et son prix avantageux, doit \u00eatre choisi pour l&rsquo;irrigation en poste fixe et notamment pour la couverture int\u00e9grale sur grande canne. La possibilit\u00e9 d&rsquo;installer une buse arri\u00e8re de r\u00e9partition donne une tr\u00e8s bonne uniformit\u00e9 d&rsquo;arrosage. Utilisation : Mara\u00eechage, canne \u00e0 sucre Arrosage en sur frondaison Caract\u00e9ristiques techniques : [&hellip;]<\/p>","protected":false},"featured_media":742,"template":"","meta":[],"product_brand":[],"product_cat":[154],"product_tag":[],"class_list":{"0":"post-741","1":"product","2":"type-product","3":"status-publish","4":"has-post-thumbnail","6":"product_cat-arroseurs-de-surface","7":"pa_1-choix-de-buse-motrice-1117-o3","8":"pa_1-choix-de-buse-motrice-1717-o35","9":"pa_1-choix-de-buse-motrice-1717-o4","10":"pa_1-choix-de-buse-motrice-1717-o42","11":"pa_1-choix-de-buse-motrice-1717-o45","12":"pa_1-choix-de-buse-motrice-1717-o55","13":"pa_1-choix-de-buse-motrice-1717-o6","14":"pa_2-choix-de-buse-arriere-1843-fendue-o25","15":"pa_2-choix-de-buse-arriere-1843-fendue-o3","16":"pa_2-choix-de-buse-arriere-bouchon-1119","18":"first","19":"instock","20":"taxable","21":"shipping-taxable","22":"purchasable","23":"product-type-variable","24":"has-default-attributes"},"jetpack_sharing_enabled":true,"_links":{"self":[{"href":"https:\/\/www.rolland-sprinklers.com\/IRRIGATION\/en\/wp-json\/wp\/v2\/product\/741","targetHints":{"allow":["GET"]}}],"collection":[{"href":"https:\/\/www.rolland-sprinklers.com\/IRRIGATION\/en\/wp-json\/wp\/v2\/product"}],"about":[{"href":"https:\/\/www.rolland-sprinklers.com\/IRRIGATION\/en\/wp-json\/wp\/v2\/types\/product"}],"version-history":[{"count":2,"href":"https:\/\/www.rolland-sprinklers.com\/IRRIGATION\/en\/wp-json\/wp\/v2\/product\/741\/revisions"}],"predecessor-version":[{"id":4769,"href":"https:\/\/www.rolland-sprinklers.com\/IRRIGATION\/en\/wp-json\/wp\/v2\/product\/741\/revisions\/4769"}],"wp:featuredmedia":[{"embeddable":true,"href":"https:\/\/www.rolland-sprinklers.com\/IRRIGATION\/en\/wp-json\/wp\/v2\/media\/742"}],"wp:attachment":[{"href":"https:\/\/www.rolland-sprinklers.com\/IRRIGATION\/en\/wp-json\/wp\/v2\/media?parent=741"}],"wp:term":[{"taxonomy":"product_brand","embeddable":true,"href":"https:\/\/www.rolland-sprinklers.com\/IRRIGATION\/en\/wp-json\/wp\/v2\/product_brand?post=741"},{"taxonomy":"product_cat","embeddable":true,"href":"https:\/\/www.rolland-sprinklers.com\/IRRIGATION\/en\/wp-json\/wp\/v2\/product_cat?post=741"},{"taxonomy":"product_tag","embeddable":true,"href":"https:\/\/www.rolland-sprinklers.com\/IRRIGATION\/en\/wp-json\/wp\/v2\/product_tag?post=741"}],"curies":[{"name":"wp","href":"https:\/\/api.w.org\/{rel}","templated":true}]}}