{"id":703,"date":"2008-11-18T16:10:44","date_gmt":"2008-11-18T16:10:44","guid":{"rendered":"http:\/\/testrolland.justecordes.fr\/?product=arroseur-20-circulaire"},"modified":"2026-04-20T14:56:54","modified_gmt":"2026-04-20T12:56:54","slug":"arroseur-20-circulaire","status":"publish","type":"product","link":"https:\/\/www.rolland-sprinklers.com\/IRRIGATION\/en\/product\/arroseur-20-circulaire\/","title":{"rendered":"20 full circle sprinkler"},"content":{"rendered":"<p>L&rsquo;arroseur 20 est un appareil plastique \u00e0 hautes performances. Il est \u00e9quip\u00e9 du syst\u00e8me Rolland de r\u00e9duction de turbulence et de buses standards ou fendues, ce qui assure une grande port\u00e9e et une excellente r\u00e9partition d&rsquo;arrosage. Il est aussi \u00e9quip\u00e9 de buses ou de bouchon 1\/4 de tour (montage\/d\u00e9montage sans outil). L&rsquo;arroseur 20 Circulaire peut facilement se transformer en arroseur secteur en ajoutant un kit 20 secteur .<\/p>\n<p><strong>Use :<\/strong><\/p>\n<ul>\n<li>Mara\u00eechage<\/li>\n<li>Grandes cultures (c\u00e9r\u00e9ales, &#8230;)<\/li>\n<li>Arrosage sur frondaison<\/li>\n<\/ul>\n<p><strong>Features and specifications :<\/strong><\/p>\n<ul>\n<li>D\u00e9bit de 0.80 \u00e0 2.45 m3\/h<\/li>\n<li>Port\u00e9e de 12.50 \u00e0 16.20 m<\/li>\n<li>Pression de service de 2.5 \u00e0 4 bars<\/li>\n<li>Filetage 3\/4 \u00a0\u00bb m\u00e2le<\/li>\n<li>Angle du jet 24\u00b0<\/li>\n<li>Arroseur plastique<\/li>\n<li>Buse montage rapide (1\/4 tour)<\/li>\n<\/ul>\n<p><img data-recalc-dims=\"1\" decoding=\"async\" class=\"alignnone wp-image-4392\" src=\"https:\/\/i0.wp.com\/www.rolland-sprinklers.com\/IRRIGATION\/wp-content\/uploads\/2022\/03\/Telechargement-fiche-technique.png?resize=205%2C45&#038;ssl=1\" alt=\"\" width=\"205\" height=\"45\" srcset=\"https:\/\/i0.wp.com\/www.rolland-sprinklers.com\/IRRIGATION\/wp-content\/uploads\/2022\/03\/Telechargement-fiche-technique.png?resize=300%2C66&amp;ssl=1 300w, https:\/\/i0.wp.com\/www.rolland-sprinklers.com\/IRRIGATION\/wp-content\/uploads\/2022\/03\/Telechargement-fiche-technique.png?resize=18%2C4&amp;ssl=1 18w, https:\/\/i0.wp.com\/www.rolland-sprinklers.com\/IRRIGATION\/wp-content\/uploads\/2022\/03\/Telechargement-fiche-technique.png?w=366&amp;ssl=1 366w\" sizes=\"(max-width: 205px) 100vw, 205px\" \/> <a href=\"http:\/\/www.rolland-sprinklers.com\/Fichiers\/Irrigation\/p24-20FR-DIST.pdf\" target=\"blank\" rel=\"noopener\">Data sheet 20<\/a><\/p>\n<p><img data-recalc-dims=\"1\" decoding=\"async\" class=\"alignnone wp-image-4391\" src=\"https:\/\/i0.wp.com\/www.rolland-sprinklers.com\/IRRIGATION\/wp-content\/uploads\/2022\/03\/Telechargement-Fiche-commerciale.png?resize=203%2C44&#038;ssl=1\" alt=\"\" width=\"203\" height=\"44\" srcset=\"https:\/\/i0.wp.com\/www.rolland-sprinklers.com\/IRRIGATION\/wp-content\/uploads\/2022\/03\/Telechargement-Fiche-commerciale.png?resize=300%2C65&amp;ssl=1 300w, https:\/\/i0.wp.com\/www.rolland-sprinklers.com\/IRRIGATION\/wp-content\/uploads\/2022\/03\/Telechargement-Fiche-commerciale.png?resize=18%2C4&amp;ssl=1 18w, https:\/\/i0.wp.com\/www.rolland-sprinklers.com\/IRRIGATION\/wp-content\/uploads\/2022\/03\/Telechargement-Fiche-commerciale.png?resize=416%2C90&amp;ssl=1 416w, https:\/\/i0.wp.com\/www.rolland-sprinklers.com\/IRRIGATION\/wp-content\/uploads\/2022\/03\/Telechargement-Fiche-commerciale.png?w=570&amp;ssl=1 570w\" sizes=\"(max-width: 203px) 100vw, 203px\" \/> <a href=\"https:\/\/www.rolland-sprinklers.com\/IRRIGATION\/wp-content\/uploads\/2023\/05\/p24-pub-2020s-FR-V2.pdf\" target=\"_blank\" rel=\"noopener\">Documentation 20<\/a><\/p>\n<p><img data-recalc-dims=\"1\" decoding=\"async\" class=\"alignnone wp-image-4396\" src=\"https:\/\/i0.wp.com\/www.rolland-sprinklers.com\/IRRIGATION\/wp-content\/uploads\/2022\/03\/Telechargement-Vue-Eclate-300x65.png?resize=203%2C44&#038;ssl=1\" alt=\"\" width=\"203\" height=\"44\" srcset=\"https:\/\/i0.wp.com\/www.rolland-sprinklers.com\/IRRIGATION\/wp-content\/uploads\/2022\/03\/Telechargement-Vue-Eclate.png?resize=300%2C65&amp;ssl=1 300w, https:\/\/i0.wp.com\/www.rolland-sprinklers.com\/IRRIGATION\/wp-content\/uploads\/2022\/03\/Telechargement-Vue-Eclate.png?resize=18%2C4&amp;ssl=1 18w, https:\/\/i0.wp.com\/www.rolland-sprinklers.com\/IRRIGATION\/wp-content\/uploads\/2022\/03\/Telechargement-Vue-Eclate.png?w=366&amp;ssl=1 366w\" sizes=\"(max-width: 203px) 100vw, 203px\" \/><a href=\"http:\/\/www.rolland-sprinklers.com\/Fichiers\/Irrigation\/628_sp20.pdf\" target=\"blank\" rel=\"noopener\">Vue \u00e9clat\u00e9e 20<\/a><\/p>\n<p><img data-recalc-dims=\"1\" loading=\"lazy\" decoding=\"async\" class=\"alignnone wp-image-4393\" src=\"https:\/\/i0.wp.com\/www.rolland-sprinklers.com\/IRRIGATION\/wp-content\/uploads\/2022\/03\/Telechargement-Notice-de-montage.png?resize=203%2C44&#038;ssl=1\" alt=\"\" width=\"203\" height=\"44\" srcset=\"https:\/\/i0.wp.com\/www.rolland-sprinklers.com\/IRRIGATION\/wp-content\/uploads\/2022\/03\/Telechargement-Notice-de-montage.png?resize=300%2C65&amp;ssl=1 300w, https:\/\/i0.wp.com\/www.rolland-sprinklers.com\/IRRIGATION\/wp-content\/uploads\/2022\/03\/Telechargement-Notice-de-montage.png?resize=18%2C4&amp;ssl=1 18w, https:\/\/i0.wp.com\/www.rolland-sprinklers.com\/IRRIGATION\/wp-content\/uploads\/2022\/03\/Telechargement-Notice-de-montage.png?w=366&amp;ssl=1 366w\" sizes=\"(max-width: 203px) 100vw, 203px\" \/><a href=\"https:\/\/www.rolland-sprinklers.com\/IRRIGATION\/wp-content\/uploads\/2022\/07\/Notice-montage-BJ12-BJ20.png\" target=\"_blank\" rel=\"noopener\">Notice montage Kit BJ20<\/a><\/p>\n<p>&nbsp;<\/p>\n<p>&nbsp;<\/p>","protected":false},"excerpt":{"rendered":"<p>L&rsquo;arroseur 20 est un appareil plastique \u00e0 hautes performances. Il est \u00e9quip\u00e9 du syst\u00e8me Rolland de r\u00e9duction de turbulence et de buses standards ou fendues, ce qui assure une grande port\u00e9e et une excellente r\u00e9partition d&rsquo;arrosage. Il est aussi \u00e9quip\u00e9 de buses ou de bouchon 1\/4 de tour (montage\/d\u00e9montage sans outil). L&rsquo;arroseur 20 Circulaire peut [&hellip;]<\/p>","protected":false},"featured_media":704,"template":"","meta":[],"product_brand":[],"product_cat":[154],"product_tag":[],"class_list":{"0":"post-703","1":"product","2":"type-product","3":"status-publish","4":"has-post-thumbnail","6":"product_cat-arroseurs-de-surface","7":"pa_1-choix-de-buse-motrice-2017-o35-grise","8":"pa_1-choix-de-buse-motrice-2017-o4-jaune","9":"pa_1-choix-de-buse-motrice-2017-o45-orange","10":"pa_1-choix-de-buse-motrice-2017-o5-violette","11":"pa_1-choix-de-buse-motrice-2017e-o35-blanche","12":"pa_1-choix-de-buse-motrice-2017e-o4-bleue","13":"pa_1-choix-de-buse-motrice-2017e-o45-noire","14":"pa_1-choix-de-buse-motrice-2017e-o5-verte","15":"pa_1-choix-de-buse-motrice-2017e-o55-rouge","16":"pa_2-choix-de-buse-arriere-bouchon-2019-noir","17":"pa_2-choix-de-buse-arriere-buse-arriere-2043-o25-bleue","18":"pa_3-brise-jet-non","19":"pa_3-brise-jet-oui","21":"first","22":"instock","23":"taxable","24":"shipping-taxable","25":"purchasable","26":"product-type-variable","27":"has-default-attributes"},"jetpack_sharing_enabled":true,"_links":{"self":[{"href":"https:\/\/www.rolland-sprinklers.com\/IRRIGATION\/en\/wp-json\/wp\/v2\/product\/703","targetHints":{"allow":["GET"]}}],"collection":[{"href":"https:\/\/www.rolland-sprinklers.com\/IRRIGATION\/en\/wp-json\/wp\/v2\/product"}],"about":[{"href":"https:\/\/www.rolland-sprinklers.com\/IRRIGATION\/en\/wp-json\/wp\/v2\/types\/product"}],"version-history":[{"count":4,"href":"https:\/\/www.rolland-sprinklers.com\/IRRIGATION\/en\/wp-json\/wp\/v2\/product\/703\/revisions"}],"predecessor-version":[{"id":4770,"href":"https:\/\/www.rolland-sprinklers.com\/IRRIGATION\/en\/wp-json\/wp\/v2\/product\/703\/revisions\/4770"}],"wp:featuredmedia":[{"embeddable":true,"href":"https:\/\/www.rolland-sprinklers.com\/IRRIGATION\/en\/wp-json\/wp\/v2\/media\/704"}],"wp:attachment":[{"href":"https:\/\/www.rolland-sprinklers.com\/IRRIGATION\/en\/wp-json\/wp\/v2\/media?parent=703"}],"wp:term":[{"taxonomy":"product_brand","embeddable":true,"href":"https:\/\/www.rolland-sprinklers.com\/IRRIGATION\/en\/wp-json\/wp\/v2\/product_brand?post=703"},{"taxonomy":"product_cat","embeddable":true,"href":"https:\/\/www.rolland-sprinklers.com\/IRRIGATION\/en\/wp-json\/wp\/v2\/product_cat?post=703"},{"taxonomy":"product_tag","embeddable":true,"href":"https:\/\/www.rolland-sprinklers.com\/IRRIGATION\/en\/wp-json\/wp\/v2\/product_tag?post=703"}],"curies":[{"name":"wp","href":"https:\/\/api.w.org\/{rel}","templated":true}]}}