{"id":686,"date":"2008-10-31T21:30:54","date_gmt":"2008-10-31T21:30:54","guid":{"rendered":"http:\/\/testrolland.justecordes.fr\/?product=arroseur-17s-secteur"},"modified":"2026-04-20T14:57:21","modified_gmt":"2026-04-20T12:57:21","slug":"arroseur-17s-secteur","status":"publish","type":"product","link":"https:\/\/www.rolland-sprinklers.com\/IRRIGATION\/en\/product\/arroseur-17s-secteur\/","title":{"rendered":"17S part circle sprinkler"},"content":{"rendered":"<p>Les arroseurs 17 sont tr\u00e8s polyvalents avec une gamme de buses qui permet d&rsquo;adapter au mieux la pluviom\u00e9trie en fonction de la culture.<\/p>\n<p><strong>Use :<\/strong><\/p>\n<ul>\n<li>Irrigation sur frondaison<\/li>\n<li>P\u00e9pini\u00e8res mara\u00eechages,<\/li>\n<li>Man\u00e8ge \u00e9questre, carri\u00e8re<\/li>\n<li>Espace vert, &#8230;<\/li>\n<\/ul>\n<p><strong>Features and specifications :<\/strong><\/p>\n<ul>\n<li>D\u00e9bit de 1.3 \u00e0 2.3 m3\/h<\/li>\n<li>Port\u00e9e de 14.9 \u00e0 18.1 m<\/li>\n<li>Pression de service de 2.5 \u00e0 6 bars<\/li>\n<li>Filetage 3\/4 \u00a0\u00bb m\u00e2le<\/li>\n<li>Angle du jet 28\u00b0<\/li>\n<li>Arroseur laiton<\/li>\n<\/ul>\n<p><img data-recalc-dims=\"1\" decoding=\"async\" class=\"alignnone  wp-image-4392\" src=\"https:\/\/i0.wp.com\/www.rolland-sprinklers.com\/IRRIGATION\/wp-content\/uploads\/2022\/03\/Telechargement-fiche-technique.png?resize=205%2C45&#038;ssl=1\" alt=\"\" width=\"205\" height=\"45\" srcset=\"https:\/\/i0.wp.com\/www.rolland-sprinklers.com\/IRRIGATION\/wp-content\/uploads\/2022\/03\/Telechargement-fiche-technique.png?resize=300%2C66&amp;ssl=1 300w, https:\/\/i0.wp.com\/www.rolland-sprinklers.com\/IRRIGATION\/wp-content\/uploads\/2022\/03\/Telechargement-fiche-technique.png?resize=18%2C4&amp;ssl=1 18w, https:\/\/i0.wp.com\/www.rolland-sprinklers.com\/IRRIGATION\/wp-content\/uploads\/2022\/03\/Telechargement-fiche-technique.png?w=366&amp;ssl=1 366w\" sizes=\"(max-width: 205px) 100vw, 205px\" \/> <a href=\"http:\/\/www.rolland-sprinklers.com\/Fichiers\/Irrigation\/p21-17FR-DIST.pdf\" target=\"blank\" rel=\"noopener\">Data sheet 17S<\/a><\/p>\n<p><img data-recalc-dims=\"1\" decoding=\"async\" class=\"alignnone  wp-image-4396\" src=\"https:\/\/i0.wp.com\/www.rolland-sprinklers.com\/IRRIGATION\/wp-content\/uploads\/2022\/03\/Telechargement-Vue-Eclate-300x65.png?resize=203%2C44&#038;ssl=1\" alt=\"\" width=\"203\" height=\"44\" srcset=\"https:\/\/i0.wp.com\/www.rolland-sprinklers.com\/IRRIGATION\/wp-content\/uploads\/2022\/03\/Telechargement-Vue-Eclate.png?resize=300%2C65&amp;ssl=1 300w, https:\/\/i0.wp.com\/www.rolland-sprinklers.com\/IRRIGATION\/wp-content\/uploads\/2022\/03\/Telechargement-Vue-Eclate.png?resize=18%2C4&amp;ssl=1 18w, https:\/\/i0.wp.com\/www.rolland-sprinklers.com\/IRRIGATION\/wp-content\/uploads\/2022\/03\/Telechargement-Vue-Eclate.png?w=366&amp;ssl=1 366w\" sizes=\"(max-width: 203px) 100vw, 203px\" \/> <a href=\"http:\/\/www.rolland-sprinklers.com\/Fichiers\/Irrigation\/303_sp17s.pdf\" target=\"blank\" rel=\"noopener\">Vue \u00e9clat\u00e9e 17S<\/a><\/p>\n<p><img data-recalc-dims=\"1\" decoding=\"async\" class=\"alignnone  wp-image-4393\" src=\"https:\/\/i0.wp.com\/www.rolland-sprinklers.com\/IRRIGATION\/wp-content\/uploads\/2022\/03\/Telechargement-Notice-de-montage.png?resize=203%2C44&#038;ssl=1\" alt=\"\" width=\"203\" height=\"44\" srcset=\"https:\/\/i0.wp.com\/www.rolland-sprinklers.com\/IRRIGATION\/wp-content\/uploads\/2022\/03\/Telechargement-Notice-de-montage.png?resize=300%2C65&amp;ssl=1 300w, https:\/\/i0.wp.com\/www.rolland-sprinklers.com\/IRRIGATION\/wp-content\/uploads\/2022\/03\/Telechargement-Notice-de-montage.png?resize=18%2C4&amp;ssl=1 18w, https:\/\/i0.wp.com\/www.rolland-sprinklers.com\/IRRIGATION\/wp-content\/uploads\/2022\/03\/Telechargement-Notice-de-montage.png?w=366&amp;ssl=1 366w\" sizes=\"(max-width: 203px) 100vw, 203px\" \/><a href=\"https:\/\/www.rolland-sprinklers.com\/IRRIGATION\/wp-content\/uploads\/2022\/07\/Notice-Reglage-secteur-11S-17S-21S.pdf\" target=\"_blank\" rel=\"noopener\">Notice de r\u00e9glage secteur<\/a><\/p>\n<p>Pour assurer l&rsquo;\u00e9tanch\u00e9it\u00e9 au niveau du raccordement de l&rsquo;arroseur, il est conseill\u00e9 d&rsquo;utiliser de la bande t\u00e9flon.<\/p>","protected":false},"excerpt":{"rendered":"<p>Les arroseurs 17 sont tr\u00e8s polyvalents avec une gamme de buses qui permet d&rsquo;adapter au mieux la pluviom\u00e9trie en fonction de la culture. Utilisation : Irrigation sur frondaison P\u00e9pini\u00e8res mara\u00eechages, Man\u00e8ge \u00e9questre, carri\u00e8re Espace vert, &#8230; Caract\u00e9ristiques techniques : D\u00e9bit de 1.3 \u00e0 2.3 m3\/h Port\u00e9e de 14.9 \u00e0 18.1 m Pression de service de [&hellip;]<\/p>","protected":false},"featured_media":687,"template":"","meta":[],"product_brand":[],"product_cat":[154],"product_tag":[],"class_list":{"0":"post-686","1":"product","2":"type-product","3":"status-publish","4":"has-post-thumbnail","6":"product_cat-arroseurs-de-surface","7":"pa_1-choix-de-buse-motrice-1717-o45","8":"pa_1-choix-de-buse-motrice-1717-o5","9":"pa_1-choix-de-buse-motrice-1717-o55","10":"pa_1-choix-de-buse-motrice-1717-o6","12":"first","13":"instock","14":"taxable","15":"shipping-taxable","16":"purchasable","17":"product-type-variable"},"jetpack_sharing_enabled":true,"_links":{"self":[{"href":"https:\/\/www.rolland-sprinklers.com\/IRRIGATION\/en\/wp-json\/wp\/v2\/product\/686","targetHints":{"allow":["GET"]}}],"collection":[{"href":"https:\/\/www.rolland-sprinklers.com\/IRRIGATION\/en\/wp-json\/wp\/v2\/product"}],"about":[{"href":"https:\/\/www.rolland-sprinklers.com\/IRRIGATION\/en\/wp-json\/wp\/v2\/types\/product"}],"version-history":[{"count":3,"href":"https:\/\/www.rolland-sprinklers.com\/IRRIGATION\/en\/wp-json\/wp\/v2\/product\/686\/revisions"}],"predecessor-version":[{"id":4766,"href":"https:\/\/www.rolland-sprinklers.com\/IRRIGATION\/en\/wp-json\/wp\/v2\/product\/686\/revisions\/4766"}],"wp:featuredmedia":[{"embeddable":true,"href":"https:\/\/www.rolland-sprinklers.com\/IRRIGATION\/en\/wp-json\/wp\/v2\/media\/687"}],"wp:attachment":[{"href":"https:\/\/www.rolland-sprinklers.com\/IRRIGATION\/en\/wp-json\/wp\/v2\/media?parent=686"}],"wp:term":[{"taxonomy":"product_brand","embeddable":true,"href":"https:\/\/www.rolland-sprinklers.com\/IRRIGATION\/en\/wp-json\/wp\/v2\/product_brand?post=686"},{"taxonomy":"product_cat","embeddable":true,"href":"https:\/\/www.rolland-sprinklers.com\/IRRIGATION\/en\/wp-json\/wp\/v2\/product_cat?post=686"},{"taxonomy":"product_tag","embeddable":true,"href":"https:\/\/www.rolland-sprinklers.com\/IRRIGATION\/en\/wp-json\/wp\/v2\/product_tag?post=686"}],"curies":[{"name":"wp","href":"https:\/\/api.w.org\/{rel}","templated":true}]}}