{"id":4628,"date":"2022-07-04T09:48:39","date_gmt":"2022-07-04T07:48:39","guid":{"rendered":"https:\/\/rolland-sprinklers.com\/IRRIGATION\/?post_type=product&#038;p=4628"},"modified":"2025-04-03T13:45:37","modified_gmt":"2025-04-03T11:45:37","slug":"anneau-17-24","status":"publish","type":"product","link":"https:\/\/www.rolland-sprinklers.com\/IRRIGATION\/en\/product\/anneau-17-24\/","title":{"rendered":"Anneau 17.24"},"content":{"rendered":"<p>Pour arroseur 17S :\u00a0 2 anneaux par arroseur. <strong><span style=\"color: #ff0000;\">Anneau vendu \u00e0 l&rsquo;unit\u00e9.<\/span><\/strong><\/p>\n<p><strong>Montage :<\/strong> \u00e9carter les deux extr\u00e9mit\u00e9s de l&rsquo;anneau avec 2 tubes et l&rsquo;ins\u00e9rer sur le moyeu de l&rsquo;arroseur.<\/p>","protected":false},"excerpt":{"rendered":"<p>Pour arroseur 17S :\u00a0 2 anneaux par arroseur. Anneau vendu \u00e0 l&rsquo;unit\u00e9. Montage : \u00e9carter les deux extr\u00e9mit\u00e9s de l&rsquo;anneau avec 2 tubes et l&rsquo;ins\u00e9rer sur le moyeu de l&rsquo;arroseur.<\/p>","protected":false},"featured_media":1816,"template":"","meta":[],"product_brand":[],"product_cat":[197,378],"product_tag":[],"class_list":{"0":"post-4628","1":"product","2":"type-product","3":"status-publish","4":"has-post-thumbnail","6":"product_cat-pieces-detachees","7":"product_cat-anneaux","9":"first","10":"instock","11":"taxable","12":"shipping-taxable","13":"purchasable","14":"product-type-simple"},"jetpack_sharing_enabled":true,"_links":{"self":[{"href":"https:\/\/www.rolland-sprinklers.com\/IRRIGATION\/en\/wp-json\/wp\/v2\/product\/4628","targetHints":{"allow":["GET"]}}],"collection":[{"href":"https:\/\/www.rolland-sprinklers.com\/IRRIGATION\/en\/wp-json\/wp\/v2\/product"}],"about":[{"href":"https:\/\/www.rolland-sprinklers.com\/IRRIGATION\/en\/wp-json\/wp\/v2\/types\/product"}],"version-history":[{"count":2,"href":"https:\/\/www.rolland-sprinklers.com\/IRRIGATION\/en\/wp-json\/wp\/v2\/product\/4628\/revisions"}],"predecessor-version":[{"id":4872,"href":"https:\/\/www.rolland-sprinklers.com\/IRRIGATION\/en\/wp-json\/wp\/v2\/product\/4628\/revisions\/4872"}],"wp:featuredmedia":[{"embeddable":true,"href":"https:\/\/www.rolland-sprinklers.com\/IRRIGATION\/en\/wp-json\/wp\/v2\/media\/1816"}],"wp:attachment":[{"href":"https:\/\/www.rolland-sprinklers.com\/IRRIGATION\/en\/wp-json\/wp\/v2\/media?parent=4628"}],"wp:term":[{"taxonomy":"product_brand","embeddable":true,"href":"https:\/\/www.rolland-sprinklers.com\/IRRIGATION\/en\/wp-json\/wp\/v2\/product_brand?post=4628"},{"taxonomy":"product_cat","embeddable":true,"href":"https:\/\/www.rolland-sprinklers.com\/IRRIGATION\/en\/wp-json\/wp\/v2\/product_cat?post=4628"},{"taxonomy":"product_tag","embeddable":true,"href":"https:\/\/www.rolland-sprinklers.com\/IRRIGATION\/en\/wp-json\/wp\/v2\/product_tag?post=4628"}],"curies":[{"name":"wp","href":"https:\/\/api.w.org\/{rel}","templated":true}]}}