{"id":1931,"date":"2019-08-23T10:10:30","date_gmt":"2019-08-23T10:10:30","guid":{"rendered":"http:\/\/testrolland.justecordes.fr\/?product=arroseur-escamotable-e31-ch"},"modified":"2025-04-03T13:45:27","modified_gmt":"2025-04-03T11:45:27","slug":"arroseur-escamotable-e31-ch","status":"publish","type":"product","link":"https:\/\/www.rolland-sprinklers.com\/IRRIGATION\/en\/product\/arroseur-escamotable-e31-ch\/","title":{"rendered":"E31 CH Serie pop up full circle sprinkler"},"content":{"rendered":"<p>Version avec un couvercle enherb\u00e9.<\/p>\n<p>Les arroseurs E31 sont des appareils \u00e0 gros d\u00e9bit et \u00e0 port\u00e9e importante.<br \/>\nIls trouvent leur utilisation pour l&rsquo;arrosage des grands espaces verts, hippodromes et stades.<\/p>\n<p><strong>Utilisations :<\/strong><\/p>\n<ul>\n<li>Golf<\/li>\n<li>Hippodrome<\/li>\n<li>Terrains de sports<\/li>\n<\/ul>\n<p><strong>Features and specifications :<\/strong><\/p>\n<ul>\n<li>D\u00e9bit de 7 \u00e0 20 m3\/h<\/li>\n<li>Port\u00e9e de 21 \u00e0 30 m<\/li>\n<li>Pression de service de 4 \u00e0 6 bars<\/li>\n<li>Raccordement 1&Prime; 1\/2 femelle<\/li>\n<li>Angle du jet 24\u00b0<\/li>\n<li>Arroseur laiton<\/li>\n<\/ul>\n<p><img data-recalc-dims=\"1\" decoding=\"async\" class=\"alignnone wp-image-4391\" src=\"https:\/\/i0.wp.com\/www.rolland-sprinklers.com\/IRRIGATION\/wp-content\/uploads\/2022\/03\/Telechargement-Fiche-commerciale.png?resize=203%2C44&#038;ssl=1\" alt=\"\" width=\"203\" height=\"44\" srcset=\"https:\/\/i0.wp.com\/www.rolland-sprinklers.com\/IRRIGATION\/wp-content\/uploads\/2022\/03\/Telechargement-Fiche-commerciale.png?resize=300%2C65&amp;ssl=1 300w, https:\/\/i0.wp.com\/www.rolland-sprinklers.com\/IRRIGATION\/wp-content\/uploads\/2022\/03\/Telechargement-Fiche-commerciale.png?resize=18%2C4&amp;ssl=1 18w, https:\/\/i0.wp.com\/www.rolland-sprinklers.com\/IRRIGATION\/wp-content\/uploads\/2022\/03\/Telechargement-Fiche-commerciale.png?resize=416%2C90&amp;ssl=1 416w, https:\/\/i0.wp.com\/www.rolland-sprinklers.com\/IRRIGATION\/wp-content\/uploads\/2022\/03\/Telechargement-Fiche-commerciale.png?w=570&amp;ssl=1 570w\" sizes=\"(max-width: 203px) 100vw, 203px\" \/><a href=\"https:\/\/www.rolland-sprinklers.com\/IRRIGATION\/wp-content\/uploads\/2024\/07\/p39-E31-V2-FR.pdf\" target=\"_blank\" rel=\"noopener\">Fiche technique E31CH<\/a><\/p>\n<p><img data-recalc-dims=\"1\" decoding=\"async\" class=\"alignnone wp-image-4396\" src=\"https:\/\/i0.wp.com\/www.rolland-sprinklers.com\/IRRIGATION\/wp-content\/uploads\/2022\/03\/Telechargement-Vue-Eclate-300x65.png?resize=203%2C44&#038;ssl=1\" alt=\"\" width=\"203\" height=\"44\" srcset=\"https:\/\/i0.wp.com\/www.rolland-sprinklers.com\/IRRIGATION\/wp-content\/uploads\/2022\/03\/Telechargement-Vue-Eclate.png?resize=300%2C65&amp;ssl=1 300w, https:\/\/i0.wp.com\/www.rolland-sprinklers.com\/IRRIGATION\/wp-content\/uploads\/2022\/03\/Telechargement-Vue-Eclate.png?resize=18%2C4&amp;ssl=1 18w, https:\/\/i0.wp.com\/www.rolland-sprinklers.com\/IRRIGATION\/wp-content\/uploads\/2022\/03\/Telechargement-Vue-Eclate.png?w=366&amp;ssl=1 366w\" sizes=\"(max-width: 203px) 100vw, 203px\" \/><a href=\"https:\/\/www.rolland-sprinklers.com\/IRRIGATION\/wp-content\/uploads\/2023\/06\/Arroseur-E31CH.pdf\" target=\"_blank\" rel=\"noopener\">Vue \u00e9clat\u00e9 E31CH<\/a><\/p>","protected":false},"excerpt":{"rendered":"<p>Version avec un couvercle enherb\u00e9. Les arroseurs E31 sont des appareils \u00e0 gros d\u00e9bit et \u00e0 port\u00e9e importante. Ils trouvent leur utilisation pour l&rsquo;arrosage des grands espaces verts, hippodromes et stades. Utilisations : Golf Hippodrome Terrains de sports Caract\u00e9ristiques techniques : D\u00e9bit de 7 \u00e0 20 m3\/h Port\u00e9e de 21 \u00e0 30 m Pression de [&hellip;]<\/p>","protected":false},"featured_media":8112,"template":"","meta":[],"product_brand":[],"product_cat":[159],"product_tag":[],"class_list":{"0":"post-1931","1":"product","2":"type-product","3":"status-publish","4":"has-post-thumbnail","6":"product_cat-escamotables","7":"pa_choix-de-buses-o100-x-o50","8":"pa_choix-de-buses-o110-x-o50","9":"pa_choix-de-buses-o120-x-o55","10":"pa_choix-de-buses-o130-x-o55","11":"pa_choix-de-buses-o140-x-o55","12":"pa_choix-de-buses-o80-x-o50","13":"pa_choix-de-buses-o90-x-o50","15":"first","16":"instock","17":"taxable","18":"shipping-taxable","19":"purchasable","20":"product-type-variable"},"jetpack_sharing_enabled":true,"_links":{"self":[{"href":"https:\/\/www.rolland-sprinklers.com\/IRRIGATION\/en\/wp-json\/wp\/v2\/product\/1931","targetHints":{"allow":["GET"]}}],"collection":[{"href":"https:\/\/www.rolland-sprinklers.com\/IRRIGATION\/en\/wp-json\/wp\/v2\/product"}],"about":[{"href":"https:\/\/www.rolland-sprinklers.com\/IRRIGATION\/en\/wp-json\/wp\/v2\/types\/product"}],"version-history":[{"count":9,"href":"https:\/\/www.rolland-sprinklers.com\/IRRIGATION\/en\/wp-json\/wp\/v2\/product\/1931\/revisions"}],"predecessor-version":[{"id":8836,"href":"https:\/\/www.rolland-sprinklers.com\/IRRIGATION\/en\/wp-json\/wp\/v2\/product\/1931\/revisions\/8836"}],"wp:featuredmedia":[{"embeddable":true,"href":"https:\/\/www.rolland-sprinklers.com\/IRRIGATION\/en\/wp-json\/wp\/v2\/media\/8112"}],"wp:attachment":[{"href":"https:\/\/www.rolland-sprinklers.com\/IRRIGATION\/en\/wp-json\/wp\/v2\/media?parent=1931"}],"wp:term":[{"taxonomy":"product_brand","embeddable":true,"href":"https:\/\/www.rolland-sprinklers.com\/IRRIGATION\/en\/wp-json\/wp\/v2\/product_brand?post=1931"},{"taxonomy":"product_cat","embeddable":true,"href":"https:\/\/www.rolland-sprinklers.com\/IRRIGATION\/en\/wp-json\/wp\/v2\/product_cat?post=1931"},{"taxonomy":"product_tag","embeddable":true,"href":"https:\/\/www.rolland-sprinklers.com\/IRRIGATION\/en\/wp-json\/wp\/v2\/product_tag?post=1931"}],"curies":[{"name":"wp","href":"https:\/\/api.w.org\/{rel}","templated":true}]}}