{"id":1907,"date":"2019-04-08T16:18:01","date_gmt":"2019-04-08T16:18:01","guid":{"rendered":"http:\/\/testrolland.justecordes.fr\/?product=me11s4"},"modified":"2025-04-03T13:45:23","modified_gmt":"2025-04-03T11:45:23","slug":"me11s4","status":"publish","type":"product","link":"https:\/\/www.rolland-sprinklers.com\/IRRIGATION\/en\/product\/me11s4\/","title":{"rendered":"M\u00e9canisme ME11S4"},"content":{"rendered":"<p>M\u00e9canisme complet avec buse \u00d84mm mont\u00e9e pour arroseur E11S4.<\/p>\n<p><strong>ATTENTION\u00a0 Livr\u00e9 sans :<\/strong><\/p>\n<p>vis de carter E11.41 \/\u00a0 but\u00e9e sup\u00e9rieur E11.33 \/\u00a0 couvercle E11.33 \/\u00a0 vis de couvercle E11.35 \/ fourchette E11.45<\/p>","protected":false},"excerpt":{"rendered":"<p>M\u00e9canisme complet avec buse \u00d84mm mont\u00e9e pour arroseur E11S4. ATTENTION\u00a0 Livr\u00e9 sans : vis de carter E11.41 \/\u00a0 but\u00e9e sup\u00e9rieur E11.33 \/\u00a0 couvercle E11.33 \/\u00a0 vis de couvercle E11.35 \/ fourchette E11.45<\/p>","protected":false},"featured_media":1909,"template":"","meta":[],"product_brand":[],"product_cat":[197,382],"product_tag":[],"class_list":{"0":"post-1907","1":"product","2":"type-product","3":"status-publish","4":"has-post-thumbnail","6":"product_cat-pieces-detachees","7":"product_cat-autres-pieces","9":"first","10":"instock","11":"taxable","12":"shipping-taxable","13":"purchasable","14":"product-type-simple"},"jetpack_sharing_enabled":true,"_links":{"self":[{"href":"https:\/\/www.rolland-sprinklers.com\/IRRIGATION\/en\/wp-json\/wp\/v2\/product\/1907","targetHints":{"allow":["GET"]}}],"collection":[{"href":"https:\/\/www.rolland-sprinklers.com\/IRRIGATION\/en\/wp-json\/wp\/v2\/product"}],"about":[{"href":"https:\/\/www.rolland-sprinklers.com\/IRRIGATION\/en\/wp-json\/wp\/v2\/types\/product"}],"version-history":[{"count":10,"href":"https:\/\/www.rolland-sprinklers.com\/IRRIGATION\/en\/wp-json\/wp\/v2\/product\/1907\/revisions"}],"predecessor-version":[{"id":4653,"href":"https:\/\/www.rolland-sprinklers.com\/IRRIGATION\/en\/wp-json\/wp\/v2\/product\/1907\/revisions\/4653"}],"wp:featuredmedia":[{"embeddable":true,"href":"https:\/\/www.rolland-sprinklers.com\/IRRIGATION\/en\/wp-json\/wp\/v2\/media\/1909"}],"wp:attachment":[{"href":"https:\/\/www.rolland-sprinklers.com\/IRRIGATION\/en\/wp-json\/wp\/v2\/media?parent=1907"}],"wp:term":[{"taxonomy":"product_brand","embeddable":true,"href":"https:\/\/www.rolland-sprinklers.com\/IRRIGATION\/en\/wp-json\/wp\/v2\/product_brand?post=1907"},{"taxonomy":"product_cat","embeddable":true,"href":"https:\/\/www.rolland-sprinklers.com\/IRRIGATION\/en\/wp-json\/wp\/v2\/product_cat?post=1907"},{"taxonomy":"product_tag","embeddable":true,"href":"https:\/\/www.rolland-sprinklers.com\/IRRIGATION\/en\/wp-json\/wp\/v2\/product_tag?post=1907"}],"curies":[{"name":"wp","href":"https:\/\/api.w.org\/{rel}","templated":true}]}}