{"id":1867,"date":"2018-04-16T17:04:02","date_gmt":"2018-04-16T17:04:02","guid":{"rendered":"http:\/\/testrolland.justecordes.fr\/?product=gaine-goutte-a-goutte-roll-drip"},"modified":"2026-04-20T14:55:16","modified_gmt":"2026-04-20T12:55:16","slug":"gaine-goutte-a-goutte-roll-drip","status":"publish","type":"product","link":"https:\/\/www.rolland-sprinklers.com\/IRRIGATION\/en\/product\/gaine-goutte-a-goutte-roll-drip\/","title":{"rendered":"Gaine goutte \u00e0 goutte ROLL DRIP"},"content":{"rendered":"<p>ROLL-DRIP est la nouvelle gamme de gaine et tube avec goutteurs int\u00e9gr\u00e9s. fabriqu\u00e9 avec les toutes<br \/>\nderni\u00e8res technologies de pointe, garantissant qualit\u00e9, durabilit\u00e9 et haute performance.<br \/>\nLa gamme ROLL-DRIP s&rsquo;adaptera parfaitement \u00e0 tous les type de cultures.<\/p>\n<p><img data-recalc-dims=\"1\" decoding=\"async\" class=\"alignnone wp-image-4392\" src=\"https:\/\/i0.wp.com\/www.rolland-sprinklers.com\/IRRIGATION\/wp-content\/uploads\/2022\/03\/Telechargement-fiche-technique.png?resize=205%2C45&#038;ssl=1\" alt=\"\" width=\"205\" height=\"45\" srcset=\"https:\/\/i0.wp.com\/www.rolland-sprinklers.com\/IRRIGATION\/wp-content\/uploads\/2022\/03\/Telechargement-fiche-technique.png?resize=300%2C66&amp;ssl=1 300w, https:\/\/i0.wp.com\/www.rolland-sprinklers.com\/IRRIGATION\/wp-content\/uploads\/2022\/03\/Telechargement-fiche-technique.png?resize=18%2C4&amp;ssl=1 18w, https:\/\/i0.wp.com\/www.rolland-sprinklers.com\/IRRIGATION\/wp-content\/uploads\/2022\/03\/Telechargement-fiche-technique.png?w=366&amp;ssl=1 366w\" sizes=\"(max-width: 205px) 100vw, 205px\" \/> <a href=\"http:\/\/www.rolland-sprinklers.com\/Fichiers\/Irrigation\/brochure rolldrip.pdf\" target=\"blank\" rel=\"noopener\">Data sheet <\/a><\/p>","protected":false},"excerpt":{"rendered":"<p>ROLL-DRIP est la nouvelle gamme de gaine et tube avec goutteurs int\u00e9gr\u00e9s. fabriqu\u00e9 avec les toutes derni\u00e8res technologies de pointe, garantissant qualit\u00e9, durabilit\u00e9 et haute performance. La gamme ROLL-DRIP s&rsquo;adaptera parfaitement \u00e0 tous les type de cultures. Fiche technique<\/p>","protected":false},"featured_media":1868,"template":"elementor_theme","meta":[],"product_brand":[],"product_cat":[161,362],"product_tag":[],"class_list":{"0":"post-1867","1":"product","2":"type-product","3":"status-publish","4":"has-post-thumbnail","6":"product_cat-tubes","7":"product_cat-produits-non-disponibles-en-ligne","9":"first","10":"outofstock","11":"taxable","12":"shipping-taxable","13":"purchasable","14":"product-type-simple"},"jetpack_sharing_enabled":true,"_links":{"self":[{"href":"https:\/\/www.rolland-sprinklers.com\/IRRIGATION\/en\/wp-json\/wp\/v2\/product\/1867","targetHints":{"allow":["GET"]}}],"collection":[{"href":"https:\/\/www.rolland-sprinklers.com\/IRRIGATION\/en\/wp-json\/wp\/v2\/product"}],"about":[{"href":"https:\/\/www.rolland-sprinklers.com\/IRRIGATION\/en\/wp-json\/wp\/v2\/types\/product"}],"version-history":[{"count":4,"href":"https:\/\/www.rolland-sprinklers.com\/IRRIGATION\/en\/wp-json\/wp\/v2\/product\/1867\/revisions"}],"predecessor-version":[{"id":4918,"href":"https:\/\/www.rolland-sprinklers.com\/IRRIGATION\/en\/wp-json\/wp\/v2\/product\/1867\/revisions\/4918"}],"wp:featuredmedia":[{"embeddable":true,"href":"https:\/\/www.rolland-sprinklers.com\/IRRIGATION\/en\/wp-json\/wp\/v2\/media\/1868"}],"wp:attachment":[{"href":"https:\/\/www.rolland-sprinklers.com\/IRRIGATION\/en\/wp-json\/wp\/v2\/media?parent=1867"}],"wp:term":[{"taxonomy":"product_brand","embeddable":true,"href":"https:\/\/www.rolland-sprinklers.com\/IRRIGATION\/en\/wp-json\/wp\/v2\/product_brand?post=1867"},{"taxonomy":"product_cat","embeddable":true,"href":"https:\/\/www.rolland-sprinklers.com\/IRRIGATION\/en\/wp-json\/wp\/v2\/product_cat?post=1867"},{"taxonomy":"product_tag","embeddable":true,"href":"https:\/\/www.rolland-sprinklers.com\/IRRIGATION\/en\/wp-json\/wp\/v2\/product_tag?post=1867"}],"curies":[{"name":"wp","href":"https:\/\/api.w.org\/{rel}","templated":true}]}}