{"id":1849,"date":"2017-10-04T11:30:33","date_gmt":"2017-10-04T09:30:33","guid":{"rendered":"http:\/\/testrolland.justecordes.fr\/?product=trepied-acier-112-x-112"},"modified":"2025-04-03T13:45:17","modified_gmt":"2025-04-03T11:45:17","slug":"trepied-acier-112-x-112","status":"publish","type":"product","link":"https:\/\/www.rolland-sprinklers.com\/IRRIGATION\/en\/product\/trepied-acier-112-x-112\/","title":{"rendered":"Trepied acier 1&Prime;1\/2 x 1&Prime;1\/2"},"content":{"rendered":"<p><strong>&#8211; CONTACTEZ NOUS DIRECTEMENT POUR OBTENIR UNE OFFRE DE PRIX &#8211; <\/strong><\/p>\n<p>Tr\u00e9pieds en acier peint, tr\u00e8s stable gr\u00e2ce au large \u00e9cartement de ses trois pieds.<\/p>\n<p><strong>Features and specifications :<\/strong><\/p>\n<ul>\n<li>R\u00e9glable en hauteur de 0,94m \u00e0 1,44m<\/li>\n<li>Bobine en acier galva<\/li>\n<li>Entr\u00e9e 1&Prime;1\/2 M\u00e2le<\/li>\n<li>Sortie 1&Prime;1\/2 M\u00e2le<\/li>\n<li>pour arroseur en\u00a0 1&Prime; et 1&Prime;1\/2<\/li>\n<\/ul>\n<p><img data-recalc-dims=\"1\" decoding=\"async\" class=\"alignnone wp-image-4392\" src=\"https:\/\/i0.wp.com\/www.rolland-sprinklers.com\/IRRIGATION\/wp-content\/uploads\/2022\/03\/Telechargement-fiche-technique.png?resize=205%2C45&#038;ssl=1\" alt=\"\" width=\"205\" height=\"45\" srcset=\"https:\/\/i0.wp.com\/www.rolland-sprinklers.com\/IRRIGATION\/wp-content\/uploads\/2022\/03\/Telechargement-fiche-technique.png?resize=300%2C66&amp;ssl=1 300w, https:\/\/i0.wp.com\/www.rolland-sprinklers.com\/IRRIGATION\/wp-content\/uploads\/2022\/03\/Telechargement-fiche-technique.png?resize=18%2C4&amp;ssl=1 18w, https:\/\/i0.wp.com\/www.rolland-sprinklers.com\/IRRIGATION\/wp-content\/uploads\/2022\/03\/Telechargement-fiche-technique.png?w=366&amp;ssl=1 366w\" sizes=\"(max-width: 205px) 100vw, 205px\" \/> <a href=\"https:\/\/www.rolland-sprinklers.com\/IRRIGATION\/wp-content\/uploads\/2024\/07\/p54-Trepieds-YK-FR.pdf\" target=\"_blank\" rel=\"noopener\">Data sheet<\/a><\/p>\n<p><strong>Recommandation :<\/strong> ne pas oublier de pr\u00e9voir le raccord femelle permettant de fixer l&rsquo;arroseur.<\/p>","protected":false},"excerpt":{"rendered":"<p><span style=\"color: #ff0000;\"><strong>&#8211; CONTACTEZ NOUS DIRECTEMENT POUR OBTENIR UNE OFFRE DE PRIX &#8211;<\/strong><\/span><\/p>","protected":false},"featured_media":1850,"template":"","meta":[],"product_brand":[],"product_cat":[206,362],"product_tag":[],"class_list":{"0":"post-1849","1":"product","2":"type-product","3":"status-publish","4":"has-post-thumbnail","6":"product_cat-traineaux-supports","7":"product_cat-produits-non-disponibles-en-ligne","9":"first","10":"outofstock","11":"taxable","12":"shipping-taxable","13":"purchasable","14":"product-type-simple"},"jetpack_sharing_enabled":true,"_links":{"self":[{"href":"https:\/\/www.rolland-sprinklers.com\/IRRIGATION\/en\/wp-json\/wp\/v2\/product\/1849","targetHints":{"allow":["GET"]}}],"collection":[{"href":"https:\/\/www.rolland-sprinklers.com\/IRRIGATION\/en\/wp-json\/wp\/v2\/product"}],"about":[{"href":"https:\/\/www.rolland-sprinklers.com\/IRRIGATION\/en\/wp-json\/wp\/v2\/types\/product"}],"version-history":[{"count":10,"href":"https:\/\/www.rolland-sprinklers.com\/IRRIGATION\/en\/wp-json\/wp\/v2\/product\/1849\/revisions"}],"predecessor-version":[{"id":4837,"href":"https:\/\/www.rolland-sprinklers.com\/IRRIGATION\/en\/wp-json\/wp\/v2\/product\/1849\/revisions\/4837"}],"wp:featuredmedia":[{"embeddable":true,"href":"https:\/\/www.rolland-sprinklers.com\/IRRIGATION\/en\/wp-json\/wp\/v2\/media\/1850"}],"wp:attachment":[{"href":"https:\/\/www.rolland-sprinklers.com\/IRRIGATION\/en\/wp-json\/wp\/v2\/media?parent=1849"}],"wp:term":[{"taxonomy":"product_brand","embeddable":true,"href":"https:\/\/www.rolland-sprinklers.com\/IRRIGATION\/en\/wp-json\/wp\/v2\/product_brand?post=1849"},{"taxonomy":"product_cat","embeddable":true,"href":"https:\/\/www.rolland-sprinklers.com\/IRRIGATION\/en\/wp-json\/wp\/v2\/product_cat?post=1849"},{"taxonomy":"product_tag","embeddable":true,"href":"https:\/\/www.rolland-sprinklers.com\/IRRIGATION\/en\/wp-json\/wp\/v2\/product_tag?post=1849"}],"curies":[{"name":"wp","href":"https:\/\/api.w.org\/{rel}","templated":true}]}}