{"id":1837,"date":"2017-07-20T10:08:54","date_gmt":"2017-07-20T10:08:54","guid":{"rendered":"http:\/\/testrolland.justecordes.fr\/?product=coffret-bt12s"},"modified":"2026-04-20T14:57:19","modified_gmt":"2026-04-20T12:57:19","slug":"coffret-bt12s-luge-plastique-traineau-plastique","status":"publish","type":"product","link":"https:\/\/www.rolland-sprinklers.com\/IRRIGATION\/en\/product\/coffret-bt12s-luge-plastique-traineau-plastique\/","title":{"rendered":"Coffret BT12S"},"content":{"rendered":"<p>Le Coffret BT12S de ROLLAND contient un arroseur professionnel de derni\u00e8re g\u00e9n\u00e9ration (12-28S) et la nouvelle luge T12.<br \/>\nDe conception professionnelle, ces \u00e9quipements simples d\u2019utilisation, fiables, pr\u00e9cis et sans entretien<br \/>\ns\u2019adapteront parfaitement \u00e0 toutes les situations gr\u00e2ce aux nombreux r\u00e9glages possibles :<br \/>\nport\u00e9e \/ uniformit\u00e9 d\u2019arrosage \/ secteur d\u2019arrosage.<\/p>\n<p><strong>Utilisations :<\/strong><\/p>\n<ul>\n<li>Espaces verts<\/li>\n<li>potagers<\/li>\n<\/ul>\n<p><strong>Features and specifications :<\/strong><\/p>\n<ul>\n<li>Port\u00e9e (rayon) : de 4 \u00e0 9 m\u00e8tres<\/li>\n<li>Surface couverte : de 50 \u00e0 250 m\u00b2<\/li>\n<li>Angle d&rsquo;arrosage : de 25\u00b0 \u00e0 360\u00b0<\/li>\n<li>Traineau plastique lest\u00e9\u00a0 (1 kg)<\/li>\n<li>Fabriqu\u00e9 en France<\/li>\n<\/ul>\n<p><strong>Composition du coffret :<\/strong><\/p>\n<ul>\n<li>1 arroseur 12-28S<\/li>\n<li>1 kit vis brise-jet\n<ul>\n<li style=\"list-style-type: none;\"><\/li>\n<\/ul>\n<\/li>\n<li>1 bouchon<\/li>\n<li>1 traineau plastique T12<\/li>\n<\/ul>\n<p><img data-recalc-dims=\"1\" decoding=\"async\" class=\"alignnone wp-image-4392\" src=\"https:\/\/i0.wp.com\/www.rolland-sprinklers.com\/IRRIGATION\/wp-content\/uploads\/2022\/03\/Telechargement-fiche-technique.png?resize=205%2C45&#038;ssl=1\" alt=\"\" width=\"205\" height=\"45\" srcset=\"https:\/\/i0.wp.com\/www.rolland-sprinklers.com\/IRRIGATION\/wp-content\/uploads\/2022\/03\/Telechargement-fiche-technique.png?resize=300%2C66&amp;ssl=1 300w, https:\/\/i0.wp.com\/www.rolland-sprinklers.com\/IRRIGATION\/wp-content\/uploads\/2022\/03\/Telechargement-fiche-technique.png?resize=18%2C4&amp;ssl=1 18w, https:\/\/i0.wp.com\/www.rolland-sprinklers.com\/IRRIGATION\/wp-content\/uploads\/2022\/03\/Telechargement-fiche-technique.png?w=366&amp;ssl=1 366w\" sizes=\"(max-width: 205px) 100vw, 205px\" \/><a href=\"https:\/\/www.rolland-sprinklers.com\/IRRIGATION\/wp-content\/uploads\/2024\/07\/p35-BT12S-FR.pdf\" target=\"_blank\" rel=\"noopener\">Fiche technique BT12S<\/a><\/p>","protected":false},"excerpt":{"rendered":"<p>Le Coffret BT12S de ROLLAND contient un arroseur professionnel de derni\u00e8re g\u00e9n\u00e9ration (12-28S) et la nouvelle luge T12. De conception professionnelle, ces \u00e9quipements simples d\u2019utilisation, fiables, pr\u00e9cis et sans entretien s\u2019adapteront parfaitement \u00e0 toutes les situations gr\u00e2ce aux nombreux r\u00e9glages possibles : port\u00e9e \/ uniformit\u00e9 d\u2019arrosage \/ secteur d\u2019arrosage. Utilisations : Espaces verts potagers Caract\u00e9ristiques [&hellip;]<\/p>","protected":false},"featured_media":75,"template":"","meta":[],"product_brand":[],"product_cat":[206],"product_tag":[],"class_list":{"0":"post-1837","1":"product","2":"type-product","3":"status-publish","4":"has-post-thumbnail","6":"product_cat-traineaux-supports","8":"first","9":"instock","10":"taxable","11":"shipping-taxable","12":"purchasable","13":"product-type-simple"},"jetpack_sharing_enabled":true,"_links":{"self":[{"href":"https:\/\/www.rolland-sprinklers.com\/IRRIGATION\/en\/wp-json\/wp\/v2\/product\/1837","targetHints":{"allow":["GET"]}}],"collection":[{"href":"https:\/\/www.rolland-sprinklers.com\/IRRIGATION\/en\/wp-json\/wp\/v2\/product"}],"about":[{"href":"https:\/\/www.rolland-sprinklers.com\/IRRIGATION\/en\/wp-json\/wp\/v2\/types\/product"}],"version-history":[{"count":8,"href":"https:\/\/www.rolland-sprinklers.com\/IRRIGATION\/en\/wp-json\/wp\/v2\/product\/1837\/revisions"}],"predecessor-version":[{"id":8826,"href":"https:\/\/www.rolland-sprinklers.com\/IRRIGATION\/en\/wp-json\/wp\/v2\/product\/1837\/revisions\/8826"}],"wp:featuredmedia":[{"embeddable":true,"href":"https:\/\/www.rolland-sprinklers.com\/IRRIGATION\/en\/wp-json\/wp\/v2\/media\/75"}],"wp:attachment":[{"href":"https:\/\/www.rolland-sprinklers.com\/IRRIGATION\/en\/wp-json\/wp\/v2\/media?parent=1837"}],"wp:term":[{"taxonomy":"product_brand","embeddable":true,"href":"https:\/\/www.rolland-sprinklers.com\/IRRIGATION\/en\/wp-json\/wp\/v2\/product_brand?post=1837"},{"taxonomy":"product_cat","embeddable":true,"href":"https:\/\/www.rolland-sprinklers.com\/IRRIGATION\/en\/wp-json\/wp\/v2\/product_cat?post=1837"},{"taxonomy":"product_tag","embeddable":true,"href":"https:\/\/www.rolland-sprinklers.com\/IRRIGATION\/en\/wp-json\/wp\/v2\/product_tag?post=1837"}],"curies":[{"name":"wp","href":"https:\/\/api.w.org\/{rel}","templated":true}]}}