{"id":1763,"date":"2016-03-29T14:40:40","date_gmt":"2016-03-29T14:40:40","guid":{"rendered":"http:\/\/testrolland.justecordes.fr\/?product=kit-heliciculture"},"modified":"2025-04-03T13:45:33","modified_gmt":"2025-04-03T11:45:33","slug":"kit-heliciculture","status":"publish","type":"product","link":"https:\/\/www.rolland-sprinklers.com\/IRRIGATION\/en\/product\/kit-heliciculture\/","title":{"rendered":"KIT h\u00e9liciculture"},"content":{"rendered":"<p>Kit de d\u00e9marrage micro aspersion sp\u00e9cial h\u00e9liciculture, installation au sol.<\/p>\n<p><strong><strong>PRIX D\u00c9PART USINE : 515,34\u20ac TTC<\/strong> \/ POUR TOUTE COMMANDE CONSULTEZ-NOUS DIRECTEMENT.<\/strong><\/p>\n<table dir=\"ltr\" style=\"width: 445px; height: 410px;\" border=\"0\" width=\"313\" cellspacing=\"0\" cellpadding=\"0\">\n<tbody>\n<tr>\n<td style=\"width: 313px; height: 24px;\" height=\"23\"><strong>COMPOSITION DU KIT<\/strong><\/td>\n<\/tr>\n<tr>\n<td style=\"width: 313px; height: 178px;\" height=\"178\">\n<ul>\n<li>1\u00a0\u00a0\u00a0 programmateur \u00e0 pile, 8 d\u00e9parts\/jours.<\/li>\n<li>1\u00a0\u00a0\u00a0raccord \u00e9crou tournant 20&#215;3\/4&Prime;<\/li>\n<li>1\u00a0\u00a0\u00a0couronne tube goutte \u00e0 goutte \u00f820mm x 100m<\/li>\n<li>4\u00a0\u00a0\u00a0t\u00e9s \u00e0 bagues pour tube \u00f820mm.<\/li>\n<li>4\u00a0\u00a0\u00a0vannes \u00e0 bagues pour tube \u00f820mm<\/li>\n<li>5\u00a0\u00a0\u00a0bouchons \u00e0 bague pour tube \u00f820mm<\/li>\n<li>12\u00a0 asperseurs Rotojet avec buse \u00f81.2mm mont\u00e9e.<\/li>\n<li>1\u00a0\u00a0\u00a0couronne de tube souple \u00f84.4x7mm lg.15m<\/li>\n<li>12\u00a0 jonctions cannel\u00e9es pour tube souple.<\/li>\n<li>12\u00a0 tuteurs galvanis\u00e9s lg 1.2m<\/li>\n<li>1\u00a0\u00a0\u00a0emporte-pi\u00e8ce \u00f84mm<\/li>\n<\/ul>\n<\/td>\n<\/tr>\n<\/tbody>\n<\/table>\n<p><img data-recalc-dims=\"1\" decoding=\"async\" class=\"alignnone wp-image-4392\" src=\"https:\/\/i0.wp.com\/www.rolland-sprinklers.com\/IRRIGATION\/wp-content\/uploads\/2022\/03\/Telechargement-fiche-technique.png?resize=205%2C45&#038;ssl=1\" alt=\"\" width=\"205\" height=\"45\" srcset=\"https:\/\/i0.wp.com\/www.rolland-sprinklers.com\/IRRIGATION\/wp-content\/uploads\/2022\/03\/Telechargement-fiche-technique.png?resize=300%2C66&amp;ssl=1 300w, https:\/\/i0.wp.com\/www.rolland-sprinklers.com\/IRRIGATION\/wp-content\/uploads\/2022\/03\/Telechargement-fiche-technique.png?resize=18%2C4&amp;ssl=1 18w, https:\/\/i0.wp.com\/www.rolland-sprinklers.com\/IRRIGATION\/wp-content\/uploads\/2022\/03\/Telechargement-fiche-technique.png?w=366&amp;ssl=1 366w\" sizes=\"(max-width: 205px) 100vw, 205px\" \/>\u00a0 <a href=\"http:\/\/www.rolland-sprinklers.com\/Fichiers\/Irrigation\/Pub kit heliciculture FR.pdf\" target=\"_blank\" rel=\"noopener\">Documentation<\/a><\/p>","protected":false},"excerpt":{"rendered":"<p>Kit de d\u00e9marrage micro aspersion sp\u00e9cial h\u00e9liciculture, installation au sol. PRIX D\u00c9PART USINE : 515,34\u20ac TTC \/ POUR TOUTE COMMANDE CONSULTEZ-NOUS DIRECTEMENT. COMPOSITION DU KIT 1\u00a0\u00a0\u00a0 programmateur \u00e0 pile, 8 d\u00e9parts\/jours. 1\u00a0\u00a0\u00a0raccord \u00e9crou tournant 20&#215;3\/4&Prime; 1\u00a0\u00a0\u00a0couronne tube goutte \u00e0 goutte \u00f820mm x 100m 4\u00a0\u00a0\u00a0t\u00e9s \u00e0 bagues pour tube \u00f820mm. 4\u00a0\u00a0\u00a0vannes \u00e0 bagues pour tube \u00f820mm [&hellip;]<\/p>","protected":false},"featured_media":1764,"template":"","meta":[],"product_brand":[],"product_cat":[157],"product_tag":[],"class_list":{"0":"post-1763","1":"product","2":"type-product","3":"status-publish","4":"has-post-thumbnail","6":"product_cat-micro-aspersion-goutteur","7":"pa_1-choix-de-buse-motrice-317-o1-verte","8":"pa_1-choix-de-buse-motrice-317-o12-marron","9":"pa_1-choix-de-buse-motrice-317-o15-rouge","10":"pa_1-choix-de-buse-motrice-317-o17-orange","11":"pa_1-choix-de-buse-motrice-317-o2-jaune","12":"pa_1-choix-de-buse-motrice-317-o22-noire","13":"pa_1-choix-de-buse-motrice-317-o24-blanche","15":"first","16":"instock","17":"taxable","18":"shipping-taxable","19":"purchasable","20":"product-type-variable"},"jetpack_sharing_enabled":true,"_links":{"self":[{"href":"https:\/\/www.rolland-sprinklers.com\/IRRIGATION\/en\/wp-json\/wp\/v2\/product\/1763","targetHints":{"allow":["GET"]}}],"collection":[{"href":"https:\/\/www.rolland-sprinklers.com\/IRRIGATION\/en\/wp-json\/wp\/v2\/product"}],"about":[{"href":"https:\/\/www.rolland-sprinklers.com\/IRRIGATION\/en\/wp-json\/wp\/v2\/types\/product"}],"version-history":[{"count":7,"href":"https:\/\/www.rolland-sprinklers.com\/IRRIGATION\/en\/wp-json\/wp\/v2\/product\/1763\/revisions"}],"predecessor-version":[{"id":9620,"href":"https:\/\/www.rolland-sprinklers.com\/IRRIGATION\/en\/wp-json\/wp\/v2\/product\/1763\/revisions\/9620"}],"wp:featuredmedia":[{"embeddable":true,"href":"https:\/\/www.rolland-sprinklers.com\/IRRIGATION\/en\/wp-json\/wp\/v2\/media\/1764"}],"wp:attachment":[{"href":"https:\/\/www.rolland-sprinklers.com\/IRRIGATION\/en\/wp-json\/wp\/v2\/media?parent=1763"}],"wp:term":[{"taxonomy":"product_brand","embeddable":true,"href":"https:\/\/www.rolland-sprinklers.com\/IRRIGATION\/en\/wp-json\/wp\/v2\/product_brand?post=1763"},{"taxonomy":"product_cat","embeddable":true,"href":"https:\/\/www.rolland-sprinklers.com\/IRRIGATION\/en\/wp-json\/wp\/v2\/product_cat?post=1763"},{"taxonomy":"product_tag","embeddable":true,"href":"https:\/\/www.rolland-sprinklers.com\/IRRIGATION\/en\/wp-json\/wp\/v2\/product_tag?post=1763"}],"curies":[{"name":"wp","href":"https:\/\/api.w.org\/{rel}","templated":true}]}}