{"id":1757,"date":"2016-03-22T09:53:42","date_gmt":"2016-03-22T09:53:42","guid":{"rendered":"http:\/\/testrolland.justecordes.fr\/?product=jonction-jcp10d"},"modified":"2025-04-03T13:45:08","modified_gmt":"2025-04-03T11:45:08","slug":"jonction-jcp10d","status":"publish","type":"product","link":"https:\/\/www.rolland-sprinklers.com\/IRRIGATION\/en\/product\/jonction-jcp10d\/","title":{"rendered":"Jonction JCP10D"},"content":{"rendered":"<p>Jonction JCP10D pour raccorder le tube \u00d811&#215;15 du pic P10 \u00e0 un tube goutte \u00e0 goutte.<\/p>\n<p>Cette jonction est d\u00e9montable rapidement.<\/p>\n<p>Per\u00e7age \u00e0 l&#8217;emporte pi\u00e8ce \u00d86 du tube goutte \u00e0 goutte.<\/p>\n<p>Livr\u00e9e avec bouchon pour obturer le percage \u00d86 lorsque le pic est enlev\u00e9.<\/p>\n<p><img data-recalc-dims=\"1\" decoding=\"async\" src=\"https:\/\/i0.wp.com\/testrolland.justecordes.fr\/wp-content\/uploads\/catalog\/images\/logoacrobat.gif?w=980\" \/> <a href=\"http:\/\/www.rolland-sprinklers.com\/Fichiers\/Irrigation\/p54-JonctionsFR-DIST.pdf\" target=\"blank\" rel=\"noopener\">Fiche technique Jonctions<\/a><\/p>","protected":false},"excerpt":{"rendered":"<p>Jonction JCP10D pour raccorder le tube \u00d811&#215;15 du pic P10 \u00e0 un tube goutte \u00e0 goutte. Cette jonction est d\u00e9montable rapidement. Per\u00e7age \u00e0 l&#8217;emporte pi\u00e8ce \u00d86 du tube goutte \u00e0 goutte. Livr\u00e9e avec bouchon pour obturer le percage \u00d86 lorsque le pic est enlev\u00e9. Fiche technique Jonctions<\/p>","protected":false},"featured_media":1758,"template":"","meta":[],"product_brand":[],"product_cat":[205],"product_tag":[],"class_list":{"0":"post-1757","1":"product","2":"type-product","3":"status-publish","4":"has-post-thumbnail","6":"product_cat-jonctions","8":"first","9":"instock","10":"taxable","11":"shipping-taxable","12":"purchasable","13":"product-type-simple"},"jetpack_sharing_enabled":true,"_links":{"self":[{"href":"https:\/\/www.rolland-sprinklers.com\/IRRIGATION\/en\/wp-json\/wp\/v2\/product\/1757","targetHints":{"allow":["GET"]}}],"collection":[{"href":"https:\/\/www.rolland-sprinklers.com\/IRRIGATION\/en\/wp-json\/wp\/v2\/product"}],"about":[{"href":"https:\/\/www.rolland-sprinklers.com\/IRRIGATION\/en\/wp-json\/wp\/v2\/types\/product"}],"version-history":[{"count":1,"href":"https:\/\/www.rolland-sprinklers.com\/IRRIGATION\/en\/wp-json\/wp\/v2\/product\/1757\/revisions"}],"predecessor-version":[{"id":4516,"href":"https:\/\/www.rolland-sprinklers.com\/IRRIGATION\/en\/wp-json\/wp\/v2\/product\/1757\/revisions\/4516"}],"wp:featuredmedia":[{"embeddable":true,"href":"https:\/\/www.rolland-sprinklers.com\/IRRIGATION\/en\/wp-json\/wp\/v2\/media\/1758"}],"wp:attachment":[{"href":"https:\/\/www.rolland-sprinklers.com\/IRRIGATION\/en\/wp-json\/wp\/v2\/media?parent=1757"}],"wp:term":[{"taxonomy":"product_brand","embeddable":true,"href":"https:\/\/www.rolland-sprinklers.com\/IRRIGATION\/en\/wp-json\/wp\/v2\/product_brand?post=1757"},{"taxonomy":"product_cat","embeddable":true,"href":"https:\/\/www.rolland-sprinklers.com\/IRRIGATION\/en\/wp-json\/wp\/v2\/product_cat?post=1757"},{"taxonomy":"product_tag","embeddable":true,"href":"https:\/\/www.rolland-sprinklers.com\/IRRIGATION\/en\/wp-json\/wp\/v2\/product_tag?post=1757"}],"curies":[{"name":"wp","href":"https:\/\/api.w.org\/{rel}","templated":true}]}}