{"id":1755,"date":"2016-03-22T09:47:11","date_gmt":"2016-03-22T09:47:11","guid":{"rendered":"http:\/\/testrolland.justecordes.fr\/?product=jonction-jcp10j"},"modified":"2025-04-03T13:45:08","modified_gmt":"2025-04-03T11:45:08","slug":"jonction-jcp10j","status":"publish","type":"product","link":"https:\/\/www.rolland-sprinklers.com\/IRRIGATION\/en\/product\/jonction-jcp10j\/","title":{"rendered":"Jonction JCP10J"},"content":{"rendered":"<p>Jonction JCP10J pour raccorder le tube \u00d811&#215;15 du pic P10 \u00e0 un tube goutte \u00e0 goutte.<\/p>\n<p>Per\u00e7age \u00e0 l&#8217;emporte pi\u00e8ce \u00d86 du tube goutte \u00e0 goutte.<\/p>\n<p><img data-recalc-dims=\"1\" decoding=\"async\" src=\"https:\/\/i0.wp.com\/testrolland.justecordes.fr\/wp-content\/uploads\/catalog\/images\/logoacrobat.gif?w=980\" \/> <a href=\"http:\/\/www.rolland-sprinklers.com\/Fichiers\/Irrigation\/p54-JonctionsFR-DIST.pdf\" target=\"blank\" rel=\"noopener\">Fiche technique Jonctions<\/a><\/p>","protected":false},"excerpt":{"rendered":"<p>Jonction JCP10J pour raccorder le tube \u00d811&#215;15 du pic P10 \u00e0 un tube goutte \u00e0 goutte. Per\u00e7age \u00e0 l&#8217;emporte pi\u00e8ce \u00d86 du tube goutte \u00e0 goutte. Fiche technique Jonctions<\/p>","protected":false},"featured_media":1756,"template":"","meta":[],"product_brand":[],"product_cat":[205],"product_tag":[],"class_list":{"0":"post-1755","1":"product","2":"type-product","3":"status-publish","4":"has-post-thumbnail","6":"product_cat-jonctions","8":"first","9":"instock","10":"taxable","11":"shipping-taxable","12":"purchasable","13":"product-type-simple"},"jetpack_sharing_enabled":true,"_links":{"self":[{"href":"https:\/\/www.rolland-sprinklers.com\/IRRIGATION\/en\/wp-json\/wp\/v2\/product\/1755","targetHints":{"allow":["GET"]}}],"collection":[{"href":"https:\/\/www.rolland-sprinklers.com\/IRRIGATION\/en\/wp-json\/wp\/v2\/product"}],"about":[{"href":"https:\/\/www.rolland-sprinklers.com\/IRRIGATION\/en\/wp-json\/wp\/v2\/types\/product"}],"version-history":[{"count":1,"href":"https:\/\/www.rolland-sprinklers.com\/IRRIGATION\/en\/wp-json\/wp\/v2\/product\/1755\/revisions"}],"predecessor-version":[{"id":4559,"href":"https:\/\/www.rolland-sprinklers.com\/IRRIGATION\/en\/wp-json\/wp\/v2\/product\/1755\/revisions\/4559"}],"wp:featuredmedia":[{"embeddable":true,"href":"https:\/\/www.rolland-sprinklers.com\/IRRIGATION\/en\/wp-json\/wp\/v2\/media\/1756"}],"wp:attachment":[{"href":"https:\/\/www.rolland-sprinklers.com\/IRRIGATION\/en\/wp-json\/wp\/v2\/media?parent=1755"}],"wp:term":[{"taxonomy":"product_brand","embeddable":true,"href":"https:\/\/www.rolland-sprinklers.com\/IRRIGATION\/en\/wp-json\/wp\/v2\/product_brand?post=1755"},{"taxonomy":"product_cat","embeddable":true,"href":"https:\/\/www.rolland-sprinklers.com\/IRRIGATION\/en\/wp-json\/wp\/v2\/product_cat?post=1755"},{"taxonomy":"product_tag","embeddable":true,"href":"https:\/\/www.rolland-sprinklers.com\/IRRIGATION\/en\/wp-json\/wp\/v2\/product_tag?post=1755"}],"curies":[{"name":"wp","href":"https:\/\/api.w.org\/{rel}","templated":true}]}}