{"id":1687,"date":"2015-07-06T11:58:57","date_gmt":"2015-07-06T11:58:57","guid":{"rendered":"http:\/\/testrolland.justecordes.fr\/?product=kit-secteur-12s"},"modified":"2026-04-20T14:56:27","modified_gmt":"2026-04-20T12:56:27","slug":"kit-secteur-12s-1","status":"publish","type":"product","link":"https:\/\/www.rolland-sprinklers.com\/IRRIGATION\/en\/product\/kit-secteur-12s-1\/","title":{"rendered":"Part circle kit 12S"},"content":{"rendered":"<p>Permet de transformer tr\u00e8s simplement un arroseur 12.8 ou 12.28 circulaire \u00e0 un arroseur \u00e0 secteur. Kit secteur interchangeable brevet\u00e9 se fixant tr\u00e8s rapidement dans l&#8217;emplacement de la buse arri\u00e8re (ou bouchon) pour un montage \/ d\u00e9montage rapide. Combin\u00e9 avec des arroseurs plein cercle, il permet d&rsquo;irriguer uniquement une zone bien d\u00e9fini et donc de ne pas gaspiller d&rsquo;eau.<\/p>\n<p><strong>Use :<\/strong><\/p>\n<ul>\n<li>Irrigation des bordures de champs, fin de ligne<\/li>\n<li>A utiliser avec arroseurs 12-8 et 12-28<\/li>\n<\/ul>\n<p><strong>Features and specifications :<\/strong><\/p>\n<ul>\n<li>Mati\u00e8re: plastique tr\u00e8s r\u00e9sistant aux rayons UV et aux produits chimiques<\/li>\n<li>Fixation ba\u00efonnettes (1\/4 de tour)<\/li>\n<li><cite>Syst\u00e8me brevet\u00e9 ROLLAND arroseurs\/sprinklers<br \/>\n<\/cite><\/li>\n<\/ul>\n<p><cite>Arroseur 12-28S (Arroseur 12-28\u00b0 + Kit secteur 12S) :<\/cite><\/p>\n<p><img data-recalc-dims=\"1\" fetchpriority=\"high\" decoding=\"async\" class=\"alignnone wp-image-4691\" src=\"https:\/\/i0.wp.com\/www.rolland-sprinklers.com\/IRRIGATION\/wp-content\/uploads\/2015\/07\/montage-kits-12S-po-12-28.png?resize=602%2C173&#038;ssl=1\" alt=\"\" width=\"602\" height=\"173\" srcset=\"https:\/\/i0.wp.com\/www.rolland-sprinklers.com\/IRRIGATION\/wp-content\/uploads\/2015\/07\/montage-kits-12S-po-12-28.png?resize=300%2C86&amp;ssl=1 300w, https:\/\/i0.wp.com\/www.rolland-sprinklers.com\/IRRIGATION\/wp-content\/uploads\/2015\/07\/montage-kits-12S-po-12-28.png?resize=18%2C5&amp;ssl=1 18w, https:\/\/i0.wp.com\/www.rolland-sprinklers.com\/IRRIGATION\/wp-content\/uploads\/2015\/07\/montage-kits-12S-po-12-28.png?resize=416%2C119&amp;ssl=1 416w, https:\/\/i0.wp.com\/www.rolland-sprinklers.com\/IRRIGATION\/wp-content\/uploads\/2015\/07\/montage-kits-12S-po-12-28.png?w=627&amp;ssl=1 627w\" sizes=\"(max-width: 602px) 100vw, 602px\" \/><\/p>\n<p>&nbsp;<\/p>\n<p><img data-recalc-dims=\"1\" decoding=\"async\" class=\"alignnone wp-image-4393\" src=\"https:\/\/i0.wp.com\/www.rolland-sprinklers.com\/IRRIGATION\/wp-content\/uploads\/2022\/03\/Telechargement-Notice-de-montage.png?resize=203%2C44&#038;ssl=1\" alt=\"\" width=\"203\" height=\"44\" srcset=\"https:\/\/i0.wp.com\/www.rolland-sprinklers.com\/IRRIGATION\/wp-content\/uploads\/2022\/03\/Telechargement-Notice-de-montage.png?resize=300%2C65&amp;ssl=1 300w, https:\/\/i0.wp.com\/www.rolland-sprinklers.com\/IRRIGATION\/wp-content\/uploads\/2022\/03\/Telechargement-Notice-de-montage.png?resize=18%2C4&amp;ssl=1 18w, https:\/\/i0.wp.com\/www.rolland-sprinklers.com\/IRRIGATION\/wp-content\/uploads\/2022\/03\/Telechargement-Notice-de-montage.png?w=366&amp;ssl=1 366w\" sizes=\"(max-width: 203px) 100vw, 203px\" \/> <a href=\"https:\/\/www.rolland-sprinklers.com\/IRRIGATION\/wp-content\/uploads\/2022\/07\/Notice-montage-KIT12S-KIT20S.png\" target=\"_blank\" rel=\"noopener\">Notice montage KIT12S \/ KIT20S<\/a><\/p>\n<p>&nbsp;<\/p>","protected":false},"excerpt":{"rendered":"<p>Permet de transformer tr\u00e8s simplement un arroseur 12.8 ou 12.28 circulaire \u00e0 un arroseur \u00e0 secteur. Kit secteur interchangeable brevet\u00e9 se fixant tr\u00e8s rapidement dans l&#8217;emplacement de la buse arri\u00e8re (ou bouchon) pour un montage \/ d\u00e9montage rapide. Combin\u00e9 avec des arroseurs plein cercle, il permet d&rsquo;irriguer uniquement une zone bien d\u00e9fini et donc de [&hellip;]<\/p>","protected":false},"featured_media":1688,"template":"","meta":[],"product_brand":[],"product_cat":[154,155],"product_tag":[],"class_list":{"0":"post-1687","1":"product","2":"type-product","3":"status-publish","4":"has-post-thumbnail","6":"product_cat-arroseurs-de-surface","7":"product_cat-arroseurs-angle-bas","9":"first","10":"instock","11":"taxable","12":"shipping-taxable","13":"purchasable","14":"product-type-simple"},"jetpack_sharing_enabled":true,"_links":{"self":[{"href":"https:\/\/www.rolland-sprinklers.com\/IRRIGATION\/en\/wp-json\/wp\/v2\/product\/1687","targetHints":{"allow":["GET"]}}],"collection":[{"href":"https:\/\/www.rolland-sprinklers.com\/IRRIGATION\/en\/wp-json\/wp\/v2\/product"}],"about":[{"href":"https:\/\/www.rolland-sprinklers.com\/IRRIGATION\/en\/wp-json\/wp\/v2\/types\/product"}],"version-history":[{"count":8,"href":"https:\/\/www.rolland-sprinklers.com\/IRRIGATION\/en\/wp-json\/wp\/v2\/product\/1687\/revisions"}],"predecessor-version":[{"id":4923,"href":"https:\/\/www.rolland-sprinklers.com\/IRRIGATION\/en\/wp-json\/wp\/v2\/product\/1687\/revisions\/4923"}],"wp:featuredmedia":[{"embeddable":true,"href":"https:\/\/www.rolland-sprinklers.com\/IRRIGATION\/en\/wp-json\/wp\/v2\/media\/1688"}],"wp:attachment":[{"href":"https:\/\/www.rolland-sprinklers.com\/IRRIGATION\/en\/wp-json\/wp\/v2\/media?parent=1687"}],"wp:term":[{"taxonomy":"product_brand","embeddable":true,"href":"https:\/\/www.rolland-sprinklers.com\/IRRIGATION\/en\/wp-json\/wp\/v2\/product_brand?post=1687"},{"taxonomy":"product_cat","embeddable":true,"href":"https:\/\/www.rolland-sprinklers.com\/IRRIGATION\/en\/wp-json\/wp\/v2\/product_cat?post=1687"},{"taxonomy":"product_tag","embeddable":true,"href":"https:\/\/www.rolland-sprinklers.com\/IRRIGATION\/en\/wp-json\/wp\/v2\/product_tag?post=1687"}],"curies":[{"name":"wp","href":"https:\/\/api.w.org\/{rel}","templated":true}]}}