{"id":1685,"date":"2015-07-01T11:48:49","date_gmt":"2015-07-01T09:48:49","guid":{"rendered":"http:\/\/testrolland.justecordes.fr\/?product=maxi-drip"},"modified":"2025-04-03T13:45:39","modified_gmt":"2025-04-03T11:45:39","slug":"maxi-drip","status":"publish","type":"product","link":"https:\/\/www.rolland-sprinklers.com\/IRRIGATION\/en\/product\/maxi-drip\/","title":{"rendered":"Maxi drip"},"content":{"rendered":"<p>Ce syst\u00e8me simple et efficace est la solution pour b\u00e9n\u00e9ficier des avantages de l\u2019irrigation goutte \u00e0 goutte et en minimiser les inconv\u00e9nients.<br \/>\nCe syst\u00e8me est compos\u00e9 d&rsquo;un ajutage en laiton dont l\u2019orifice est tr\u00e8s pr\u00e9cis\u00e9ment calibr\u00e9 (usinage au 1\/100 de mm). Les diff\u00e9rents diam\u00e8tres d\u2019orifice permettent de r\u00e9pondre au d\u00e9bit d\u2019eau calcul\u00e9 dans le projet d\u2019irrigation (\u00d8 sp\u00e9ciaux nous consulter). Un brise-jet en Polyol\u00e9fines qui vient s\u2019embo\u00eeter sur l\u2019ajutage pour assurer la distribution de l\u2019eau ainsi que la protection contre les insectes et autres corps \u00e9trangers.<\/p>\n<p><strong>Avantages :<\/strong><\/p>\n<ul>\n<li>\u00c9conomie d\u2019eau<\/li>\n<li>Tol\u00e9rance sur eaux charg\u00e9es<\/li>\n<li>Filtration simplifi\u00e9e<\/li>\n<li>Montage simple<\/li>\n<li>Faible co\u00fbt<\/li>\n<li>Large gamme de diam\u00e8tres<\/li>\n<li>Adaptation \u00e0 des lignes longues<\/li>\n<li>Solidit\u00e9 des \u00e9metteurs laiton<\/li>\n<li>R\u00e9ponse \u00e0 des besoins en eau importants<\/li>\n<\/ul>\n<p><strong>Use :<\/strong><\/p>\n<ul>\n<li>Lorsque les conditions de sol, climat et plante n\u00e9cessitent l\u2019utilisation d\u2019irrigation localis\u00e9e<\/li>\n<li>Lorsque l\u2019installation de filtration est rudimentaire et que l\u2019eau est charg\u00e9e d\u2019impuret\u00e9s<\/li>\n<li>Lorsque les quantit\u00e9s d\u2019eau apport\u00e9es par un syst\u00e8me classique de goutte \u00e0 goutte se r\u00e9v\u00e8lent insuffisantes, lors de demandes importantes par la plante (forte chaleur et vent)<\/li>\n<li>Lorsque les parties a\u00e9riennes de la plante ne doivent pas \u00eatre en contact direct avec l\u2019eau (maladies cryptogamiques et bact\u00e9riologiques)<\/li>\n<li>Lorsque Une grande souplesse de montage est demand\u00e9e et que les lignes \u00e0 arroser sont longues (variation du \u00d8 des Maxi Drip sur la ligne)<\/li>\n<\/ul>\n<p><strong>Features and specifications :<\/strong><\/p>\n<ul>\n<li>Pression de service : 0,5 \u00e0 1,5 bars<\/li>\n<li>Diam\u00e8tre : de 0,8 \u00e0 1,7 mm<\/li>\n<li>D\u00e9bit : de 14,16 \u00e0 92,40 l\/heure<\/li>\n<\/ul>\n<p><img data-recalc-dims=\"1\" decoding=\"async\" class=\"alignnone wp-image-4392\" src=\"https:\/\/i0.wp.com\/www.rolland-sprinklers.com\/IRRIGATION\/wp-content\/uploads\/2022\/03\/Telechargement-fiche-technique.png?resize=205%2C45&#038;ssl=1\" alt=\"\" width=\"205\" height=\"45\" srcset=\"https:\/\/i0.wp.com\/www.rolland-sprinklers.com\/IRRIGATION\/wp-content\/uploads\/2022\/03\/Telechargement-fiche-technique.png?resize=300%2C66&amp;ssl=1 300w, https:\/\/i0.wp.com\/www.rolland-sprinklers.com\/IRRIGATION\/wp-content\/uploads\/2022\/03\/Telechargement-fiche-technique.png?resize=18%2C4&amp;ssl=1 18w, https:\/\/i0.wp.com\/www.rolland-sprinklers.com\/IRRIGATION\/wp-content\/uploads\/2022\/03\/Telechargement-fiche-technique.png?w=366&amp;ssl=1 366w\" sizes=\"(max-width: 205px) 100vw, 205px\" \/> <a href=\"http:\/\/www.rolland-sprinklers.com\/Fichiers\/Irrigation\/p50-Maxi drip-FR.pdf\" target=\"blank\" rel=\"noopener\">Data sheet<\/a><\/p>\n<p><img data-recalc-dims=\"1\" decoding=\"async\" class=\"alignnone wp-image-4391\" src=\"https:\/\/i0.wp.com\/www.rolland-sprinklers.com\/IRRIGATION\/wp-content\/uploads\/2022\/03\/Telechargement-Fiche-commerciale.png?resize=203%2C44&#038;ssl=1\" alt=\"\" width=\"203\" height=\"44\" srcset=\"https:\/\/i0.wp.com\/www.rolland-sprinklers.com\/IRRIGATION\/wp-content\/uploads\/2022\/03\/Telechargement-Fiche-commerciale.png?resize=300%2C65&amp;ssl=1 300w, https:\/\/i0.wp.com\/www.rolland-sprinklers.com\/IRRIGATION\/wp-content\/uploads\/2022\/03\/Telechargement-Fiche-commerciale.png?resize=18%2C4&amp;ssl=1 18w, https:\/\/i0.wp.com\/www.rolland-sprinklers.com\/IRRIGATION\/wp-content\/uploads\/2022\/03\/Telechargement-Fiche-commerciale.png?resize=416%2C90&amp;ssl=1 416w, https:\/\/i0.wp.com\/www.rolland-sprinklers.com\/IRRIGATION\/wp-content\/uploads\/2022\/03\/Telechargement-Fiche-commerciale.png?w=570&amp;ssl=1 570w\" sizes=\"(max-width: 203px) 100vw, 203px\" \/> <a href=\"https:\/\/www.rolland-sprinklers.com\/IRRIGATION\/wp-content\/uploads\/2023\/05\/p49-pub-MAXIDRIP-FR-V2.pdf\" target=\"_blank\" rel=\"noopener\">Documentation<\/a><\/p>","protected":false},"excerpt":{"rendered":"<p>Ce syst\u00e8me simple et efficace est la solution pour b\u00e9n\u00e9ficier des avantages de l\u2019irrigation goutte \u00e0 goutte et en minimiser les inconv\u00e9nients. Ce syst\u00e8me est compos\u00e9 d&rsquo;un ajutage en laiton dont l\u2019orifice est tr\u00e8s pr\u00e9cis\u00e9ment calibr\u00e9 (usinage au 1\/100 de mm). Les diff\u00e9rents diam\u00e8tres d\u2019orifice permettent de r\u00e9pondre au d\u00e9bit d\u2019eau calcul\u00e9 dans le projet [&hellip;]<\/p>","protected":false},"featured_media":7784,"template":"","meta":[],"product_brand":[],"product_cat":[157],"product_tag":[],"class_list":{"0":"post-1685","1":"product","2":"type-product","3":"status-publish","4":"has-post-thumbnail","6":"product_cat-micro-aspersion-goutteur","7":"pa_1-choix-du-modele-do08-violet","8":"pa_1-choix-du-modele-do09-vert","9":"pa_1-choix-du-modele-do10-gris","10":"pa_1-choix-du-modele-do11-marron","11":"pa_1-choix-du-modele-do12-noire","12":"pa_1-choix-du-modele-do13-orange","13":"pa_1-choix-du-modele-do14-bleu","14":"pa_1-choix-du-modele-do15-beige","15":"pa_1-choix-du-modele-do16-rouge","16":"pa_1-choix-du-modele-do17-jaune","18":"first","19":"instock","20":"taxable","21":"shipping-taxable","22":"purchasable","23":"product-type-variable"},"jetpack_sharing_enabled":true,"_links":{"self":[{"href":"https:\/\/www.rolland-sprinklers.com\/IRRIGATION\/en\/wp-json\/wp\/v2\/product\/1685","targetHints":{"allow":["GET"]}}],"collection":[{"href":"https:\/\/www.rolland-sprinklers.com\/IRRIGATION\/en\/wp-json\/wp\/v2\/product"}],"about":[{"href":"https:\/\/www.rolland-sprinklers.com\/IRRIGATION\/en\/wp-json\/wp\/v2\/types\/product"}],"version-history":[{"count":4,"href":"https:\/\/www.rolland-sprinklers.com\/IRRIGATION\/en\/wp-json\/wp\/v2\/product\/1685\/revisions"}],"predecessor-version":[{"id":7874,"href":"https:\/\/www.rolland-sprinklers.com\/IRRIGATION\/en\/wp-json\/wp\/v2\/product\/1685\/revisions\/7874"}],"wp:featuredmedia":[{"embeddable":true,"href":"https:\/\/www.rolland-sprinklers.com\/IRRIGATION\/en\/wp-json\/wp\/v2\/media\/7784"}],"wp:attachment":[{"href":"https:\/\/www.rolland-sprinklers.com\/IRRIGATION\/en\/wp-json\/wp\/v2\/media?parent=1685"}],"wp:term":[{"taxonomy":"product_brand","embeddable":true,"href":"https:\/\/www.rolland-sprinklers.com\/IRRIGATION\/en\/wp-json\/wp\/v2\/product_brand?post=1685"},{"taxonomy":"product_cat","embeddable":true,"href":"https:\/\/www.rolland-sprinklers.com\/IRRIGATION\/en\/wp-json\/wp\/v2\/product_cat?post=1685"},{"taxonomy":"product_tag","embeddable":true,"href":"https:\/\/www.rolland-sprinklers.com\/IRRIGATION\/en\/wp-json\/wp\/v2\/product_tag?post=1685"}],"curies":[{"name":"wp","href":"https:\/\/api.w.org\/{rel}","templated":true}]}}