{"id":1659,"date":"2015-06-29T16:31:00","date_gmt":"2015-06-29T16:31:00","guid":{"rendered":"http:\/\/testrolland.justecordes.fr\/?product=arroseur-128s-secteur"},"modified":"2026-04-20T14:57:10","modified_gmt":"2026-04-20T12:57:10","slug":"arroseur-128s-secteur","status":"publish","type":"product","link":"https:\/\/www.rolland-sprinklers.com\/IRRIGATION\/en\/product\/arroseur-128s-secteur\/","title":{"rendered":"Arroseur 12-8S secteur"},"content":{"rendered":"<p>Le 12-88 est un asperseur plastique \u00e0 hautes performances sp\u00e9cialement \u00e9tudi\u00e9 pour l\u2019irrigation sous frondaison.<\/p>\n<p>C\u2019est le seul\u00a0 asperseur \u00e0 angle bas permettant un arrosage sectoris\u00e9 gr\u00e2ce \u00e0 son kit secteur amovible (KIT12S). Disponible avec des buses (1\/4 tour) ronde ou fendue permettant d&rsquo;assurer une grande port\u00e9e ou une excellente r\u00e9partition d&rsquo;arrosage suivant les configurations de montage. Pas sensible aux vibrations, faible hauteur du jet, fonctionnant \u00e0 basse pression, cette\u00a0 nouvelle g\u00e9n\u00e9ration d\u2019arroseur \u00e0 impact<\/p>\n<p><strong>Use :<\/strong><\/p>\n<ul>\n<li>Arrosage sous frondaison<\/li>\n<li>Verger (pomme, poire, noix, cerise, etc&#8230;)<\/li>\n<li>P\u00e9pini\u00e8re<\/li>\n<li>Recommand\u00e9 en fin de ligne, bordure de parcelle.<\/li>\n<\/ul>\n<p><strong>Features and specifications :<\/strong><\/p>\n<ul>\n<li>D\u00e9bit de 0.30 \u00e0 1.50 m3\/h<\/li>\n<li>Port\u00e9e de 8.60 \u00e0 11 m<\/li>\n<li>Pression de service de 2 \u00e0 4 bars<\/li>\n<li>Filetage 1\/2 \u00a0\u00bb m\u00e2le<\/li>\n<li>Angle du jet : 8\u00b0<\/li>\n<li>Arroseur Plastique<cite><cite><cite><cite><\/cite><\/cite><\/cite><\/cite><\/li>\n<\/ul>\n<p><a href=\"http:\/\/www.rolland-sprinklers.com\/Fichiers\/Irrigation\/p13-12-8FR-DIST.pdf\" target=\"blank\" rel=\"noopener\"><img data-recalc-dims=\"1\" decoding=\"async\" class=\"alignnone wp-image-4392\" src=\"https:\/\/i0.wp.com\/www.rolland-sprinklers.com\/IRRIGATION\/wp-content\/uploads\/2022\/03\/Telechargement-fiche-technique.png?resize=205%2C45&#038;ssl=1\" alt=\"\" width=\"205\" height=\"45\" srcset=\"https:\/\/i0.wp.com\/www.rolland-sprinklers.com\/IRRIGATION\/wp-content\/uploads\/2022\/03\/Telechargement-fiche-technique.png?resize=300%2C66&amp;ssl=1 300w, https:\/\/i0.wp.com\/www.rolland-sprinklers.com\/IRRIGATION\/wp-content\/uploads\/2022\/03\/Telechargement-fiche-technique.png?resize=18%2C4&amp;ssl=1 18w, https:\/\/i0.wp.com\/www.rolland-sprinklers.com\/IRRIGATION\/wp-content\/uploads\/2022\/03\/Telechargement-fiche-technique.png?w=366&amp;ssl=1 366w\" sizes=\"(max-width: 205px) 100vw, 205px\" \/>Fiche technique 12-8<\/a><\/p>\n<p><img data-recalc-dims=\"1\" decoding=\"async\" class=\"alignnone wp-image-4391\" src=\"https:\/\/i0.wp.com\/www.rolland-sprinklers.com\/IRRIGATION\/wp-content\/uploads\/2022\/03\/Telechargement-Fiche-commerciale.png?resize=203%2C44&#038;ssl=1\" alt=\"\" width=\"203\" height=\"44\" srcset=\"https:\/\/i0.wp.com\/www.rolland-sprinklers.com\/IRRIGATION\/wp-content\/uploads\/2022\/03\/Telechargement-Fiche-commerciale.png?resize=300%2C65&amp;ssl=1 300w, https:\/\/i0.wp.com\/www.rolland-sprinklers.com\/IRRIGATION\/wp-content\/uploads\/2022\/03\/Telechargement-Fiche-commerciale.png?resize=18%2C4&amp;ssl=1 18w, https:\/\/i0.wp.com\/www.rolland-sprinklers.com\/IRRIGATION\/wp-content\/uploads\/2022\/03\/Telechargement-Fiche-commerciale.png?resize=416%2C90&amp;ssl=1 416w, https:\/\/i0.wp.com\/www.rolland-sprinklers.com\/IRRIGATION\/wp-content\/uploads\/2022\/03\/Telechargement-Fiche-commerciale.png?w=570&amp;ssl=1 570w\" sizes=\"(max-width: 203px) 100vw, 203px\" \/> <a href=\"https:\/\/www.rolland-sprinklers.com\/IRRIGATION\/wp-content\/uploads\/2023\/05\/p12-pub-12-8-FR-V2.pdf\" target=\"_blank\" rel=\"noopener\">Documentation 12-8<\/a><\/p>\n<p><img data-recalc-dims=\"1\" decoding=\"async\" class=\"alignnone wp-image-4396\" src=\"https:\/\/i0.wp.com\/www.rolland-sprinklers.com\/IRRIGATION\/wp-content\/uploads\/2022\/03\/Telechargement-Vue-Eclate-300x65.png?resize=203%2C44&#038;ssl=1\" alt=\"\" width=\"203\" height=\"44\" srcset=\"https:\/\/i0.wp.com\/www.rolland-sprinklers.com\/IRRIGATION\/wp-content\/uploads\/2022\/03\/Telechargement-Vue-Eclate.png?resize=300%2C65&amp;ssl=1 300w, https:\/\/i0.wp.com\/www.rolland-sprinklers.com\/IRRIGATION\/wp-content\/uploads\/2022\/03\/Telechargement-Vue-Eclate.png?resize=18%2C4&amp;ssl=1 18w, https:\/\/i0.wp.com\/www.rolland-sprinklers.com\/IRRIGATION\/wp-content\/uploads\/2022\/03\/Telechargement-Vue-Eclate.png?w=366&amp;ssl=1 366w\" sizes=\"(max-width: 203px) 100vw, 203px\" \/> <a href=\"http:\/\/www.rolland-sprinklers.com\/Fichiers\/Irrigation\/sp12-8.PDF\" rel=\"noopener\">Vue \u00e9clat\u00e9e 12-8<\/a><\/p>\n<p><img data-recalc-dims=\"1\" loading=\"lazy\" decoding=\"async\" class=\"alignnone wp-image-4393\" src=\"https:\/\/i0.wp.com\/www.rolland-sprinklers.com\/IRRIGATION\/wp-content\/uploads\/2022\/03\/Telechargement-Notice-de-montage.png?resize=203%2C44&#038;ssl=1\" alt=\"\" width=\"203\" height=\"44\" srcset=\"https:\/\/i0.wp.com\/www.rolland-sprinklers.com\/IRRIGATION\/wp-content\/uploads\/2022\/03\/Telechargement-Notice-de-montage.png?resize=300%2C65&amp;ssl=1 300w, https:\/\/i0.wp.com\/www.rolland-sprinklers.com\/IRRIGATION\/wp-content\/uploads\/2022\/03\/Telechargement-Notice-de-montage.png?resize=18%2C4&amp;ssl=1 18w, https:\/\/i0.wp.com\/www.rolland-sprinklers.com\/IRRIGATION\/wp-content\/uploads\/2022\/03\/Telechargement-Notice-de-montage.png?w=366&amp;ssl=1 366w\" sizes=\"(max-width: 203px) 100vw, 203px\" \/> <a href=\"http:\/\/www.rolland-sprinklers.com\/Fichiers\/Irrigation\/Notice Kit 12S-20S.PDF\" target=\"blank\" rel=\"noopener\">Sector Kit 12S assembly <\/a><\/p>","protected":false},"excerpt":{"rendered":"<p>Le 12-88 est un asperseur plastique \u00e0 hautes performances sp\u00e9cialement \u00e9tudi\u00e9 pour l\u2019irrigation sous frondaison. C\u2019est le seul\u00a0 asperseur \u00e0 angle bas permettant un arrosage sectoris\u00e9 gr\u00e2ce \u00e0 son kit secteur amovible (KIT12S). Disponible avec des buses (1\/4 tour) ronde ou fendue permettant d&rsquo;assurer une grande port\u00e9e ou une excellente r\u00e9partition d&rsquo;arrosage suivant les configurations [&hellip;]<\/p>","protected":false},"featured_media":1660,"template":"","meta":[],"product_brand":[],"product_cat":[155],"product_tag":[],"class_list":{"0":"post-1659","1":"product","2":"type-product","3":"status-publish","4":"has-post-thumbnail","6":"product_cat-arroseurs-angle-bas","7":"pa_1-choix-de-buse-motrice-1217-20c-vert-pastel","8":"pa_1-choix-de-buse-motrice-1217-o22-marron","9":"pa_1-choix-de-buse-motrice-1217-o25-verte-foncee","10":"pa_1-choix-de-buse-motrice-1217-o3-beige","11":"pa_1-choix-de-buse-motrice-1217-o3e-saumon","12":"pa_1-choix-de-buse-motrice-2017-o35-grise","13":"pa_1-choix-de-buse-motrice-2017-o4-jaune","14":"pa_1-choix-de-buse-motrice-2017-o45-orange","15":"pa_1-choix-de-buse-motrice-2017e-o35-blanche","16":"pa_1-choix-de-buse-motrice-2017e-o4-bleue","17":"pa_1-choix-de-buse-motrice-2017e-o45-noire","18":"pa_2-brise-jet-non","19":"pa_2-brise-jet-oui","21":"first","22":"instock","23":"taxable","24":"shipping-taxable","25":"purchasable","26":"product-type-variable","27":"has-default-attributes"},"jetpack_sharing_enabled":true,"_links":{"self":[{"href":"https:\/\/www.rolland-sprinklers.com\/IRRIGATION\/en\/wp-json\/wp\/v2\/product\/1659","targetHints":{"allow":["GET"]}}],"collection":[{"href":"https:\/\/www.rolland-sprinklers.com\/IRRIGATION\/en\/wp-json\/wp\/v2\/product"}],"about":[{"href":"https:\/\/www.rolland-sprinklers.com\/IRRIGATION\/en\/wp-json\/wp\/v2\/types\/product"}],"version-history":[{"count":7,"href":"https:\/\/www.rolland-sprinklers.com\/IRRIGATION\/en\/wp-json\/wp\/v2\/product\/1659\/revisions"}],"predecessor-version":[{"id":7875,"href":"https:\/\/www.rolland-sprinklers.com\/IRRIGATION\/en\/wp-json\/wp\/v2\/product\/1659\/revisions\/7875"}],"wp:featuredmedia":[{"embeddable":true,"href":"https:\/\/www.rolland-sprinklers.com\/IRRIGATION\/en\/wp-json\/wp\/v2\/media\/1660"}],"wp:attachment":[{"href":"https:\/\/www.rolland-sprinklers.com\/IRRIGATION\/en\/wp-json\/wp\/v2\/media?parent=1659"}],"wp:term":[{"taxonomy":"product_brand","embeddable":true,"href":"https:\/\/www.rolland-sprinklers.com\/IRRIGATION\/en\/wp-json\/wp\/v2\/product_brand?post=1659"},{"taxonomy":"product_cat","embeddable":true,"href":"https:\/\/www.rolland-sprinklers.com\/IRRIGATION\/en\/wp-json\/wp\/v2\/product_cat?post=1659"},{"taxonomy":"product_tag","embeddable":true,"href":"https:\/\/www.rolland-sprinklers.com\/IRRIGATION\/en\/wp-json\/wp\/v2\/product_tag?post=1659"}],"curies":[{"name":"wp","href":"https:\/\/api.w.org\/{rel}","templated":true}]}}