{"id":1615,"date":"2015-06-29T14:49:17","date_gmt":"2015-06-29T14:49:17","guid":{"rendered":"http:\/\/testrolland.justecordes.fr\/?product=arroseur-20s-secteur"},"modified":"2026-04-20T14:57:10","modified_gmt":"2026-04-20T12:57:10","slug":"arroseur-20s-secteur","status":"publish","type":"product","link":"https:\/\/www.rolland-sprinklers.com\/IRRIGATION\/en\/product\/arroseur-20s-secteur\/","title":{"rendered":"20S part circle sprinkler"},"content":{"rendered":"<p>L&rsquo;arroseur \u00e0 secteur r\u00e9glable 20S est un appareil plastique \u00e0 hautes performances.<br \/>\nIl est \u00e9quip\u00e9 du syst\u00e8me ROLLAND de r\u00e9duction de turbulence. Avec un large choix de buse (rondes ou fendues) \u00e0 montage\/d\u00e9montage rapide ( 1\/4 de tour), le \u00ab\u00a020\u00a0\u00bb permet d&rsquo;irriguer avec pr\u00e9cision et justesse.<\/p>\n<p><strong>Use :<\/strong><\/p>\n<ul>\n<li>Mara\u00eechage<\/li>\n<li>Grandes cultures (c\u00e9r\u00e9ales, &#8230;)<\/li>\n<li>Arrosage sur frondaison<\/li>\n<\/ul>\n<p><strong>Features and specifications :<\/strong><\/p>\n<ul>\n<li>D\u00e9bit de 0.80 \u00e0 2.10 m3\/h<\/li>\n<li>Port\u00e9e de 12.50 \u00e0 16.20 m<\/li>\n<li>Pression de service de 2.5 \u00e0 4 bars<\/li>\n<li>Filetage 3\/4 \u00a0\u00bb m\u00e2le<\/li>\n<li>Angle du jet 24\u00b0<\/li>\n<li>Arroseur plastique<\/li>\n<\/ul>\n<p><img data-recalc-dims=\"1\" decoding=\"async\" class=\"alignnone wp-image-4392\" src=\"https:\/\/i0.wp.com\/www.rolland-sprinklers.com\/IRRIGATION\/wp-content\/uploads\/2022\/03\/Telechargement-fiche-technique.png?resize=205%2C45&#038;ssl=1\" alt=\"\" width=\"205\" height=\"45\" srcset=\"https:\/\/i0.wp.com\/www.rolland-sprinklers.com\/IRRIGATION\/wp-content\/uploads\/2022\/03\/Telechargement-fiche-technique.png?resize=300%2C66&amp;ssl=1 300w, https:\/\/i0.wp.com\/www.rolland-sprinklers.com\/IRRIGATION\/wp-content\/uploads\/2022\/03\/Telechargement-fiche-technique.png?resize=18%2C4&amp;ssl=1 18w, https:\/\/i0.wp.com\/www.rolland-sprinklers.com\/IRRIGATION\/wp-content\/uploads\/2022\/03\/Telechargement-fiche-technique.png?w=366&amp;ssl=1 366w\" sizes=\"(max-width: 205px) 100vw, 205px\" \/> <a href=\"http:\/\/www.rolland-sprinklers.com\/Fichiers\/Irrigation\/p24-20FR-DIST.pdf\" target=\"blank\" rel=\"noopener\">Data sheet 20-20S<\/a><\/p>\n<p><img data-recalc-dims=\"1\" decoding=\"async\" class=\"alignnone wp-image-4391\" src=\"https:\/\/i0.wp.com\/www.rolland-sprinklers.com\/IRRIGATION\/wp-content\/uploads\/2022\/03\/Telechargement-Fiche-commerciale.png?resize=203%2C44&#038;ssl=1\" alt=\"\" width=\"203\" height=\"44\" srcset=\"https:\/\/i0.wp.com\/www.rolland-sprinklers.com\/IRRIGATION\/wp-content\/uploads\/2022\/03\/Telechargement-Fiche-commerciale.png?resize=300%2C65&amp;ssl=1 300w, https:\/\/i0.wp.com\/www.rolland-sprinklers.com\/IRRIGATION\/wp-content\/uploads\/2022\/03\/Telechargement-Fiche-commerciale.png?resize=18%2C4&amp;ssl=1 18w, https:\/\/i0.wp.com\/www.rolland-sprinklers.com\/IRRIGATION\/wp-content\/uploads\/2022\/03\/Telechargement-Fiche-commerciale.png?resize=416%2C90&amp;ssl=1 416w, https:\/\/i0.wp.com\/www.rolland-sprinklers.com\/IRRIGATION\/wp-content\/uploads\/2022\/03\/Telechargement-Fiche-commerciale.png?w=570&amp;ssl=1 570w\" sizes=\"(max-width: 203px) 100vw, 203px\" \/> <a href=\"https:\/\/www.rolland-sprinklers.com\/IRRIGATION\/wp-content\/uploads\/2023\/05\/p24-pub-2020s-FR-V2.pdf\" target=\"_blank\" rel=\"noopener\">Documentation<\/a><\/p>\n<p><img data-recalc-dims=\"1\" decoding=\"async\" class=\"alignnone wp-image-4396\" src=\"https:\/\/i0.wp.com\/www.rolland-sprinklers.com\/IRRIGATION\/wp-content\/uploads\/2022\/03\/Telechargement-Vue-Eclate-300x65.png?resize=203%2C44&#038;ssl=1\" alt=\"\" width=\"203\" height=\"44\" srcset=\"https:\/\/i0.wp.com\/www.rolland-sprinklers.com\/IRRIGATION\/wp-content\/uploads\/2022\/03\/Telechargement-Vue-Eclate.png?resize=300%2C65&amp;ssl=1 300w, https:\/\/i0.wp.com\/www.rolland-sprinklers.com\/IRRIGATION\/wp-content\/uploads\/2022\/03\/Telechargement-Vue-Eclate.png?resize=18%2C4&amp;ssl=1 18w, https:\/\/i0.wp.com\/www.rolland-sprinklers.com\/IRRIGATION\/wp-content\/uploads\/2022\/03\/Telechargement-Vue-Eclate.png?w=366&amp;ssl=1 366w\" sizes=\"(max-width: 203px) 100vw, 203px\" \/> <a href=\"http:\/\/www.rolland-sprinklers.com\/Fichiers\/Irrigation\/628_sp20.pdf\" target=\"blank\" rel=\"noopener\">Vue \u00e9clat\u00e9e 20<\/a><\/p>\n<p><img data-recalc-dims=\"1\" loading=\"lazy\" decoding=\"async\" class=\"alignnone wp-image-4393\" src=\"https:\/\/i0.wp.com\/www.rolland-sprinklers.com\/IRRIGATION\/wp-content\/uploads\/2022\/03\/Telechargement-Notice-de-montage.png?resize=203%2C44&#038;ssl=1\" alt=\"\" width=\"203\" height=\"44\" srcset=\"https:\/\/i0.wp.com\/www.rolland-sprinklers.com\/IRRIGATION\/wp-content\/uploads\/2022\/03\/Telechargement-Notice-de-montage.png?resize=300%2C65&amp;ssl=1 300w, https:\/\/i0.wp.com\/www.rolland-sprinklers.com\/IRRIGATION\/wp-content\/uploads\/2022\/03\/Telechargement-Notice-de-montage.png?resize=18%2C4&amp;ssl=1 18w, https:\/\/i0.wp.com\/www.rolland-sprinklers.com\/IRRIGATION\/wp-content\/uploads\/2022\/03\/Telechargement-Notice-de-montage.png?w=366&amp;ssl=1 366w\" sizes=\"(max-width: 203px) 100vw, 203px\" \/> <a href=\"https:\/\/www.rolland-sprinklers.com\/IRRIGATION\/wp-content\/uploads\/2022\/07\/Notice-montage-KIT12S-KIT20S.png\" target=\"_blank\" rel=\"noopener\">Sector Kit 20S assembly<\/a><\/p>\n<p><a href=\"https:\/\/www.rolland-sprinklers.com\/IRRIGATION\/wp-content\/uploads\/2022\/07\/Notice-montage-BJ12-BJ20.png\" target=\"_blank\" rel=\"noopener\">Notice montage kit BJ20<\/a><\/p>","protected":false},"excerpt":{"rendered":"<p>L&rsquo;arroseur \u00e0 secteur r\u00e9glable 20S est un appareil plastique \u00e0 hautes performances. Il est \u00e9quip\u00e9 du syst\u00e8me ROLLAND de r\u00e9duction de turbulence. Avec un large choix de buse (rondes ou fendues) \u00e0 montage\/d\u00e9montage rapide ( 1\/4 de tour), le \u00ab\u00a020\u00a0\u00bb permet d&rsquo;irriguer avec pr\u00e9cision et justesse. Utilisation : Mara\u00eechage Grandes cultures (c\u00e9r\u00e9ales, &#8230;) Arrosage sur [&hellip;]<\/p>","protected":false},"featured_media":1616,"template":"","meta":[],"product_brand":[],"product_cat":[154],"product_tag":[],"class_list":{"0":"post-1615","1":"product","2":"type-product","3":"status-publish","4":"has-post-thumbnail","6":"product_cat-arroseurs-de-surface","7":"pa_1-choix-de-buse-motrice-2017-o35-grise","8":"pa_1-choix-de-buse-motrice-2017-o4-jaune","9":"pa_1-choix-de-buse-motrice-2017-o45-orange","10":"pa_1-choix-de-buse-motrice-2017-o5-violette","11":"pa_1-choix-de-buse-motrice-2017e-o35-blanche","12":"pa_1-choix-de-buse-motrice-2017e-o4-bleue","13":"pa_1-choix-de-buse-motrice-2017e-o45-noire","14":"pa_1-choix-de-buse-motrice-2017e-o5-verte","15":"pa_1-choix-de-buse-motrice-2017e-o55-rouge","16":"pa_2-brise-jet-non","17":"pa_2-brise-jet-oui","19":"first","20":"instock","21":"taxable","22":"shipping-taxable","23":"purchasable","24":"product-type-variable","25":"has-default-attributes"},"jetpack_sharing_enabled":true,"_links":{"self":[{"href":"https:\/\/www.rolland-sprinklers.com\/IRRIGATION\/en\/wp-json\/wp\/v2\/product\/1615","targetHints":{"allow":["GET"]}}],"collection":[{"href":"https:\/\/www.rolland-sprinklers.com\/IRRIGATION\/en\/wp-json\/wp\/v2\/product"}],"about":[{"href":"https:\/\/www.rolland-sprinklers.com\/IRRIGATION\/en\/wp-json\/wp\/v2\/types\/product"}],"version-history":[{"count":5,"href":"https:\/\/www.rolland-sprinklers.com\/IRRIGATION\/en\/wp-json\/wp\/v2\/product\/1615\/revisions"}],"predecessor-version":[{"id":4807,"href":"https:\/\/www.rolland-sprinklers.com\/IRRIGATION\/en\/wp-json\/wp\/v2\/product\/1615\/revisions\/4807"}],"wp:featuredmedia":[{"embeddable":true,"href":"https:\/\/www.rolland-sprinklers.com\/IRRIGATION\/en\/wp-json\/wp\/v2\/media\/1616"}],"wp:attachment":[{"href":"https:\/\/www.rolland-sprinklers.com\/IRRIGATION\/en\/wp-json\/wp\/v2\/media?parent=1615"}],"wp:term":[{"taxonomy":"product_brand","embeddable":true,"href":"https:\/\/www.rolland-sprinklers.com\/IRRIGATION\/en\/wp-json\/wp\/v2\/product_brand?post=1615"},{"taxonomy":"product_cat","embeddable":true,"href":"https:\/\/www.rolland-sprinklers.com\/IRRIGATION\/en\/wp-json\/wp\/v2\/product_cat?post=1615"},{"taxonomy":"product_tag","embeddable":true,"href":"https:\/\/www.rolland-sprinklers.com\/IRRIGATION\/en\/wp-json\/wp\/v2\/product_tag?post=1615"}],"curies":[{"name":"wp","href":"https:\/\/api.w.org\/{rel}","templated":true}]}}