{"id":1593,"date":"2015-06-19T15:41:52","date_gmt":"2015-06-19T15:41:52","guid":{"rendered":"http:\/\/testrolland.justecordes.fr\/?product=canon-51s-secteur"},"modified":"2026-04-20T14:55:16","modified_gmt":"2026-04-20T12:55:16","slug":"canon-51s-secteur","status":"publish","type":"product","link":"https:\/\/www.rolland-sprinklers.com\/IRRIGATION\/en\/product\/canon-51s-secteur\/","title":{"rendered":"51S part circle rain gun sprinkler"},"content":{"rendered":"<p>ROLLAND's rain guns are available either with a classical speed control brake (constant flow water) or a special hydraulic speed control brake (for variable water pressure supply).<br \/>\nLe grand choix de buses permet l&rsquo;adaptation \u00e0 diff\u00e9rent type d&rsquo;application.<br \/>\nThe ROLLAND's rain gun is very efficient for any sloped fields because of its fast reverse action, avoiding soil erosion.<br \/>\nAvailable in marine grade bronze for special application.<\/p>\n<p>Features and specifications :<\/p>\n<p>* Discharge: 15 to 73 m3\/h.<br \/>\n* Radius: 33 to 58 m.<br \/>\n* Pressure: 4 to 8 bars.<br \/>\n* 2\" female thread inlet.\n* Trajectory angle: 24\u00b0.<br \/>\n*Available models:<br \/>\n51S (part circle)<br \/>\n51SH (part circle, hydraulic speed control brake).<\/p>\n<p><img data-recalc-dims=\"1\" decoding=\"async\" src=\"https:\/\/i0.wp.com\/testrolland.justecordes.fr\/wp-content\/uploads\/catalog\/images\/logoacrobat.gif?w=980\" \/> <a href=\"http:\/\/www.rolland-sprinklers.com\/Fichiers\/Irrigation\/p35-51FR-DIST.pdf\" target=\"blank\" rel=\"noopener\">Data sheet 51C\/51S<\/a><\/p>\n<p><img data-recalc-dims=\"1\" decoding=\"async\" src=\"https:\/\/i0.wp.com\/testrolland.justecordes.fr\/wp-content\/uploads\/catalog\/images\/logoacrobat.gif?w=980\" \/> <a href=\"http:\/\/www.rolland-sprinklers.com\/Fichiers\/Irrigation\/doc%20Canon%2051.pdf\" target=\"blank\" rel=\"noopener\">Documentation<\/a><\/p>\n<p><img data-recalc-dims=\"1\" decoding=\"async\" src=\"https:\/\/i0.wp.com\/testrolland.justecordes.fr\/wp-content\/uploads\/catalog\/images\/logoacrobat.gif?w=980\" \/> <a href=\"http:\/\/www.rolland-sprinklers.com\/Fichiers\/Irrigation\/516_plan_51s.pdf\" target=\"blank\" rel=\"noopener\">Vue \u00e9clat\u00e9e 51S<\/a><\/p>","protected":false},"excerpt":{"rendered":"<p>Les canons ROLLAND, en version standard ou \u00e0 frein hydraulique, sont tr\u00e8s appr\u00e9ci\u00e9s pour leur r\u00e9partition d&rsquo;eau et leur tr\u00e8s longue port\u00e9e. Le grand choix de buses permet l&rsquo;adaptation \u00e0 diff\u00e9rent type d&rsquo;application. Il est particuli\u00e8rement conseill\u00e9 dans les zones de pente avec son contre poids. Un mod\u00e8le en bronze marine peut \u00eatre command\u00e9 pour [&hellip;]<\/p>","protected":false},"featured_media":1594,"template":"","meta":[],"product_brand":[],"product_cat":[366],"product_tag":[],"class_list":{"0":"post-1593","1":"product","2":"type-product","3":"status-publish","4":"has-post-thumbnail","6":"product_cat-non-classe","8":"first","9":"outofstock","10":"taxable","11":"shipping-taxable","12":"purchasable","13":"product-type-simple"},"jetpack_sharing_enabled":true,"_links":{"self":[{"href":"https:\/\/www.rolland-sprinklers.com\/IRRIGATION\/en\/wp-json\/wp\/v2\/product\/1593","targetHints":{"allow":["GET"]}}],"collection":[{"href":"https:\/\/www.rolland-sprinklers.com\/IRRIGATION\/en\/wp-json\/wp\/v2\/product"}],"about":[{"href":"https:\/\/www.rolland-sprinklers.com\/IRRIGATION\/en\/wp-json\/wp\/v2\/types\/product"}],"version-history":[{"count":1,"href":"https:\/\/www.rolland-sprinklers.com\/IRRIGATION\/en\/wp-json\/wp\/v2\/product\/1593\/revisions"}],"predecessor-version":[{"id":3876,"href":"https:\/\/www.rolland-sprinklers.com\/IRRIGATION\/en\/wp-json\/wp\/v2\/product\/1593\/revisions\/3876"}],"wp:featuredmedia":[{"embeddable":true,"href":"https:\/\/www.rolland-sprinklers.com\/IRRIGATION\/en\/wp-json\/wp\/v2\/media\/1594"}],"wp:attachment":[{"href":"https:\/\/www.rolland-sprinklers.com\/IRRIGATION\/en\/wp-json\/wp\/v2\/media?parent=1593"}],"wp:term":[{"taxonomy":"product_brand","embeddable":true,"href":"https:\/\/www.rolland-sprinklers.com\/IRRIGATION\/en\/wp-json\/wp\/v2\/product_brand?post=1593"},{"taxonomy":"product_cat","embeddable":true,"href":"https:\/\/www.rolland-sprinklers.com\/IRRIGATION\/en\/wp-json\/wp\/v2\/product_cat?post=1593"},{"taxonomy":"product_tag","embeddable":true,"href":"https:\/\/www.rolland-sprinklers.com\/IRRIGATION\/en\/wp-json\/wp\/v2\/product_tag?post=1593"}],"curies":[{"name":"wp","href":"https:\/\/api.w.org\/{rel}","templated":true}]}}