{"id":1381,"date":"2014-01-09T14:53:47","date_gmt":"2014-01-09T14:53:47","guid":{"rendered":"http:\/\/testrolland.justecordes.fr\/?product=arroseur-128-circulaire"},"modified":"2026-04-20T14:56:35","modified_gmt":"2026-04-20T12:56:35","slug":"arroseur-128-circulaire","status":"publish","type":"product","link":"https:\/\/www.rolland-sprinklers.com\/IRRIGATION\/en\/product\/arroseur-128-circulaire\/","title":{"rendered":"Arroseur 12-8 circulaire"},"content":{"rendered":"<p>Le 12-8 est un asperseur plastique nouvelle g\u00e9n\u00e9ration \u00e0 hautes performances.<\/p>\n<p>Ses buses (1\/4 tour) avec guide jet int\u00e9gr\u00e9, de forme ronde ou fendue, permettent d&rsquo;assurer une grande port\u00e9e ou une excellente r\u00e9partition d&rsquo;arrosage. L&rsquo;arroseur peut aussi \u00eatre \u00e9quip\u00e9 d&rsquo;une buse arri\u00e8re ou d&rsquo;un bouchon. L&rsquo;arroseur 12.8 Circulaire peut facilement se transformer en arroseur \u00e0 secteur en ajoutant un kit secteur (KIT12S).<\/p>\n<p><strong>Use :<\/strong><\/p>\n<ul>\n<li>Arrosage sous frondaison<\/li>\n<li>Verger (pomme, poire, cerise, noix, etc&#8230;)<\/li>\n<li>P\u00e9pini\u00e8re<\/li>\n<\/ul>\n<p><strong>Features and specifications :<\/strong><\/p>\n<ul>\n<li>D\u00e9bit de 0.30 \u00e0 1.50 m3\/h<\/li>\n<li>Port\u00e9e de 8.60 \u00e0 11 m<\/li>\n<li>Pression de service de 2 \u00e0 4 bars<\/li>\n<li>Filetage 1\/2 \u00a0\u00bb m\u00e2le<\/li>\n<li>Angle du jet : 8\u00b0<\/li>\n<li>Arroseur Plastique<\/li>\n<\/ul>\n<p><img data-recalc-dims=\"1\" decoding=\"async\" class=\"alignnone wp-image-4392\" src=\"https:\/\/i0.wp.com\/www.rolland-sprinklers.com\/IRRIGATION\/wp-content\/uploads\/2022\/03\/Telechargement-fiche-technique.png?resize=205%2C45&#038;ssl=1\" alt=\"\" width=\"205\" height=\"45\" srcset=\"https:\/\/i0.wp.com\/www.rolland-sprinklers.com\/IRRIGATION\/wp-content\/uploads\/2022\/03\/Telechargement-fiche-technique.png?resize=300%2C66&amp;ssl=1 300w, https:\/\/i0.wp.com\/www.rolland-sprinklers.com\/IRRIGATION\/wp-content\/uploads\/2022\/03\/Telechargement-fiche-technique.png?resize=18%2C4&amp;ssl=1 18w, https:\/\/i0.wp.com\/www.rolland-sprinklers.com\/IRRIGATION\/wp-content\/uploads\/2022\/03\/Telechargement-fiche-technique.png?w=366&amp;ssl=1 366w\" sizes=\"(max-width: 205px) 100vw, 205px\" \/>\u00a0<a href=\"http:\/\/www.rolland-sprinklers.com\/Fichiers\/Irrigation\/p13-12-8FR-DIST.pdf\" target=\"_blank\" rel=\"noopener\">Fiche technique 12-8<\/a><\/p>\n<p><img data-recalc-dims=\"1\" decoding=\"async\" class=\"alignnone wp-image-4391\" src=\"https:\/\/i0.wp.com\/www.rolland-sprinklers.com\/IRRIGATION\/wp-content\/uploads\/2022\/03\/Telechargement-Fiche-commerciale.png?resize=203%2C44&#038;ssl=1\" alt=\"\" width=\"203\" height=\"44\" srcset=\"https:\/\/i0.wp.com\/www.rolland-sprinklers.com\/IRRIGATION\/wp-content\/uploads\/2022\/03\/Telechargement-Fiche-commerciale.png?resize=300%2C65&amp;ssl=1 300w, https:\/\/i0.wp.com\/www.rolland-sprinklers.com\/IRRIGATION\/wp-content\/uploads\/2022\/03\/Telechargement-Fiche-commerciale.png?resize=18%2C4&amp;ssl=1 18w, https:\/\/i0.wp.com\/www.rolland-sprinklers.com\/IRRIGATION\/wp-content\/uploads\/2022\/03\/Telechargement-Fiche-commerciale.png?resize=416%2C90&amp;ssl=1 416w, https:\/\/i0.wp.com\/www.rolland-sprinklers.com\/IRRIGATION\/wp-content\/uploads\/2022\/03\/Telechargement-Fiche-commerciale.png?w=570&amp;ssl=1 570w\" sizes=\"(max-width: 203px) 100vw, 203px\" \/> <a href=\"https:\/\/www.rolland-sprinklers.com\/IRRIGATION\/wp-content\/uploads\/2023\/05\/p12-pub-12-8-FR-V2.pdf\" target=\"_blank\" rel=\"noopener\">Documentation 12-8<\/a><\/p>\n<p><img data-recalc-dims=\"1\" decoding=\"async\" class=\"alignnone wp-image-4396\" src=\"https:\/\/i0.wp.com\/www.rolland-sprinklers.com\/IRRIGATION\/wp-content\/uploads\/2022\/03\/Telechargement-Vue-Eclate-300x65.png?resize=203%2C44&#038;ssl=1\" alt=\"\" width=\"203\" height=\"44\" srcset=\"https:\/\/i0.wp.com\/www.rolland-sprinklers.com\/IRRIGATION\/wp-content\/uploads\/2022\/03\/Telechargement-Vue-Eclate.png?resize=300%2C65&amp;ssl=1 300w, https:\/\/i0.wp.com\/www.rolland-sprinklers.com\/IRRIGATION\/wp-content\/uploads\/2022\/03\/Telechargement-Vue-Eclate.png?resize=18%2C4&amp;ssl=1 18w, https:\/\/i0.wp.com\/www.rolland-sprinklers.com\/IRRIGATION\/wp-content\/uploads\/2022\/03\/Telechargement-Vue-Eclate.png?w=366&amp;ssl=1 366w\" sizes=\"(max-width: 203px) 100vw, 203px\" \/> <a href=\"http:\/\/www.rolland-sprinklers.com\/Fichiers\/Irrigation\/sp12-8.PDF\" target=\"_blank\" rel=\"noopener\">Vue \u00e9clat\u00e9e 12-8<\/a><\/p>","protected":false},"excerpt":{"rendered":"<p>Le 12-8 est un asperseur plastique nouvelle g\u00e9n\u00e9ration \u00e0 hautes performances. Ses buses (1\/4 tour) avec guide jet int\u00e9gr\u00e9, de forme ronde ou fendue, permettent d&rsquo;assurer une grande port\u00e9e ou une excellente r\u00e9partition d&rsquo;arrosage. L&rsquo;arroseur peut aussi \u00eatre \u00e9quip\u00e9 d&rsquo;une buse arri\u00e8re ou d&rsquo;un bouchon. L&rsquo;arroseur 12.8 Circulaire peut facilement se transformer en arroseur \u00e0 [&hellip;]<\/p>","protected":false},"featured_media":1382,"template":"","meta":[],"product_brand":[],"product_cat":[155],"product_tag":[],"class_list":{"0":"post-1381","1":"product","2":"type-product","3":"status-publish","4":"has-post-thumbnail","6":"product_cat-arroseurs-angle-bas","7":"pa_1-choix-de-buse-motrice-1217-20c-vert-pastel","8":"pa_1-choix-de-buse-motrice-1217-o22-marron","9":"pa_1-choix-de-buse-motrice-1217-o25-verte-foncee","10":"pa_1-choix-de-buse-motrice-1217-o3-beige","11":"pa_1-choix-de-buse-motrice-1217-o3e-saumon","12":"pa_1-choix-de-buse-motrice-2017-o35-grise","13":"pa_1-choix-de-buse-motrice-2017-o4-jaune","14":"pa_1-choix-de-buse-motrice-2017-o45-orange","15":"pa_1-choix-de-buse-motrice-2017e-o35-blanche","16":"pa_1-choix-de-buse-motrice-2017e-o4-bleue","17":"pa_1-choix-de-buse-motrice-2017e-o45-noire","18":"pa_2-choix-de-buse-arriere-bouchon-1219-noir","19":"pa_2-choix-de-buse-arriere-buse-arriere-12438c2b0-o2-bleue-foncee","20":"pa_3-brise-jet-non","21":"pa_3-brise-jet-oui","23":"first","24":"instock","25":"taxable","26":"shipping-taxable","27":"purchasable","28":"product-type-variable","29":"has-default-attributes"},"jetpack_sharing_enabled":true,"_links":{"self":[{"href":"https:\/\/www.rolland-sprinklers.com\/IRRIGATION\/en\/wp-json\/wp\/v2\/product\/1381","targetHints":{"allow":["GET"]}}],"collection":[{"href":"https:\/\/www.rolland-sprinklers.com\/IRRIGATION\/en\/wp-json\/wp\/v2\/product"}],"about":[{"href":"https:\/\/www.rolland-sprinklers.com\/IRRIGATION\/en\/wp-json\/wp\/v2\/types\/product"}],"version-history":[{"count":15,"href":"https:\/\/www.rolland-sprinklers.com\/IRRIGATION\/en\/wp-json\/wp\/v2\/product\/1381\/revisions"}],"predecessor-version":[{"id":4659,"href":"https:\/\/www.rolland-sprinklers.com\/IRRIGATION\/en\/wp-json\/wp\/v2\/product\/1381\/revisions\/4659"}],"wp:featuredmedia":[{"embeddable":true,"href":"https:\/\/www.rolland-sprinklers.com\/IRRIGATION\/en\/wp-json\/wp\/v2\/media\/1382"}],"wp:attachment":[{"href":"https:\/\/www.rolland-sprinklers.com\/IRRIGATION\/en\/wp-json\/wp\/v2\/media?parent=1381"}],"wp:term":[{"taxonomy":"product_brand","embeddable":true,"href":"https:\/\/www.rolland-sprinklers.com\/IRRIGATION\/en\/wp-json\/wp\/v2\/product_brand?post=1381"},{"taxonomy":"product_cat","embeddable":true,"href":"https:\/\/www.rolland-sprinklers.com\/IRRIGATION\/en\/wp-json\/wp\/v2\/product_cat?post=1381"},{"taxonomy":"product_tag","embeddable":true,"href":"https:\/\/www.rolland-sprinklers.com\/IRRIGATION\/en\/wp-json\/wp\/v2\/product_tag?post=1381"}],"curies":[{"name":"wp","href":"https:\/\/api.w.org\/{rel}","templated":true}]}}