{"id":1303,"date":"2011-05-06T14:28:41","date_gmt":"2011-05-06T14:28:41","guid":{"rendered":"http:\/\/testrolland.justecordes.fr\/?product=trepied-acieraluminium-1-x-1"},"modified":"2025-07-01T13:40:36","modified_gmt":"2025-07-01T11:40:36","slug":"trepied-acieraluminium-1-x-1","status":"publish","type":"product","link":"https:\/\/www.rolland-sprinklers.com\/IRRIGATION\/en\/product\/trepied-acieraluminium-1-x-1\/","title":{"rendered":"Trepied acier\/aluminium 1&Prime; x 1&Prime;"},"content":{"rendered":"<p><strong>&#8211; CONTACTEZ NOUS DIRECTEMENT POUR OBTENIR UNE OFFRE DE PRIX &#8211;<\/strong><\/p>\n<p>Tr\u00e9pieds en acier peint, tr\u00e8s stable gr\u00e2ce au large \u00e9cartement de ses trois pieds.<\/p>\n<p><strong>Features and specifications :<\/strong><\/p>\n<ul>\n<li>R\u00e9glable en hauteur de 0,75m \u00e0 1,40m<\/li>\n<li>Bobine en aluminium<\/li>\n<li>Entr\u00e9e 1&Prime; M\u00e2le<\/li>\n<li>Sortie 1&Prime; M\u00e2le<\/li>\n<li>pour arroseur en 1\/2&Prime; ; 3\/4&Prime; et 1&Prime;<\/li>\n<\/ul>\n<p><img data-recalc-dims=\"1\" decoding=\"async\" class=\"alignnone wp-image-4392\" src=\"https:\/\/i0.wp.com\/www.rolland-sprinklers.com\/IRRIGATION\/wp-content\/uploads\/2022\/03\/Telechargement-fiche-technique.png?resize=205%2C45&#038;ssl=1\" alt=\"\" width=\"205\" height=\"45\" srcset=\"https:\/\/i0.wp.com\/www.rolland-sprinklers.com\/IRRIGATION\/wp-content\/uploads\/2022\/03\/Telechargement-fiche-technique.png?resize=300%2C66&amp;ssl=1 300w, https:\/\/i0.wp.com\/www.rolland-sprinklers.com\/IRRIGATION\/wp-content\/uploads\/2022\/03\/Telechargement-fiche-technique.png?resize=18%2C4&amp;ssl=1 18w, https:\/\/i0.wp.com\/www.rolland-sprinklers.com\/IRRIGATION\/wp-content\/uploads\/2022\/03\/Telechargement-fiche-technique.png?w=366&amp;ssl=1 366w\" sizes=\"(max-width: 205px) 100vw, 205px\" \/> <a href=\"https:\/\/www.rolland-sprinklers.com\/IRRIGATION\/wp-content\/uploads\/2025\/07\/p52-Traineau-FR.pdf\" target=\"_blank\" rel=\"noopener\">Data sheet<\/a><\/p>\n<p><strong>Recommandation :<\/strong> ne pas oublier de pr\u00e9voir les raccords\u00a0 permettant de fixer l&rsquo;arroseur et le tuyau.<\/p>","protected":false},"excerpt":{"rendered":"<p><span style=\"color: #ff0000;\"><strong>&#8211; CONTACTEZ NOUS DIRECTEMENT POUR OBTENIR UNE OFFRE DE PRIX &#8211;<\/strong><\/span><\/p>","protected":false},"featured_media":1304,"template":"","meta":[],"product_brand":[],"product_cat":[206],"product_tag":[],"class_list":{"0":"post-1303","1":"product","2":"type-product","3":"status-publish","4":"has-post-thumbnail","6":"product_cat-traineaux-supports","8":"first","9":"outofstock","10":"taxable","11":"shipping-taxable","12":"purchasable","13":"product-type-simple"},"jetpack_sharing_enabled":true,"_links":{"self":[{"href":"https:\/\/www.rolland-sprinklers.com\/IRRIGATION\/en\/wp-json\/wp\/v2\/product\/1303","targetHints":{"allow":["GET"]}}],"collection":[{"href":"https:\/\/www.rolland-sprinklers.com\/IRRIGATION\/en\/wp-json\/wp\/v2\/product"}],"about":[{"href":"https:\/\/www.rolland-sprinklers.com\/IRRIGATION\/en\/wp-json\/wp\/v2\/types\/product"}],"version-history":[{"count":8,"href":"https:\/\/www.rolland-sprinklers.com\/IRRIGATION\/en\/wp-json\/wp\/v2\/product\/1303\/revisions"}],"predecessor-version":[{"id":12854,"href":"https:\/\/www.rolland-sprinklers.com\/IRRIGATION\/en\/wp-json\/wp\/v2\/product\/1303\/revisions\/12854"}],"wp:featuredmedia":[{"embeddable":true,"href":"https:\/\/www.rolland-sprinklers.com\/IRRIGATION\/en\/wp-json\/wp\/v2\/media\/1304"}],"wp:attachment":[{"href":"https:\/\/www.rolland-sprinklers.com\/IRRIGATION\/en\/wp-json\/wp\/v2\/media?parent=1303"}],"wp:term":[{"taxonomy":"product_brand","embeddable":true,"href":"https:\/\/www.rolland-sprinklers.com\/IRRIGATION\/en\/wp-json\/wp\/v2\/product_brand?post=1303"},{"taxonomy":"product_cat","embeddable":true,"href":"https:\/\/www.rolland-sprinklers.com\/IRRIGATION\/en\/wp-json\/wp\/v2\/product_cat?post=1303"},{"taxonomy":"product_tag","embeddable":true,"href":"https:\/\/www.rolland-sprinklers.com\/IRRIGATION\/en\/wp-json\/wp\/v2\/product_tag?post=1303"}],"curies":[{"name":"wp","href":"https:\/\/api.w.org\/{rel}","templated":true}]}}