{"id":1046,"date":"2009-05-26T16:21:49","date_gmt":"2009-05-26T16:21:49","guid":{"rendered":"http:\/\/testrolland.justecordes.fr\/?product=rotojet-3ctb38"},"modified":"2026-04-20T14:56:10","modified_gmt":"2026-04-20T12:56:10","slug":"rotojet-3ctb38","status":"publish","type":"product","link":"https:\/\/www.rolland-sprinklers.com\/IRRIGATION\/en\/product\/rotojet-3ctb38\/","title":{"rendered":"Rotojet 3CTB3\/8"},"content":{"rendered":"<p>Le Rotojet 3C est utilis\u00e9 pour les serres de 6 \u00e0 9 m\u00e8tres lorsque les plantes requi\u00e8rent des gouttes d&rsquo;eau fines et une bonne r\u00e9partition de la pluviom\u00e9trie. Il est \u00e9quip\u00e9 de la buse de votre choix.<\/p>\n<p><strong>Features and specifications :<\/strong><\/p>\n<ul>\n<li>Port\u00e9e de 3.5 \u00e0 5 m<\/li>\n<li>D\u00e9bit de 30 \u00e0 250 l\/h<\/li>\n<li>Pression de service de 1 \u00e0 3 bars.<\/li>\n<\/ul>\n<p><img data-recalc-dims=\"1\" decoding=\"async\" class=\"alignnone wp-image-4392\" src=\"https:\/\/i0.wp.com\/www.rolland-sprinklers.com\/IRRIGATION\/wp-content\/uploads\/2022\/03\/Telechargement-fiche-technique.png?resize=205%2C45&#038;ssl=1\" alt=\"\" width=\"205\" height=\"45\" srcset=\"https:\/\/i0.wp.com\/www.rolland-sprinklers.com\/IRRIGATION\/wp-content\/uploads\/2022\/03\/Telechargement-fiche-technique.png?resize=300%2C66&amp;ssl=1 300w, https:\/\/i0.wp.com\/www.rolland-sprinklers.com\/IRRIGATION\/wp-content\/uploads\/2022\/03\/Telechargement-fiche-technique.png?resize=18%2C4&amp;ssl=1 18w, https:\/\/i0.wp.com\/www.rolland-sprinklers.com\/IRRIGATION\/wp-content\/uploads\/2022\/03\/Telechargement-fiche-technique.png?w=366&amp;ssl=1 366w\" sizes=\"(max-width: 205px) 100vw, 205px\" \/> <a href=\"https:\/\/www.rolland-sprinklers.com\/IRRIGATION\/wp-content\/uploads\/2024\/07\/p41-Rotojet-FR.pdf\" target=\"_blank\" rel=\"noopener\">Datasheet 3C<\/a><\/p>\n<p>&nbsp;<\/p>","protected":false},"excerpt":{"rendered":"<p>Le Rotojet 3C est utilis\u00e9 pour les serres de 6 \u00e0 9 m\u00e8tres lorsque les plantes requi\u00e8rent des gouttes d&rsquo;eau fines et une bonne r\u00e9partition de la pluviom\u00e9trie. Il est \u00e9quip\u00e9 de la buse de votre choix. Caract\u00e9ristiques techniques : Port\u00e9e de 3.5 \u00e0 5 m D\u00e9bit de 30 \u00e0 250 l\/h Pression de service [&hellip;]<\/p>","protected":false},"featured_media":1047,"template":"","meta":[],"product_brand":[],"product_cat":[157],"product_tag":[],"class_list":{"0":"post-1046","1":"product","2":"type-product","3":"status-publish","4":"has-post-thumbnail","6":"product_cat-micro-aspersion-goutteur","7":"pa_1-choix-de-buse-motrice-317-o08-bleue","8":"pa_1-choix-de-buse-motrice-317-o1-verte","9":"pa_1-choix-de-buse-motrice-317-o12-marron","10":"pa_1-choix-de-buse-motrice-317-o15-rouge","11":"pa_1-choix-de-buse-motrice-317-o17-orange","12":"pa_1-choix-de-buse-motrice-317-o2-jaune","13":"pa_1-choix-de-buse-motrice-317-o22-noire","14":"pa_1-choix-de-buse-motrice-317-o24-blanche","16":"first","17":"instock","18":"taxable","19":"shipping-taxable","20":"purchasable","21":"product-type-variable","22":"has-default-attributes"},"jetpack_sharing_enabled":true,"_links":{"self":[{"href":"https:\/\/www.rolland-sprinklers.com\/IRRIGATION\/en\/wp-json\/wp\/v2\/product\/1046","targetHints":{"allow":["GET"]}}],"collection":[{"href":"https:\/\/www.rolland-sprinklers.com\/IRRIGATION\/en\/wp-json\/wp\/v2\/product"}],"about":[{"href":"https:\/\/www.rolland-sprinklers.com\/IRRIGATION\/en\/wp-json\/wp\/v2\/types\/product"}],"version-history":[{"count":4,"href":"https:\/\/www.rolland-sprinklers.com\/IRRIGATION\/en\/wp-json\/wp\/v2\/product\/1046\/revisions"}],"predecessor-version":[{"id":8840,"href":"https:\/\/www.rolland-sprinklers.com\/IRRIGATION\/en\/wp-json\/wp\/v2\/product\/1046\/revisions\/8840"}],"wp:featuredmedia":[{"embeddable":true,"href":"https:\/\/www.rolland-sprinklers.com\/IRRIGATION\/en\/wp-json\/wp\/v2\/media\/1047"}],"wp:attachment":[{"href":"https:\/\/www.rolland-sprinklers.com\/IRRIGATION\/en\/wp-json\/wp\/v2\/media?parent=1046"}],"wp:term":[{"taxonomy":"product_brand","embeddable":true,"href":"https:\/\/www.rolland-sprinklers.com\/IRRIGATION\/en\/wp-json\/wp\/v2\/product_brand?post=1046"},{"taxonomy":"product_cat","embeddable":true,"href":"https:\/\/www.rolland-sprinklers.com\/IRRIGATION\/en\/wp-json\/wp\/v2\/product_cat?post=1046"},{"taxonomy":"product_tag","embeddable":true,"href":"https:\/\/www.rolland-sprinklers.com\/IRRIGATION\/en\/wp-json\/wp\/v2\/product_tag?post=1046"}],"curies":[{"name":"wp","href":"https:\/\/api.w.org\/{rel}","templated":true}]}}