{"id":28,"date":"2021-11-12T11:00:38","date_gmt":"2021-11-12T10:00:38","guid":{"rendered":"http:\/\/testrolland.justecordes.fr\/?page_id=28"},"modified":"2022-02-18T10:49:15","modified_gmt":"2022-02-18T09:49:15","slug":"cgv","status":"publish","type":"page","link":"https:\/\/www.rolland-sprinklers.com\/IRRIGATION\/en\/cgv\/","title":{"rendered":"Conditions g\u00e9n\u00e9rales de ventes"},"content":{"rendered":"<p>The general terms of sale here included apply to all orders received after the issue of this price list; they are subject to variations without any notice and they will be regarded as fully accepted once the order is placed.\nThese general conditions cancel all previous ones and are subject to changes without any previous notice.<\/p>\r\n\r\n\r\n\r\n<p><strong>OFFER PRICES:<\/strong><\/p>\r\n\r\n\r\n\r\n<p>The possible technical studies and offer prices will be elaborated starting from elements given by the customer under his single responsibility. Our company establishes those studies and offer prices as simple information only.<\/p>\r\n\r\n\r\n\r\n<p><strong>ORDER<\/strong><\/p>\r\n\r\n\r\n\r\n<p>Any order that is transmitted to us is subject to our acceptance. All of our prices are exclusive of local taxes at our factory of Mognard - FRANCE. Minimum order for export is 300 \u20ac .<\/p>\r\n\r\n\r\n\r\n<p><strong>PRICES<\/strong><\/p>\r\n\r\n\r\n\r\n<p>Our prices are fixed according to the current price list. The delivery deadlines are given in good faith, we make it our duty to respect them.<\/p>\r\n\r\n\r\n\r\n<p><strong>DELIVERY CONDITIONS<\/strong><\/p>\r\n\r\n\r\n\r\n<p>Except for express acceptance by our company, delays cannot justify the cancellation of the order nor give rise to damages or penalties.  Goods are sold ex works Mognard (France). Insurance is provided only if requested and is charged to the buyer.<\/p>\r\n\r\n\r\n\r\n<p><strong>FORWARDING<\/strong><\/p>\r\n\r\n\r\n\r\n<p>Goods will be transported at the customer\u2019s own risk, even when they are sent duty free, and the customer will act according to article 105 of the French commercial law code.<\/p>\r\n\r\n\r\n\r\n<p><strong>REGLEMENT:<\/strong><\/p>\r\n\r\n\r\n\r\n<p>Goods are payable in advance unless stipulated otherwise from our part. To be agreed upon: bank transfer, bank draft,    irrevocable &amp; confirmed L\/C. The disregard of the payments authorizes us to suspend backlog of orders and to demand the payment of the current invoices. In case of  late payment we will apply penalties according to the current bank taxes starting from the unaccomplished date. In case of delayed payment, all the expenses related to the collection of due sums will be at customer\u2019s charge.<\/p>\r\n\r\n\r\n\r\n<p><strong>WARRANTY<\/strong><\/p>\r\n\r\n\r\n\r\n<p>Our products have a legal guarantee. The Limited Warranty covers only defects arising under normal use and does not include malfunctions or failures resulting from misuse, abuse, neglect, use not in accordance with product guidelines, acts of nature or improper installation. The guarantee applies only to the exchange or to the pure and simple restoration of the  defective article and on no account  would include expenses of dismantling and reassembly, or expenses or damages caused by the malfunction of the device. The technical advice which we are asked to give, either directly, by the intervention of our representatives, or in the guidelines, do not engage our responsibility. The characteristics of our devices are given only as a rough guide. Shipping is the sole responsibility of the customer who will deal personally with any appeal against carriers, and will act according to the article 105 of the French commercial law code.<\/p>\r\n\r\n\r\n\r\n<p><strong>FORCE MAJEURE:<\/strong><\/p>\r\n\r\n\r\n\r\n<p>tout \u00e9v\u00e9nement impr\u00e9visible, irr\u00e9sistible et ind\u00e9pendant de la volont\u00e9 des parties qui emp\u00eache ou r\u00e9duit les fabrications et\/ou les prestations\u00a0est consid\u00e9r\u00e9 comme cas de force majeure et d\u00e9charge ROLLAND Arroseurs\/Sprinklers de l&rsquo;obligation de livrer.<\/p>\r\n\r\n\r\n\r\n<p><strong>RESRVE OWNERSHIP<\/strong><\/p>\r\n\r\n\r\n\r\n<p>Products delivered will remain in our own property until the total payment is settled (law n\u00b0 80-335 on 12\/05\/1980).<\/p>\r\n\r\n\r\n\r\n<p><strong>INTELLECTUAL PROPERTY :<\/strong><\/p>\r\n\r\n\r\n\r\n<p>The purchaser commits himself to respect every intellectual property laws of our company of which he states to have perfect knowledge.<\/p>\r\n\r\n\r\n\r\n<p><strong>DATA PROTECTION<\/strong><\/p>\r\n\r\n\r\n\r\n<p>ROLLAND Arroseurs\/Sprinklers prot\u00e8ge les donn\u00e9es personnelles du Client. Le Client a un droit d\u2019acc\u00e8s, de modification, de\u00a0rectification et de suppression sur les donn\u00e9es personnelles qu\u2019il communique \u00e0 ROLLAND Arroseurs\/Sprinklers. Le Client peut exercer ce droit en adressant une demande \u00e9crite \u00e0 ROLLAND Arroseurs\/Sprinklers.<\/p>\r\n\r\n\r\n\r\n<p><strong>COURT OF LAW:\n\u00a0<\/strong><\/p>\r\n\r\n\r\n\r\n<p>The court of Chambery - France will be the  only competent court for any disputes.<\/p>\r\n\r\n\r\n\r\n<p>&nbsp;<\/p>","protected":false},"excerpt":{"rendered":"<p>Les ventes consenties par la soci\u00e9t\u00e9 ROLLAND Arroseurs\/Sprinklers sont soumises aux pr\u00e9sentes conditions g\u00e9n\u00e9rales de vente (C.G.V) qui pr\u00e9valent sur toutes conditions d\u2019achat, sauf d\u00e9rogation express et formelle de sa part. Le fait de passer commande implique l\u2019adh\u00e9sion enti\u00e8re et sans r\u00e9serve du client \u00e0 ces conditions. DEVIS: les \u00e9ventuelles \u00e9tudes techniques et devis seront [&hellip;]<\/p>","protected":false},"author":1,"featured_media":0,"parent":0,"menu_order":0,"comment_status":"closed","ping_status":"closed","template":"","meta":{"footnotes":""},"class_list":["post-28","page","type-page","status-publish","hentry"],"jetpack_sharing_enabled":true,"_links":{"self":[{"href":"https:\/\/www.rolland-sprinklers.com\/IRRIGATION\/en\/wp-json\/wp\/v2\/pages\/28","targetHints":{"allow":["GET"]}}],"collection":[{"href":"https:\/\/www.rolland-sprinklers.com\/IRRIGATION\/en\/wp-json\/wp\/v2\/pages"}],"about":[{"href":"https:\/\/www.rolland-sprinklers.com\/IRRIGATION\/en\/wp-json\/wp\/v2\/types\/page"}],"author":[{"embeddable":true,"href":"https:\/\/www.rolland-sprinklers.com\/IRRIGATION\/en\/wp-json\/wp\/v2\/users\/1"}],"replies":[{"embeddable":true,"href":"https:\/\/www.rolland-sprinklers.com\/IRRIGATION\/en\/wp-json\/wp\/v2\/comments?post=28"}],"version-history":[{"count":4,"href":"https:\/\/www.rolland-sprinklers.com\/IRRIGATION\/en\/wp-json\/wp\/v2\/pages\/28\/revisions"}],"predecessor-version":[{"id":4263,"href":"https:\/\/www.rolland-sprinklers.com\/IRRIGATION\/en\/wp-json\/wp\/v2\/pages\/28\/revisions\/4263"}],"wp:attachment":[{"href":"https:\/\/www.rolland-sprinklers.com\/IRRIGATION\/en\/wp-json\/wp\/v2\/media?parent=28"}],"curies":[{"name":"wp","href":"https:\/\/api.w.org\/{rel}","templated":true}]}}