{"id":2,"date":"2021-11-09T14:50:33","date_gmt":"2021-11-09T13:50:33","guid":{"rendered":"http:\/\/testrolland.justecordes.fr\/?page_id=2"},"modified":"2025-11-05T10:45:03","modified_gmt":"2025-11-05T09:45:03","slug":"about-us","status":"publish","type":"page","link":"https:\/\/www.rolland-sprinklers.com\/IRRIGATION\/en\/about-us\/","title":{"rendered":"About us"},"content":{"rendered":"<div data-elementor-type=\"wp-page\" data-elementor-id=\"2\" class=\"elementor elementor-2\">\n\t\t\t\t\t\t<section class=\"elementor-section elementor-top-section elementor-element elementor-element-507254b elementor-section-boxed elementor-section-height-default elementor-section-height-default\" data-id=\"507254b\" data-element_type=\"section\" data-e-type=\"section\">\n\t\t\t\t\t\t<div class=\"elementor-container elementor-column-gap-default\">\n\t\t\t\t\t<div class=\"elementor-column elementor-col-33 elementor-top-column elementor-element elementor-element-9caa542\" data-id=\"9caa542\" data-element_type=\"column\" data-e-type=\"column\">\n\t\t\t<div class=\"elementor-widget-wrap elementor-element-populated\">\n\t\t\t\t\t\t<div class=\"elementor-element elementor-element-ecf54a4 elementor-widget elementor-widget-text-editor\" data-id=\"ecf54a4\" data-element_type=\"widget\" data-e-type=\"widget\" data-widget_type=\"text-editor.default\">\n\t\t\t\t<div class=\"elementor-widget-container\">\n\t\t\t\t\t\t\t\t\t<p><img fetchpriority=\"high\" decoding=\"async\" data-recalc-dims=\"1\" class=\"aligncenter wp-image-314\" src=\"https:\/\/i0.wp.com\/testrolland.justecordes.fr\/wp-content\/uploads\/2022\/01\/Image-1-presentation-300x173.png?resize=330%2C190\" alt=\"\" width=\"330\" height=\"190\" srcset=\"https:\/\/i0.wp.com\/www.rolland-sprinklers.com\/IRRIGATION\/wp-content\/uploads\/2022\/01\/Image-1-presentation.png?resize=300%2C173&amp;ssl=1 300w, https:\/\/i0.wp.com\/www.rolland-sprinklers.com\/IRRIGATION\/wp-content\/uploads\/2022\/01\/Image-1-presentation.png?resize=416%2C240&amp;ssl=1 416w, https:\/\/i0.wp.com\/www.rolland-sprinklers.com\/IRRIGATION\/wp-content\/uploads\/2022\/01\/Image-1-presentation.png?resize=18%2C10&amp;ssl=1 18w, https:\/\/i0.wp.com\/www.rolland-sprinklers.com\/IRRIGATION\/wp-content\/uploads\/2022\/01\/Image-1-presentation.png?w=716&amp;ssl=1 716w\" sizes=\"(max-width: 330px) 100vw, 330px\" \/><\/p><p><img decoding=\"async\" data-recalc-dims=\"1\" class=\"aligncenter wp-image-315\" src=\"https:\/\/i0.wp.com\/testrolland.justecordes.fr\/wp-content\/uploads\/2022\/01\/Image-2-presentation-300x173.png?resize=330%2C190\" alt=\"\" width=\"330\" height=\"190\" srcset=\"https:\/\/i0.wp.com\/www.rolland-sprinklers.com\/IRRIGATION\/wp-content\/uploads\/2022\/01\/Image-2-presentation.png?resize=300%2C173&amp;ssl=1 300w, https:\/\/i0.wp.com\/www.rolland-sprinklers.com\/IRRIGATION\/wp-content\/uploads\/2022\/01\/Image-2-presentation.png?resize=416%2C240&amp;ssl=1 416w, https:\/\/i0.wp.com\/www.rolland-sprinklers.com\/IRRIGATION\/wp-content\/uploads\/2022\/01\/Image-2-presentation.png?resize=18%2C10&amp;ssl=1 18w, https:\/\/i0.wp.com\/www.rolland-sprinklers.com\/IRRIGATION\/wp-content\/uploads\/2022\/01\/Image-2-presentation.png?w=716&amp;ssl=1 716w\" sizes=\"(max-width: 330px) 100vw, 330px\" \/><\/p>\t\t\t\t\t\t\t\t<\/div>\n\t\t\t\t<\/div>\n\t\t\t\t\t<\/div>\n\t\t<\/div>\n\t\t\t\t<div class=\"elementor-column elementor-col-33 elementor-top-column elementor-element elementor-element-785fab0\" data-id=\"785fab0\" data-element_type=\"column\" data-e-type=\"column\">\n\t\t\t<div class=\"elementor-widget-wrap elementor-element-populated\">\n\t\t\t\t\t\t<div class=\"elementor-element elementor-element-68dc361 elementor-widget elementor-widget-text-editor\" data-id=\"68dc361\" data-element_type=\"widget\" data-e-type=\"widget\" data-widget_type=\"text-editor.default\">\n\t\t\t\t<div class=\"elementor-widget-container\">\n\t\t\t\t\t\t\t\t\t<p><img decoding=\"async\" data-recalc-dims=\"1\" class=\"aligncenter wp-image-206\" src=\"https:\/\/i0.wp.com\/testrolland.justecordes.fr\/wp-content\/uploads\/2022\/01\/Image-3-presentation-300x184.png?resize=330%2C203\" alt=\"\" width=\"330\" height=\"203\" srcset=\"https:\/\/i0.wp.com\/www.rolland-sprinklers.com\/IRRIGATION\/wp-content\/uploads\/2022\/01\/Image-3-presentation.png?resize=300%2C184&amp;ssl=1 300w, https:\/\/i0.wp.com\/www.rolland-sprinklers.com\/IRRIGATION\/wp-content\/uploads\/2022\/01\/Image-3-presentation.png?resize=416%2C255&amp;ssl=1 416w, https:\/\/i0.wp.com\/www.rolland-sprinklers.com\/IRRIGATION\/wp-content\/uploads\/2022\/01\/Image-3-presentation.png?resize=18%2C12&amp;ssl=1 18w, https:\/\/i0.wp.com\/www.rolland-sprinklers.com\/IRRIGATION\/wp-content\/uploads\/2022\/01\/Image-3-presentation.png?w=712&amp;ssl=1 712w\" sizes=\"(max-width: 330px) 100vw, 330px\" \/><\/p><p><img loading=\"lazy\" decoding=\"async\" data-recalc-dims=\"1\" class=\"aligncenter wp-image-205\" src=\"https:\/\/i0.wp.com\/testrolland.justecordes.fr\/wp-content\/uploads\/2022\/01\/Image-4-presentation-300x164.png?resize=330%2C180\" alt=\"\" width=\"330\" height=\"180\" srcset=\"https:\/\/i0.wp.com\/www.rolland-sprinklers.com\/IRRIGATION\/wp-content\/uploads\/2022\/01\/Image-4-presentation.png?resize=300%2C164&amp;ssl=1 300w, https:\/\/i0.wp.com\/www.rolland-sprinklers.com\/IRRIGATION\/wp-content\/uploads\/2022\/01\/Image-4-presentation.png?resize=18%2C10&amp;ssl=1 18w, https:\/\/i0.wp.com\/www.rolland-sprinklers.com\/IRRIGATION\/wp-content\/uploads\/2022\/01\/Image-4-presentation.png?w=357&amp;ssl=1 357w\" sizes=\"(max-width: 330px) 100vw, 330px\" \/><\/p>\t\t\t\t\t\t\t\t<\/div>\n\t\t\t\t<\/div>\n\t\t\t\t\t<\/div>\n\t\t<\/div>\n\t\t\t\t<div class=\"elementor-column elementor-col-33 elementor-top-column elementor-element elementor-element-caa99b3\" data-id=\"caa99b3\" data-element_type=\"column\" data-e-type=\"column\">\n\t\t\t<div class=\"elementor-widget-wrap elementor-element-populated\">\n\t\t\t\t\t\t<div class=\"elementor-element elementor-element-60dded8 elementor-widget elementor-widget-text-editor\" data-id=\"60dded8\" data-element_type=\"widget\" data-e-type=\"widget\" data-widget_type=\"text-editor.default\">\n\t\t\t\t<div class=\"elementor-widget-container\">\n\t\t\t\t\t\t\t\t\t<p><img loading=\"lazy\" decoding=\"async\" data-recalc-dims=\"1\" class=\"aligncenter wp-image-204\" src=\"https:\/\/i0.wp.com\/testrolland.justecordes.fr\/wp-content\/uploads\/2022\/01\/Image-5-presentation-259x300.png?resize=330%2C382\" alt=\"\" width=\"330\" height=\"382\" srcset=\"https:\/\/i0.wp.com\/www.rolland-sprinklers.com\/IRRIGATION\/wp-content\/uploads\/2022\/01\/Image-5-presentation.png?resize=259%2C300&amp;ssl=1 259w, https:\/\/i0.wp.com\/www.rolland-sprinklers.com\/IRRIGATION\/wp-content\/uploads\/2022\/01\/Image-5-presentation.png?resize=416%2C482&amp;ssl=1 416w, https:\/\/i0.wp.com\/www.rolland-sprinklers.com\/IRRIGATION\/wp-content\/uploads\/2022\/01\/Image-5-presentation.png?resize=10%2C12&amp;ssl=1 10w, https:\/\/i0.wp.com\/www.rolland-sprinklers.com\/IRRIGATION\/wp-content\/uploads\/2022\/01\/Image-5-presentation.png?w=711&amp;ssl=1 711w\" sizes=\"(max-width: 330px) 100vw, 330px\" \/><\/p>\t\t\t\t\t\t\t\t<\/div>\n\t\t\t\t<\/div>\n\t\t\t\t\t<\/div>\n\t\t<\/div>\n\t\t\t\t\t<\/div>\n\t\t<\/section>\n\t\t\t\t<section class=\"elementor-section elementor-top-section elementor-element elementor-element-e3ab909 elementor-section-boxed elementor-section-height-default elementor-section-height-default\" data-id=\"e3ab909\" data-element_type=\"section\" data-e-type=\"section\">\n\t\t\t\t\t\t<div class=\"elementor-container elementor-column-gap-default\">\n\t\t\t\t\t<div class=\"elementor-column elementor-col-33 elementor-top-column elementor-element elementor-element-43c1f75\" data-id=\"43c1f75\" data-element_type=\"column\" data-e-type=\"column\">\n\t\t\t<div class=\"elementor-widget-wrap\">\n\t\t\t\t\t\t\t<\/div>\n\t\t<\/div>\n\t\t\t\t<div class=\"elementor-column elementor-col-33 elementor-top-column elementor-element elementor-element-8d2531e\" data-id=\"8d2531e\" data-element_type=\"column\" data-e-type=\"column\">\n\t\t\t<div class=\"elementor-widget-wrap\">\n\t\t\t\t\t\t\t<\/div>\n\t\t<\/div>\n\t\t\t\t<div class=\"elementor-column elementor-col-33 elementor-top-column elementor-element elementor-element-82a68ba\" data-id=\"82a68ba\" data-element_type=\"column\" data-e-type=\"column\">\n\t\t\t<div class=\"elementor-widget-wrap\">\n\t\t\t\t\t\t\t<\/div>\n\t\t<\/div>\n\t\t\t\t\t<\/div>\n\t\t<\/section>\n\t\t\t\t<section class=\"elementor-section elementor-top-section elementor-element elementor-element-c27f01e elementor-section-boxed elementor-section-height-default elementor-section-height-default\" data-id=\"c27f01e\" data-element_type=\"section\" data-e-type=\"section\">\n\t\t\t\t\t\t<div class=\"elementor-container elementor-column-gap-default\">\n\t\t\t\t\t<div class=\"elementor-column elementor-col-33 elementor-top-column elementor-element elementor-element-08d38a6\" data-id=\"08d38a6\" data-element_type=\"column\" data-e-type=\"column\">\n\t\t\t<div class=\"elementor-widget-wrap elementor-element-populated\">\n\t\t\t\t\t\t<div class=\"elementor-element elementor-element-96a5af6 elementor-widget elementor-widget-heading\" data-id=\"96a5af6\" data-element_type=\"widget\" data-e-type=\"widget\" data-widget_type=\"heading.default\">\n\t\t\t\t<div class=\"elementor-widget-container\">\n\t\t\t\t\t<h2 class=\"elementor-heading-title elementor-size-default\">Our history<\/h2>\t\t\t\t<\/div>\n\t\t\t\t<\/div>\n\t\t\t\t<div class=\"elementor-element elementor-element-6370f0f elementor-widget elementor-widget-text-editor\" data-id=\"6370f0f\" data-element_type=\"widget\" data-e-type=\"widget\" data-widget_type=\"text-editor.default\">\n\t\t\t\t<div class=\"elementor-widget-container\">\n\t\t\t\t\t\t\t\t\t<p style=\"margin-bottom: 0.28cm; line-height: 15.12px;\"><span style=\"color: #000000;\"><span style=\"font-family: Arial, serif;\"><span style=\"font-size: 10pt;\">Situ\u00e9e dans les alpes fran\u00e7aise, la soci\u00e9t\u00e9 ROLLAND, cr\u00e9\u00e9e en 1969 a pour vocation premi\u00e8re la conception et fabrication de mat\u00e9riel d&rsquo;irrigation.<br \/><\/span><\/span><\/span><\/p><p style=\"margin-bottom: 0.28cm; line-height: 15.12px;\"><span style=\"color: #000000;\"><span style=\"font-family: Arial, serif;\"><span style=\"font-size: 10pt;\">Unique fabricant Fran\u00e7ais, ROLLAND vous fait b\u00e9n\u00e9ficier de tout son savoir-faire pour vous proposer d\u2019ann\u00e9e en ann\u00e9e de nouvelles gammes d\u2019arroseurs et autres accessoires de tr\u00e8s grandes qualit\u00e9s.<br \/><\/span><\/span><\/span><\/p><p style=\"margin-bottom: 0.28cm; line-height: 15.12px;\"><span style=\"color: #000000;\"><span style=\"font-family: Arial, serif;\"><span style=\"font-size: 10pt;\">Thanks to our human size organization, we can adapt to rapidly changing markets, and respond quickly to our customers\u2019 needs.<\/span><\/span><\/span><\/p><p style=\"margin-bottom: 0.28cm; line-height: 15.12px;\"><span style=\"color: #000000;\"><span style=\"font-family: Arial, serif;\"><span style=\"font-size: 10pt;\">With a wide range of products, we have become over the years one of the only manufacturer supplying a full choice from big-guns to micro-irrigation.<\/span><\/span><\/span><\/p><p style=\"margin-bottom: 0.28cm; line-height: 15.12px;\"><span style=\"color: #000000;\"><span style=\"font-family: Arial, serif;\"><span style=\"font-size: 10pt;\">\u00a0<\/span><\/span><\/span><\/p><p style=\"margin-bottom: 0.28cm; line-height: 15.12px;\"><span style=\"color: #000000;\"><span style=\"font-family: Arial, serif;\"><span style=\"font-size: 10pt;\">\u00a0<\/span><\/span><\/span><\/p>\t\t\t\t\t\t\t\t<\/div>\n\t\t\t\t<\/div>\n\t\t\t\t\t<\/div>\n\t\t<\/div>\n\t\t\t\t<div class=\"elementor-column elementor-col-33 elementor-top-column elementor-element elementor-element-24a0c7d\" data-id=\"24a0c7d\" data-element_type=\"column\" data-e-type=\"column\">\n\t\t\t<div class=\"elementor-widget-wrap elementor-element-populated\">\n\t\t\t\t\t\t<div class=\"elementor-element elementor-element-528aa23 elementor-widget elementor-widget-heading\" data-id=\"528aa23\" data-element_type=\"widget\" data-e-type=\"widget\" data-widget_type=\"heading.default\">\n\t\t\t\t<div class=\"elementor-widget-container\">\n\t\t\t\t\t<h2 class=\"elementor-heading-title elementor-size-default\">Key dates<\/h2>\t\t\t\t<\/div>\n\t\t\t\t<\/div>\n\t\t\t\t<div class=\"elementor-element elementor-element-60ed183 elementor-widget elementor-widget-text-editor\" data-id=\"60ed183\" data-element_type=\"widget\" data-e-type=\"widget\" data-widget_type=\"text-editor.default\">\n\t\t\t\t<div class=\"elementor-widget-container\">\n\t\t\t\t\t\t\t\t\t<p style=\"margin-bottom: 0.28cm; line-height: 15.12px;\"><span style=\"color: #000000;\"><span style=\"font-family: Arial, serif;\"><span style=\"font-size: 10pt;\"><span style=\"font-weight: bold;\">1969\u00a0<\/span><\/span><\/span><\/span><span style=\"color: #000000;\"><span style=\"font-family: Arial, serif;\"><span style=\"font-size: 10pt;\">: cr\u00e9ation de la soci\u00e9t\u00e9<\/span><\/span><\/span><\/p><p style=\"margin-bottom: 0.28cm; line-height: 15.12px;\"><span style=\"color: #000000;\"><span style=\"font-family: Arial, serif;\"><span style=\"font-size: 10pt;\"><span style=\"font-weight: bold;\">1996\u00a0<\/span><\/span><\/span><\/span><span style=\"color: #000000;\"><span style=\"font-family: Arial, serif;\"><span style=\"font-size: 10pt;\">: cr\u00e9ation du premier arroseur en plastique<\/span><\/span><\/span><\/p><p style=\"margin-bottom: 0.28cm; line-height: 15.12px;\"><span style=\"color: #000000;\"><span style=\"font-family: Arial, serif;\"><span style=\"font-size: 10pt;\"><span style=\"font-weight: bold;\">1998\u00a0<\/span><\/span><\/span><\/span><span style=\"color: #000000;\"><span style=\"font-family: Arial, serif;\"><span style=\"font-size: 10pt;\">: construction de l\u2019unit\u00e9 de production au Maroc<\/span><\/span><\/span><\/p><p style=\"margin-bottom: 0.28cm; line-height: 15.12px;\"><span style=\"color: #000000;\"><span style=\"font-family: Arial, serif;\"><span style=\"font-size: 10pt;\"><span style=\"font-weight: bold;\">2006\u00a0<\/span><\/span><\/span><\/span><span style=\"color: #000000;\"><span style=\"font-family: Arial, serif;\"><span style=\"font-size: 10pt;\">: d\u00e9veloppement du premier\u00a0 arroseur avec kit <\/span><\/span><\/span><span style=\"color: #000000;\"><span style=\"font-family: Arial, serif;\"><span style=\"font-size: 10pt;\">secteur amovible<\/span><\/span><\/span><\/p><p style=\"margin-bottom: 0.28cm; line-height: 15.12px;\"><span style=\"color: #000000;\"><span style=\"font-family: Arial, serif;\"><span style=\"font-size: 10pt;\"><span style=\"font-weight: bold;\">2010\u00a0<\/span><\/span><\/span><\/span><span style=\"color: #000000;\"><span style=\"font-family: Arial, serif;\"><span style=\"font-size: 10pt;\">: commercialisation des Arroseurs s\u00e9rie 12<\/span><\/span><\/span><\/p><p style=\"margin-bottom: 0.28cm; line-height: 15.12px;\"><span style=\"color: #000000;\"><span style=\"font-family: Arial, serif;\"><span style=\"font-size: 10pt;\"><span style=\"font-weight: bold;\">2019\u00a0<\/span><\/span><\/span><\/span><span style=\"color: #000000;\"><span style=\"font-family: Arial, serif;\"><span style=\"font-size: 10pt;\">: 50 ans d\u2019existence<\/span><\/span><\/span><\/p><p style=\"margin-bottom: 0.28cm; line-height: 15.12px;\"><span style=\"color: #000000;\"><span style=\"font-family: Arial, serif;\"><span style=\"font-size: 10pt;\"><span style=\"font-weight: bold;\">2020\u00a0<\/span><\/span><\/span><\/span><span style=\"color: #000000;\"><span style=\"font-family: Arial, serif;\"><span style=\"font-size: 10pt;\">: cr\u00e9ation du premier arroseur pour la lutte ATG sous filet anti-gr\u00eale<\/span><\/span><\/span><\/p><p><img loading=\"lazy\" decoding=\"async\" data-recalc-dims=\"1\" class=\"alignnone wp-image-13351 size-medium\" src=\"https:\/\/i0.wp.com\/www.rolland-sprinklers.com\/IRRIGATION\/wp-content\/uploads\/2025\/11\/56-ans-Rolland-1.png?resize=300%2C285&#038;ssl=1\" alt=\"\" width=\"300\" height=\"285\" srcset=\"https:\/\/i0.wp.com\/www.rolland-sprinklers.com\/IRRIGATION\/wp-content\/uploads\/2025\/11\/56-ans-Rolland-1.png?w=525&amp;ssl=1 525w, https:\/\/i0.wp.com\/www.rolland-sprinklers.com\/IRRIGATION\/wp-content\/uploads\/2025\/11\/56-ans-Rolland-1.png?resize=300%2C285&amp;ssl=1 300w, https:\/\/i0.wp.com\/www.rolland-sprinklers.com\/IRRIGATION\/wp-content\/uploads\/2025\/11\/56-ans-Rolland-1.png?resize=13%2C12&amp;ssl=1 13w, https:\/\/i0.wp.com\/www.rolland-sprinklers.com\/IRRIGATION\/wp-content\/uploads\/2025\/11\/56-ans-Rolland-1.png?resize=416%2C395&amp;ssl=1 416w\" sizes=\"(max-width: 300px) 100vw, 300px\" \/><\/p><p style=\"margin-bottom: 0.28cm; line-height: 15.12px;\">\u00a0<\/p>\t\t\t\t\t\t\t\t<\/div>\n\t\t\t\t<\/div>\n\t\t\t\t\t<\/div>\n\t\t<\/div>\n\t\t\t\t<div class=\"elementor-column elementor-col-33 elementor-top-column elementor-element elementor-element-611e2c9\" data-id=\"611e2c9\" data-element_type=\"column\" data-e-type=\"column\">\n\t\t\t<div class=\"elementor-widget-wrap elementor-element-populated\">\n\t\t\t\t\t\t<div class=\"elementor-element elementor-element-745193b elementor-widget elementor-widget-heading\" data-id=\"745193b\" data-element_type=\"widget\" data-e-type=\"widget\" data-widget_type=\"heading.default\">\n\t\t\t\t<div class=\"elementor-widget-container\">\n\t\t\t\t\t<h2 class=\"elementor-heading-title elementor-size-default\">Our commitments<\/h2>\t\t\t\t<\/div>\n\t\t\t\t<\/div>\n\t\t\t\t<div class=\"elementor-element elementor-element-651b69d elementor-widget elementor-widget-text-editor\" data-id=\"651b69d\" data-element_type=\"widget\" data-e-type=\"widget\" data-widget_type=\"text-editor.default\">\n\t\t\t\t<div class=\"elementor-widget-container\">\n\t\t\t\t\t\t\t\t\t<p style=\"margin-bottom: 0.28cm; line-height: 15.12px;\"><span style=\"color: #000000;\"><span style=\"font-family: Arial, serif;\"><span style=\"font-size: 10pt;\">R\u00e9put\u00e9s dans le monde, nos produits sont con\u00e7us pour durer et vous apporter pendant de nombreuses ann\u00e9es une enti\u00e8re satisfaction. nos investissements r\u00e9guliers nous permettent de faire \u00e9voluer nos m\u00e9thodes de production et de vous offrir toujours plus de qualit\u00e9.<\/span><\/span><\/span><\/p><p style=\"margin-bottom: 0.28cm; line-height: 15.12px;\"><span style=\"color: #000000;\"><span style=\"font-family: Arial, serif;\"><span style=\"font-size: 10pt;\">ROLLAND is also : <\/span><\/span><\/span><span style=\"font-size: 10pt; font-family: Arial, serif;\"><br><\/span><\/p>\n<p style=\"margin-bottom: 0.28cm; line-height: 15.12px;\"><span style=\"color: #000000;\"><span style=\"font-family: Arial, serif;\"><span style=\"font-size: 10pt;\">&#8211; 2 unit\u00e9s de production<\/span><\/span><\/span><span style=\"font-size: 10pt; font-family: Arial, serif;\"> (France et Maroc)<\/span><\/p>\n<p style=\"margin-bottom: 0.28cm; line-height: 15.12px;\"><span style=\"color: #000000;\"><span style=\"font-family: Arial, serif;\"><span style=\"font-size: 10pt;\">&#8211; plus de 10000<\/span><\/span><\/span><span style=\"font-family: var( --e-global-typography-text-font-family ), Sans-serif; color: #000000;\"><span style=\"font-family: Arial, serif;\"><span style=\"font-size: 10pt;\">0&nbsp;<\/span><\/span><\/span><span style=\"font-size: 10pt; font-family: Arial, serif;\">arroseurs en stock<\/span><\/p>\n<p style=\"margin-bottom: 0.28cm; line-height: 15.12px;\"><span style=\"color: #000000;\"><span style=\"font-family: Arial, serif;\"><span style=\"font-size: 10pt;\">- Daily shipments to France and entire world.<\/span><\/span><\/span><\/p>\n<p style=\"margin-bottom: 0.28cm; line-height: 15.12px;\"><span style=\"color: #000000;\"><span style=\"font-family: Arial, serif;\"><span style=\"font-size: 10pt;\">- A large distribution network<\/span><\/span><\/span><\/p>\n<p style=\"margin-bottom: 0.28cm; line-height: 15.12px;\"><span style=\"color: #000000;\"><span style=\"font-family: Arial, serif;\"><span style=\"font-size: 10pt;\">&#8211; des d\u00e9lais de livraison entre 24h00 et 48h00 en moyenne (France m\u00e9tropolitaine)<\/span><\/span><\/span><\/p>\t\t\t\t\t\t\t\t<\/div>\n\t\t\t\t<\/div>\n\t\t\t\t\t<\/div>\n\t\t<\/div>\n\t\t\t\t\t<\/div>\n\t\t<\/section>\n\t\t\t\t<\/div>","protected":false},"excerpt":{"rendered":"<p>Notre histoire Situ\u00e9e dans les alpes fran\u00e7aise, la soci\u00e9t\u00e9 ROLLAND, cr\u00e9\u00e9e en 1969 a pour vocation premi\u00e8re la conception et fabrication de mat\u00e9riel d&rsquo;irrigation. Unique fabricant Fran\u00e7ais, ROLLAND vous fait b\u00e9n\u00e9ficier de tout son savoir-faire pour vous proposer d\u2019ann\u00e9e en ann\u00e9e de nouvelles gammes d\u2019arroseurs et autres accessoires de tr\u00e8s grandes qualit\u00e9s. Gr\u00e2ce \u00e0 notre [&hellip;]<\/p>","protected":false},"author":1,"featured_media":0,"parent":0,"menu_order":0,"comment_status":"closed","ping_status":"open","template":"","meta":{"footnotes":""},"class_list":["post-2","page","type-page","status-publish","hentry"],"jetpack_sharing_enabled":true,"_links":{"self":[{"href":"https:\/\/www.rolland-sprinklers.com\/IRRIGATION\/en\/wp-json\/wp\/v2\/pages\/2","targetHints":{"allow":["GET"]}}],"collection":[{"href":"https:\/\/www.rolland-sprinklers.com\/IRRIGATION\/en\/wp-json\/wp\/v2\/pages"}],"about":[{"href":"https:\/\/www.rolland-sprinklers.com\/IRRIGATION\/en\/wp-json\/wp\/v2\/types\/page"}],"author":[{"embeddable":true,"href":"https:\/\/www.rolland-sprinklers.com\/IRRIGATION\/en\/wp-json\/wp\/v2\/users\/1"}],"replies":[{"embeddable":true,"href":"https:\/\/www.rolland-sprinklers.com\/IRRIGATION\/en\/wp-json\/wp\/v2\/comments?post=2"}],"version-history":[{"count":143,"href":"https:\/\/www.rolland-sprinklers.com\/IRRIGATION\/en\/wp-json\/wp\/v2\/pages\/2\/revisions"}],"predecessor-version":[{"id":13354,"href":"https:\/\/www.rolland-sprinklers.com\/IRRIGATION\/en\/wp-json\/wp\/v2\/pages\/2\/revisions\/13354"}],"wp:attachment":[{"href":"https:\/\/www.rolland-sprinklers.com\/IRRIGATION\/en\/wp-json\/wp\/v2\/media?parent=2"}],"curies":[{"name":"wp","href":"https:\/\/api.w.org\/{rel}","templated":true}]}}